{"id":41513,"date":"2025-02-07T11:13:33","date_gmt":"2025-02-07T10:13:33","guid":{"rendered":"https:\/\/www.superfashion.si\/?post_type=product&#038;p=41513"},"modified":"2025-11-12T15:33:31","modified_gmt":"2025-11-12T14:33:31","slug":"damen-pullover-36637-minze","status":"publish","type":"product","link":"https:\/\/www.superfashion.si\/de\/product\/zenski-pulover-36637-mint\/","title":{"rendered":"Damen Pullover 36637-Minze"},"content":{"rendered":"","protected":false},"excerpt":{"rendered":"<details >\n<summary>\u00dcBER DAS PRODUKT<\/summary>\n<div class=\"cg-accordion-item\">\n<p><strong>Damen Pullover <\/strong>36637<\/p>\n<ul>\n<li>Gestickte Inschrift<\/li>\n<li>Herkunft: Italien<\/li>\n<li>Breiter Pullover<\/li>\n<li>Material: 50% Viskose, 45% Polyester, 5% Elasthan<\/li>\n<li>Maschinenwaschbar bei 30 Grad<\/li>\n<\/ul>\n<p>Pulloverma\u00dfe:<\/p>\n<ul>\n<li>Achselweite: 60 cm<\/li>\n<li>Gesamtl\u00e4nge: 72 cm<\/li>\n<li>\u00c4rmell\u00e4nge ab Achsel: 45 cm<\/li>\n<\/ul>\n<ul>\n<li><strong>Die Gr\u00f6\u00dfe ist universell, geeignet f\u00fcr die Gr\u00f6\u00dfen S, M und L<\/strong><\/li>\n<\/ul>\n<\/div>\n<\/details>","protected":false},"featured_media":41519,"comment_status":"open","ping_status":"closed","template":"","meta":[],"product_brand":[474],"product_cat":[134,144,135],"product_tag":[279],"woo-feed-brand":[],"class_list":{"0":"post-41513","1":"product","2":"type-product","3":"status-publish","4":"has-post-thumbnail","6":"product_brand-superfashion","7":"product_cat-zenske","8":"product_cat-puloverji-in-jopice","9":"product_cat-zenska-oblacila","10":"product_tag-made-in-italy","11":"pa_color-mint","12":"pa_velikosti-uni","14":"first","15":"instock","16":"shipping-taxable","17":"purchasable","18":"product-type-variable"},"_links":{"self":[{"href":"https:\/\/www.superfashion.si\/de\/wp-json\/wp\/v2\/product\/41513","targetHints":{"allow":["GET"]}}],"collection":[{"href":"https:\/\/www.superfashion.si\/de\/wp-json\/wp\/v2\/product"}],"about":[{"href":"https:\/\/www.superfashion.si\/de\/wp-json\/wp\/v2\/types\/product"}],"replies":[{"embeddable":true,"href":"https:\/\/www.superfashion.si\/de\/wp-json\/wp\/v2\/comments?post=41513"}],"version-history":[{"count":0,"href":"https:\/\/www.superfashion.si\/de\/wp-json\/wp\/v2\/product\/41513\/revisions"}],"wp:featuredmedia":[{"embeddable":true,"href":"https:\/\/www.superfashion.si\/de\/wp-json\/wp\/v2\/media\/41519"}],"wp:attachment":[{"href":"https:\/\/www.superfashion.si\/de\/wp-json\/wp\/v2\/media?parent=41513"}],"wp:term":[{"taxonomy":"product_brand","embeddable":true,"href":"https:\/\/www.superfashion.si\/de\/wp-json\/wp\/v2\/product_brand?post=41513"},{"taxonomy":"product_cat","embeddable":true,"href":"https:\/\/www.superfashion.si\/de\/wp-json\/wp\/v2\/product_cat?post=41513"},{"taxonomy":"product_tag","embeddable":true,"href":"https:\/\/www.superfashion.si\/de\/wp-json\/wp\/v2\/product_tag?post=41513"},{"taxonomy":"woo-feed-brand","embeddable":true,"href":"https:\/\/www.superfashion.si\/de\/wp-json\/wp\/v2\/woo-feed-brand?post=41513"}],"curies":[{"name":"wp","href":"https:\/\/api.w.org\/{rel}","templated":true}]}}