{"id":41599,"date":"2025-02-07T15:14:22","date_gmt":"2025-02-07T14:14:22","guid":{"rendered":"https:\/\/www.superfashion.si\/?post_type=product&#038;p=41599"},"modified":"2026-04-28T17:38:56","modified_gmt":"2026-04-28T16:38:56","slug":"hemdblusenkleid-longbluse-it-16","status":"publish","type":"product","link":"https:\/\/www.superfashion.si\/de\/product\/srajcna-obleka-dolga-bluza-it-16\/","title":{"rendered":"Hemdblusenkleid \u2013 Longbluse It-16"},"content":{"rendered":"","protected":false},"excerpt":{"rendered":"<details >\n<summary>\u00dcBER DAS PRODUKT<\/summary>\n<div class=\"cg-accordion-item\">\n<p><strong>Hemdblusenkleid \u2013 Longbluse \u00a0<\/strong>IT-16<\/p>\n<ul>\n<li>Herkunft: Italien<\/li>\n<li>Erh\u00e4ltlich in modischen Farben<\/li>\n<li>Knopfverschluss und Bindeband in der Taille<\/li>\n<li>Material: 50% Polyester, 45% Viskose, 5% Elasthan<\/li>\n<li>Maschinenwaschbar bei 30 Grad<\/li>\n<\/ul>\n<p>Ma\u00dfe:<\/p>\n<ul>\n<li>Achselweite: 55 cm<\/li>\n<li>Gesamtl\u00e4nge: 98 cm<\/li>\n<li>\u00c4rmell\u00e4nge ab Achsel: 41 cm<\/li>\n<\/ul>\n<p><strong>Die Gr\u00f6\u00dfe ist universell, passend f\u00fcr die Gr\u00f6\u00dfen S, M und L.<\/strong><\/p>\n<\/div>\n<\/details>","protected":false},"featured_media":41636,"comment_status":"open","ping_status":"closed","template":"","meta":[],"product_brand":[474],"product_cat":[134,148,354,151,135],"product_tag":[279],"woo-feed-brand":[],"class_list":{"0":"post-41599","1":"product","2":"type-product","3":"status-publish","4":"has-post-thumbnail","6":"product_brand-superfashion","7":"product_cat-zenske","8":"product_cat-bluze-in-tunike","9":"product_cat-obleke","10":"product_cat-obleke-in-krila","11":"product_cat-zenska-oblacila","12":"product_tag-made-in-italy","13":"pa_color-bez","14":"pa_color-camel","15":"pa_color-crna","16":"pa_color-fuksija","17":"pa_color-lila","18":"pa_color-modra","19":"pa_color-rdeca","20":"pa_color-roza","21":"pa_color-temno-roza","22":"pa_color-turkiz","23":"pa_velikosti-uni","25":"first","26":"instock","27":"shipping-taxable","28":"purchasable","29":"product-type-variable"},"_links":{"self":[{"href":"https:\/\/www.superfashion.si\/de\/wp-json\/wp\/v2\/product\/41599","targetHints":{"allow":["GET"]}}],"collection":[{"href":"https:\/\/www.superfashion.si\/de\/wp-json\/wp\/v2\/product"}],"about":[{"href":"https:\/\/www.superfashion.si\/de\/wp-json\/wp\/v2\/types\/product"}],"replies":[{"embeddable":true,"href":"https:\/\/www.superfashion.si\/de\/wp-json\/wp\/v2\/comments?post=41599"}],"version-history":[{"count":0,"href":"https:\/\/www.superfashion.si\/de\/wp-json\/wp\/v2\/product\/41599\/revisions"}],"wp:featuredmedia":[{"embeddable":true,"href":"https:\/\/www.superfashion.si\/de\/wp-json\/wp\/v2\/media\/41636"}],"wp:attachment":[{"href":"https:\/\/www.superfashion.si\/de\/wp-json\/wp\/v2\/media?parent=41599"}],"wp:term":[{"taxonomy":"product_brand","embeddable":true,"href":"https:\/\/www.superfashion.si\/de\/wp-json\/wp\/v2\/product_brand?post=41599"},{"taxonomy":"product_cat","embeddable":true,"href":"https:\/\/www.superfashion.si\/de\/wp-json\/wp\/v2\/product_cat?post=41599"},{"taxonomy":"product_tag","embeddable":true,"href":"https:\/\/www.superfashion.si\/de\/wp-json\/wp\/v2\/product_tag?post=41599"},{"taxonomy":"woo-feed-brand","embeddable":true,"href":"https:\/\/www.superfashion.si\/de\/wp-json\/wp\/v2\/woo-feed-brand?post=41599"}],"curies":[{"name":"wp","href":"https:\/\/api.w.org\/{rel}","templated":true}]}}