{"id":42381,"date":"2025-05-16T10:41:36","date_gmt":"2025-05-16T09:41:36","guid":{"rendered":"https:\/\/www.superfashion.si\/?post_type=product&#038;p=42381"},"modified":"2026-02-03T12:40:53","modified_gmt":"2026-02-03T11:40:53","slug":"kurzarm-t-shirt-mit-aufdruck-8985","status":"publish","type":"product","link":"https:\/\/www.superfashion.si\/de\/product\/majica-kratek-rokav-s-potiskom-8985\/","title":{"rendered":"Kurzarm-T-Shirt mit Aufdruck 8985"},"content":{"rendered":"","protected":false},"excerpt":{"rendered":"<details >\n<summary>\u00dcBER DAS PRODUKT<\/summary>\n<div class=\"cg-accordion-item\">\n<p><strong>Damen Kurzarm T-Shirt mit Aufdruck 8985<\/strong><\/p>\n<ul>\n<li>Hergestellt in der T\u00fcrkei<\/li>\n<li>Farben: rosa, lila, hellblau, mintgr\u00fcn<\/li>\n<li>Achselbreite: 47 cm<\/li>\n<li>Gesamtl\u00e4nge: 62 cm<\/li>\n<li>Material: 90 % Baumwolle, 10 % Elasthan<\/li>\n<li>Waschen bei 30 Grad<\/li>\n<\/ul>\n<\/div>\n<\/details>\n<details >\n<summary>HILFE BEI DER GR\u00d6SSENAUSWAHL<\/summary>\n<div class=\"cg-accordion-item\">\n<p><strong>Die Gr\u00f6\u00dfe ist universell, geeignet f\u00fcr die Gr\u00f6\u00dfen XS, S, M und L<\/strong><\/p>\n<\/div>\n<\/details>","protected":false},"featured_media":42389,"comment_status":"open","ping_status":"closed","template":"","meta":[],"product_brand":[474],"product_cat":[134,147,353,135],"product_tag":[400],"woo-feed-brand":[],"class_list":{"0":"post-42381","1":"product","2":"type-product","3":"status-publish","4":"has-post-thumbnail","6":"product_brand-superfashion","7":"product_cat-zenske","8":"product_cat-majice-in-topi","9":"product_cat-majice-kratek-rokav","10":"product_cat-zenska-oblacila","11":"product_tag-kesi","12":"pa_color-lila","13":"pa_color-mint","14":"pa_color-roza","15":"pa_color-svetlo-modra","16":"pa_velikosti-uni","18":"first","19":"instock","20":"shipping-taxable","21":"purchasable","22":"product-type-variable"},"_links":{"self":[{"href":"https:\/\/www.superfashion.si\/de\/wp-json\/wp\/v2\/product\/42381","targetHints":{"allow":["GET"]}}],"collection":[{"href":"https:\/\/www.superfashion.si\/de\/wp-json\/wp\/v2\/product"}],"about":[{"href":"https:\/\/www.superfashion.si\/de\/wp-json\/wp\/v2\/types\/product"}],"replies":[{"embeddable":true,"href":"https:\/\/www.superfashion.si\/de\/wp-json\/wp\/v2\/comments?post=42381"}],"version-history":[{"count":0,"href":"https:\/\/www.superfashion.si\/de\/wp-json\/wp\/v2\/product\/42381\/revisions"}],"wp:featuredmedia":[{"embeddable":true,"href":"https:\/\/www.superfashion.si\/de\/wp-json\/wp\/v2\/media\/42389"}],"wp:attachment":[{"href":"https:\/\/www.superfashion.si\/de\/wp-json\/wp\/v2\/media?parent=42381"}],"wp:term":[{"taxonomy":"product_brand","embeddable":true,"href":"https:\/\/www.superfashion.si\/de\/wp-json\/wp\/v2\/product_brand?post=42381"},{"taxonomy":"product_cat","embeddable":true,"href":"https:\/\/www.superfashion.si\/de\/wp-json\/wp\/v2\/product_cat?post=42381"},{"taxonomy":"product_tag","embeddable":true,"href":"https:\/\/www.superfashion.si\/de\/wp-json\/wp\/v2\/product_tag?post=42381"},{"taxonomy":"woo-feed-brand","embeddable":true,"href":"https:\/\/www.superfashion.si\/de\/wp-json\/wp\/v2\/woo-feed-brand?post=42381"}],"curies":[{"name":"wp","href":"https:\/\/api.w.org\/{rel}","templated":true}]}}