{"id":42436,"date":"2025-05-16T13:56:38","date_gmt":"2025-05-16T12:56:38","guid":{"rendered":"https:\/\/www.superfashion.si\/?post_type=product&#038;p=42436"},"modified":"2025-11-12T15:25:16","modified_gmt":"2025-11-12T14:25:16","slug":"kleid-mit-taschen-und-kette-it-34","status":"publish","type":"product","link":"https:\/\/www.superfashion.si\/de\/product\/obleka-z-zepi-in-verizico-it-34\/","title":{"rendered":"Kleid mit Taschen und Kette IT-34"},"content":{"rendered":"","protected":false},"excerpt":{"rendered":"<details >\n<summary>\u00dcBER DAS PRODUKT<\/summary>\n<div class=\"cg-accordion-item\">\n<p><strong>Damenkleid mit Taschen und Kette IT-34<\/strong><\/p>\n<ul>\n<li>Herkunft: Italien<\/li>\n<li>Erh\u00e4ltlich in modischen Farben<\/li>\n<li>Kette enthalten<\/li>\n<li>Material: 50% Polyester, 45% Viskose, 5% Elasthan<\/li>\n<li>Maschinenwaschbar bei 30 Grad<\/li>\n<\/ul>\n<p>Ma\u00dfe:<\/p>\n<ul>\n<li>Achselbreite: 54 cm<\/li>\n<li>Gesamtl\u00e4nge: 100 cm<\/li>\n<li>Breite unten: 70 cm<\/li>\n<\/ul>\n<p><strong>Die Gr\u00f6\u00dfe ist universell, passend f\u00fcr die Gr\u00f6\u00dfen S, M und L.<\/strong><\/p>\n<\/div>\n<\/details>","protected":false},"featured_media":42452,"comment_status":"open","ping_status":"closed","template":"","meta":[],"product_brand":[474],"product_cat":[134,354,151,135],"product_tag":[400],"woo-feed-brand":[],"class_list":{"0":"post-42436","1":"product","2":"type-product","3":"status-publish","4":"has-post-thumbnail","6":"product_brand-superfashion","7":"product_cat-zenske","8":"product_cat-obleke","9":"product_cat-obleke-in-krila","10":"product_cat-zenska-oblacila","11":"product_tag-kesi","12":"pa_color-camel","13":"pa_color-crna","14":"pa_color-lila","15":"pa_color-modra","16":"pa_velikosti-uni","18":"first","19":"instock","20":"shipping-taxable","21":"purchasable","22":"product-type-variable"},"_links":{"self":[{"href":"https:\/\/www.superfashion.si\/de\/wp-json\/wp\/v2\/product\/42436","targetHints":{"allow":["GET"]}}],"collection":[{"href":"https:\/\/www.superfashion.si\/de\/wp-json\/wp\/v2\/product"}],"about":[{"href":"https:\/\/www.superfashion.si\/de\/wp-json\/wp\/v2\/types\/product"}],"replies":[{"embeddable":true,"href":"https:\/\/www.superfashion.si\/de\/wp-json\/wp\/v2\/comments?post=42436"}],"version-history":[{"count":0,"href":"https:\/\/www.superfashion.si\/de\/wp-json\/wp\/v2\/product\/42436\/revisions"}],"wp:featuredmedia":[{"embeddable":true,"href":"https:\/\/www.superfashion.si\/de\/wp-json\/wp\/v2\/media\/42452"}],"wp:attachment":[{"href":"https:\/\/www.superfashion.si\/de\/wp-json\/wp\/v2\/media?parent=42436"}],"wp:term":[{"taxonomy":"product_brand","embeddable":true,"href":"https:\/\/www.superfashion.si\/de\/wp-json\/wp\/v2\/product_brand?post=42436"},{"taxonomy":"product_cat","embeddable":true,"href":"https:\/\/www.superfashion.si\/de\/wp-json\/wp\/v2\/product_cat?post=42436"},{"taxonomy":"product_tag","embeddable":true,"href":"https:\/\/www.superfashion.si\/de\/wp-json\/wp\/v2\/product_tag?post=42436"},{"taxonomy":"woo-feed-brand","embeddable":true,"href":"https:\/\/www.superfashion.si\/de\/wp-json\/wp\/v2\/woo-feed-brand?post=42436"}],"curies":[{"name":"wp","href":"https:\/\/api.w.org\/{rel}","templated":true}]}}