{"id":42477,"date":"2025-05-16T14:30:05","date_gmt":"2025-05-16T13:30:05","guid":{"rendered":"https:\/\/www.superfashion.si\/?post_type=product&#038;p=42477"},"modified":"2025-11-12T15:24:16","modified_gmt":"2025-11-12T14:24:16","slug":"overall-mit-dekorativem-gurtel-5877","status":"publish","type":"product","link":"https:\/\/www.superfashion.si\/de\/product\/kombinezon-z-okrasnim-pasom-5877\/","title":{"rendered":"Overall mit dekorativem G\u00fcrtel 5877"},"content":{"rendered":"","protected":false},"excerpt":{"rendered":"<details >\n<summary>\u00dcBER DAS PRODUKT<\/summary>\n<div class=\"cg-accordion-item\">\n<p><strong>Sommer-Jumpsuit mit dekorativem G\u00fcrtel 5877<\/strong><\/p>\n<ul>\n<li>Herkunft: Italien<\/li>\n<li>Farben: Beige, Schwarz, Khaki. Fangobraun<\/li>\n<li>Inklusive G\u00fcrtel<\/li>\n<li>Material: 95% Polyester, 5% Elastan<\/li>\n<li>Maschinenwaschbar bei 30 Grad<\/li>\n<\/ul>\n<p>Ma\u00dfe:<\/p>\n<ul>\n<li>Achselbreite: 46 cm<\/li>\n<li>Taillenweite: 30 cm \/ gedehnt: 50 cm<\/li>\n<li>Gesamtl\u00e4nge: 140 cm<\/li>\n<li>Schrittl\u00e4nge: 72 cm<\/li>\n<li>Hosenbeinweite: 30 cm<\/li>\n<\/ul>\n<p><strong>Die Gr\u00f6\u00dfe ist universell, passend f\u00fcr die Gr\u00f6\u00dfen S, M und L.<\/strong><\/p>\n<\/div>\n<\/details>","protected":false},"featured_media":42486,"comment_status":"open","ping_status":"closed","template":"","meta":[],"product_brand":[474],"product_cat":[134,152,135],"product_tag":[400],"woo-feed-brand":[],"class_list":{"0":"post-42477","1":"product","2":"type-product","3":"status-publish","4":"has-post-thumbnail","6":"product_brand-superfashion","7":"product_cat-zenske","8":"product_cat-kombinezoni","9":"product_cat-zenska-oblacila","10":"product_tag-kesi","11":"pa_color-bez","12":"pa_color-crna","13":"pa_color-fango","14":"pa_color-khaki","15":"pa_sezona-poletje","16":"pa_sezona-pomlad","17":"pa_velikosti-uni","19":"first","20":"instock","21":"shipping-taxable","22":"purchasable","23":"product-type-variable"},"_links":{"self":[{"href":"https:\/\/www.superfashion.si\/de\/wp-json\/wp\/v2\/product\/42477","targetHints":{"allow":["GET"]}}],"collection":[{"href":"https:\/\/www.superfashion.si\/de\/wp-json\/wp\/v2\/product"}],"about":[{"href":"https:\/\/www.superfashion.si\/de\/wp-json\/wp\/v2\/types\/product"}],"replies":[{"embeddable":true,"href":"https:\/\/www.superfashion.si\/de\/wp-json\/wp\/v2\/comments?post=42477"}],"version-history":[{"count":0,"href":"https:\/\/www.superfashion.si\/de\/wp-json\/wp\/v2\/product\/42477\/revisions"}],"wp:featuredmedia":[{"embeddable":true,"href":"https:\/\/www.superfashion.si\/de\/wp-json\/wp\/v2\/media\/42486"}],"wp:attachment":[{"href":"https:\/\/www.superfashion.si\/de\/wp-json\/wp\/v2\/media?parent=42477"}],"wp:term":[{"taxonomy":"product_brand","embeddable":true,"href":"https:\/\/www.superfashion.si\/de\/wp-json\/wp\/v2\/product_brand?post=42477"},{"taxonomy":"product_cat","embeddable":true,"href":"https:\/\/www.superfashion.si\/de\/wp-json\/wp\/v2\/product_cat?post=42477"},{"taxonomy":"product_tag","embeddable":true,"href":"https:\/\/www.superfashion.si\/de\/wp-json\/wp\/v2\/product_tag?post=42477"},{"taxonomy":"woo-feed-brand","embeddable":true,"href":"https:\/\/www.superfashion.si\/de\/wp-json\/wp\/v2\/woo-feed-brand?post=42477"}],"curies":[{"name":"wp","href":"https:\/\/api.w.org\/{rel}","templated":true}]}}