{"id":42497,"date":"2025-05-16T15:10:23","date_gmt":"2025-05-16T14:10:23","guid":{"rendered":"https:\/\/www.superfashion.si\/?post_type=product&#038;p=42497"},"modified":"2026-04-06T07:55:06","modified_gmt":"2026-04-06T06:55:06","slug":"rock-und-t-shirt-set-10092","status":"publish","type":"product","link":"https:\/\/www.superfashion.si\/de\/product\/komplet-krilo-z-majico-10092\/","title":{"rendered":"Rock- und T-Shirt-Set 10092"},"content":{"rendered":"","protected":false},"excerpt":{"rendered":"<details >\n<summary>\u00dcBER DAS PRODUKT<\/summary>\n<div class=\"cg-accordion-item\">\n<p><strong>Rock- und T-Shirt-Set 10092<\/strong><\/p>\n<ul>\n<li>Herkunft: Italien<\/li>\n<li>Farben: Beige, Schwarz, Khaki, Fango<\/li>\n<li>T-Shirt mit dekorativer Schnalle<\/li>\n<li>Elastischer Rock mit Schlitz<\/li>\n<li>Material: 95% Polyester, 5% Elastan<\/li>\n<li>Maschinenwaschbar bei 30 Grad<\/li>\n<\/ul>\n<p>T-Shirt-Ma\u00dfe:<\/p>\n<ul>\n<li>Achselbreite: 45 cm<\/li>\n<li>Gesamtl\u00e4nge: 42 cm<\/li>\n<\/ul>\n<p>Rockma\u00dfe:<\/p>\n<ul>\n<li>Bundweite: 32 cm (gedehnt: 42 cm)<\/li>\n<li>H\u00fcftweite: 43 cm (gedehnt: 53 cm)<\/li>\n<li>Gesamtl\u00e4nge: 95 cm<\/li>\n<\/ul>\n<p><strong>Die Gr\u00f6\u00dfe ist universell, passend f\u00fcr die Gr\u00f6\u00dfen S, M und L.<\/strong><\/p>\n<\/div>\n<\/details>","protected":false},"featured_media":42501,"comment_status":"open","ping_status":"closed","template":"","meta":[],"product_brand":[474],"product_cat":[134,438,355,151,135],"product_tag":[400],"woo-feed-brand":[],"class_list":{"0":"post-42497","1":"product","2":"type-product","3":"status-publish","4":"has-post-thumbnail","6":"product_brand-superfashion","7":"product_cat-zenske","8":"product_cat-kompleti","9":"product_cat-krila","10":"product_cat-obleke-in-krila","11":"product_cat-zenska-oblacila","12":"product_tag-kesi","13":"pa_color-bez","14":"pa_color-crna","15":"pa_color-fango","16":"pa_color-khaki","17":"pa_sezona-poletje","18":"pa_sezona-pomlad","19":"pa_velikosti-uni","21":"first","22":"instock","23":"shipping-taxable","24":"purchasable","25":"product-type-variable"},"_links":{"self":[{"href":"https:\/\/www.superfashion.si\/de\/wp-json\/wp\/v2\/product\/42497","targetHints":{"allow":["GET"]}}],"collection":[{"href":"https:\/\/www.superfashion.si\/de\/wp-json\/wp\/v2\/product"}],"about":[{"href":"https:\/\/www.superfashion.si\/de\/wp-json\/wp\/v2\/types\/product"}],"replies":[{"embeddable":true,"href":"https:\/\/www.superfashion.si\/de\/wp-json\/wp\/v2\/comments?post=42497"}],"version-history":[{"count":0,"href":"https:\/\/www.superfashion.si\/de\/wp-json\/wp\/v2\/product\/42497\/revisions"}],"wp:featuredmedia":[{"embeddable":true,"href":"https:\/\/www.superfashion.si\/de\/wp-json\/wp\/v2\/media\/42501"}],"wp:attachment":[{"href":"https:\/\/www.superfashion.si\/de\/wp-json\/wp\/v2\/media?parent=42497"}],"wp:term":[{"taxonomy":"product_brand","embeddable":true,"href":"https:\/\/www.superfashion.si\/de\/wp-json\/wp\/v2\/product_brand?post=42497"},{"taxonomy":"product_cat","embeddable":true,"href":"https:\/\/www.superfashion.si\/de\/wp-json\/wp\/v2\/product_cat?post=42497"},{"taxonomy":"product_tag","embeddable":true,"href":"https:\/\/www.superfashion.si\/de\/wp-json\/wp\/v2\/product_tag?post=42497"},{"taxonomy":"woo-feed-brand","embeddable":true,"href":"https:\/\/www.superfashion.si\/de\/wp-json\/wp\/v2\/woo-feed-brand?post=42497"}],"curies":[{"name":"wp","href":"https:\/\/api.w.org\/{rel}","templated":true}]}}