{"id":42519,"date":"2025-05-16T16:01:15","date_gmt":"2025-05-16T15:01:15","guid":{"rendered":"https:\/\/www.superfashion.si\/?post_type=product&#038;p=42519"},"modified":"2025-12-31T15:37:06","modified_gmt":"2025-12-31T14:37:06","slug":"hosen-und-hemdset-6433","status":"publish","type":"product","link":"https:\/\/www.superfashion.si\/de\/product\/komplet-hlace-z-majico-6433\/","title":{"rendered":"Hosen- und Hemdset 6433"},"content":{"rendered":"","protected":false},"excerpt":{"rendered":"<details >\n<summary>\u00dcBER DAS PRODUKT<\/summary>\n<div class=\"cg-accordion-item\">\n<p><strong>Hosen- und Hemdset 6433<\/strong><\/p>\n<ul>\n<li>Herkunft: Italien<\/li>\n<li>Farben: Kamel, Schwarz, Khaki, Blau<\/li>\n<li>Kette enthalten<\/li>\n<li>Material: 95% Polyester, 5% Elastan<\/li>\n<li>Maschinenwaschbar bei 30 Grad<\/li>\n<\/ul>\n<p>T-Shirt-Ma\u00dfe:<\/p>\n<ul>\n<li>Achselweite: 60 cm<\/li>\n<li>Gesamtl\u00e4nge vorne: 65 cm \/ hinten: 71 cm<\/li>\n<\/ul>\n<p>Hosenma\u00dfe:<\/p>\n<ul>\n<li>Taillenweite: 29 cm (gedehnt: 49 cm)<\/li>\n<li>Gesamtl\u00e4nge: 100 cm<\/li>\n<li>Schrittl\u00e4nge: 65 cm<\/li>\n<li>Hosenbeinweite: 34 cm<\/li>\n<\/ul>\n<p><strong>Die Gr\u00f6\u00dfe ist universell, passend f\u00fcr die Gr\u00f6\u00dfen S, M und L.<\/strong><\/p>\n<\/div>\n<\/details>","protected":false},"featured_media":42526,"comment_status":"open","ping_status":"closed","template":"","meta":[],"product_brand":[474],"product_cat":[134,438,135],"product_tag":[400],"woo-feed-brand":[],"class_list":{"0":"post-42519","1":"product","2":"type-product","3":"status-publish","4":"has-post-thumbnail","6":"product_brand-superfashion","7":"product_cat-zenske","8":"product_cat-kompleti","9":"product_cat-zenska-oblacila","10":"product_tag-kesi","11":"pa_color-camel","12":"pa_color-crna","13":"pa_color-khaki","14":"pa_color-modra","15":"pa_sezona-poletje","16":"pa_sezona-pomlad","17":"pa_velikosti-uni","19":"first","20":"instock","21":"shipping-taxable","22":"purchasable","23":"product-type-variable"},"_links":{"self":[{"href":"https:\/\/www.superfashion.si\/de\/wp-json\/wp\/v2\/product\/42519","targetHints":{"allow":["GET"]}}],"collection":[{"href":"https:\/\/www.superfashion.si\/de\/wp-json\/wp\/v2\/product"}],"about":[{"href":"https:\/\/www.superfashion.si\/de\/wp-json\/wp\/v2\/types\/product"}],"replies":[{"embeddable":true,"href":"https:\/\/www.superfashion.si\/de\/wp-json\/wp\/v2\/comments?post=42519"}],"version-history":[{"count":0,"href":"https:\/\/www.superfashion.si\/de\/wp-json\/wp\/v2\/product\/42519\/revisions"}],"wp:featuredmedia":[{"embeddable":true,"href":"https:\/\/www.superfashion.si\/de\/wp-json\/wp\/v2\/media\/42526"}],"wp:attachment":[{"href":"https:\/\/www.superfashion.si\/de\/wp-json\/wp\/v2\/media?parent=42519"}],"wp:term":[{"taxonomy":"product_brand","embeddable":true,"href":"https:\/\/www.superfashion.si\/de\/wp-json\/wp\/v2\/product_brand?post=42519"},{"taxonomy":"product_cat","embeddable":true,"href":"https:\/\/www.superfashion.si\/de\/wp-json\/wp\/v2\/product_cat?post=42519"},{"taxonomy":"product_tag","embeddable":true,"href":"https:\/\/www.superfashion.si\/de\/wp-json\/wp\/v2\/product_tag?post=42519"},{"taxonomy":"woo-feed-brand","embeddable":true,"href":"https:\/\/www.superfashion.si\/de\/wp-json\/wp\/v2\/woo-feed-brand?post=42519"}],"curies":[{"name":"wp","href":"https:\/\/api.w.org\/{rel}","templated":true}]}}