{"id":42539,"date":"2025-05-16T16:40:18","date_gmt":"2025-05-16T15:40:18","guid":{"rendered":"https:\/\/www.superfashion.si\/?post_type=product&#038;p=42539"},"modified":"2026-05-11T11:11:14","modified_gmt":"2026-05-11T10:11:14","slug":"t-shirt-und-hosenset-10064","status":"publish","type":"product","link":"https:\/\/www.superfashion.si\/de\/product\/komplet-majice-in-hlac-10064\/","title":{"rendered":"T-Shirt- und Hosenset 10064"},"content":{"rendered":"","protected":false},"excerpt":{"rendered":"<details >\n<summary>\u00dcBER DAS PRODUKT<\/summary>\n<div class=\"cg-accordion-item\">\n<p><strong>Elegantes Hemd- und Hosenset 10064<\/strong><\/p>\n<ul>\n<li>Herkunft: Italien<\/li>\n<li>Farben: Beige, Schwarz, Khaki, Fango<\/li>\n<li>\u00c4rmelloses T-Shirt mit Seitenfalten<\/li>\n<li>Weite Hose mit elastischem Bund<\/li>\n<li>Leichtes, atmungsaktives Material, angenehm auf der Haut<\/li>\n<li>Material: 95% Polyester, 5% Elastan<\/li>\n<li>Maschinenwaschbar bei 30 Grad<\/li>\n<\/ul>\n<p>T-Shirt-Ma\u00dfe:<\/p>\n<ul>\n<li>Achselbreite: 46 cm<\/li>\n<li>Gesamtl\u00e4nge: 57 cm<\/li>\n<\/ul>\n<p>Hosenma\u00dfe:<\/p>\n<ul>\n<li>Bundweite: 31 cm (gedehnt: 54 cm)<\/li>\n<li>H\u00fcftweite: 54 cm<\/li>\n<li>Gesamtl\u00e4nge: 108 cm<\/li>\n<li>Schrittl\u00e4nge: 77 cm<\/li>\n<\/ul>\n<p><strong>Die Gr\u00f6\u00dfe ist universell, passend f\u00fcr die Gr\u00f6\u00dfen S, M und L.<\/strong><\/p>\n<\/div>\n<\/details>","protected":false},"featured_media":42546,"comment_status":"open","ping_status":"closed","template":"","meta":[],"product_brand":[474],"product_cat":[134,135,438],"product_tag":[279],"woo-feed-brand":[],"class_list":{"0":"post-42539","1":"product","2":"type-product","3":"status-publish","4":"has-post-thumbnail","6":"product_brand-superfashion","7":"product_cat-zenske","8":"product_cat-zenska-oblacila","9":"product_cat-kompleti","10":"product_tag-made-in-italy","11":"pa_color-bez","12":"pa_color-crna","13":"pa_color-khaki","14":"pa_color-fango","15":"pa_sezona-poletje","16":"pa_sezona-pomlad","17":"pa_velikosti-uni","19":"first","20":"instock","21":"shipping-taxable","22":"purchasable","23":"product-type-variable"},"_links":{"self":[{"href":"https:\/\/www.superfashion.si\/de\/wp-json\/wp\/v2\/product\/42539","targetHints":{"allow":["GET"]}}],"collection":[{"href":"https:\/\/www.superfashion.si\/de\/wp-json\/wp\/v2\/product"}],"about":[{"href":"https:\/\/www.superfashion.si\/de\/wp-json\/wp\/v2\/types\/product"}],"replies":[{"embeddable":true,"href":"https:\/\/www.superfashion.si\/de\/wp-json\/wp\/v2\/comments?post=42539"}],"version-history":[{"count":0,"href":"https:\/\/www.superfashion.si\/de\/wp-json\/wp\/v2\/product\/42539\/revisions"}],"wp:featuredmedia":[{"embeddable":true,"href":"https:\/\/www.superfashion.si\/de\/wp-json\/wp\/v2\/media\/42546"}],"wp:attachment":[{"href":"https:\/\/www.superfashion.si\/de\/wp-json\/wp\/v2\/media?parent=42539"}],"wp:term":[{"taxonomy":"product_brand","embeddable":true,"href":"https:\/\/www.superfashion.si\/de\/wp-json\/wp\/v2\/product_brand?post=42539"},{"taxonomy":"product_cat","embeddable":true,"href":"https:\/\/www.superfashion.si\/de\/wp-json\/wp\/v2\/product_cat?post=42539"},{"taxonomy":"product_tag","embeddable":true,"href":"https:\/\/www.superfashion.si\/de\/wp-json\/wp\/v2\/product_tag?post=42539"},{"taxonomy":"woo-feed-brand","embeddable":true,"href":"https:\/\/www.superfashion.si\/de\/wp-json\/wp\/v2\/woo-feed-brand?post=42539"}],"curies":[{"name":"wp","href":"https:\/\/api.w.org\/{rel}","templated":true}]}}