{"id":42620,"date":"2025-05-21T10:41:48","date_gmt":"2025-05-21T09:41:48","guid":{"rendered":"https:\/\/www.superfashion.si\/?post_type=product&#038;p=42620"},"modified":"2026-04-29T13:22:44","modified_gmt":"2026-04-29T12:22:44","slug":"jeans-caprihose-pc8375-1","status":"publish","type":"product","link":"https:\/\/www.superfashion.si\/de\/product\/jeans-kapri-hlace-pc8375-1\/","title":{"rendered":"Jeans Caprihose PC8375-1"},"content":{"rendered":"","protected":false},"excerpt":{"rendered":"<details >\n<summary>\u00dcBER DAS PRODUKT<\/summary>\n<div class=\"cg-accordion-item\">\n<p><strong>Jewelly Jeans Caprihose PC8375-1<\/strong><\/p>\n<ul>\n<li>Marke: Jewelly<\/li>\n<li>High Wide Leg Capri<\/li>\n<li>L\u00e4nge unter den Knien<\/li>\n<li>Hose mit weitem Bein<\/li>\n<li>Taillenh\u00f6he: hoch (29 cm)<\/li>\n<li>L\u00e4nge im Schritt: 46 cm<\/li>\n<li>Gesamtl\u00e4nge: 75 cm<\/li>\n<li>Material: 83,5% Baumwolle, 7% Polyester, 7% Lyocell, 2,5% Elasthan<\/li>\n<li>Maschinenwaschbar bei 30 Grad<\/li>\n<\/ul>\n<\/div>\n<\/details>\n<details >\n<summary>HILFE BEI DER GR\u00d6SSENAUSWAHL<\/summary>\n<div class=\"cg-accordion-item\">\n<p><strong>Die Gr\u00f6\u00dfen sind normal, daher raten wir Ihnen, die Gr\u00f6\u00dfe zu bestellen, die Sie normalerweise tragen.<\/strong><\/p>\n<\/div>\n<\/details>","protected":false},"featured_media":42628,"comment_status":"open","ping_status":"closed","template":"","meta":[],"product_brand":[430],"product_cat":[134,150,135],"product_tag":[376],"woo-feed-brand":[],"class_list":{"0":"post-42620","1":"product","2":"type-product","3":"status-publish","4":"has-post-thumbnail","6":"product_brand-jewelly","7":"product_cat-zenske","8":"product_cat-kratke-hlace","9":"product_cat-zenska-oblacila","10":"product_tag-jewelly","11":"pa_color-modra","12":"pa_velikosti-large","13":"pa_velikosti-medium","14":"pa_velikosti-small","15":"pa_velikosti-ekstra-large","17":"first","18":"instock","19":"shipping-taxable","20":"purchasable","21":"product-type-variable"},"_links":{"self":[{"href":"https:\/\/www.superfashion.si\/de\/wp-json\/wp\/v2\/product\/42620","targetHints":{"allow":["GET"]}}],"collection":[{"href":"https:\/\/www.superfashion.si\/de\/wp-json\/wp\/v2\/product"}],"about":[{"href":"https:\/\/www.superfashion.si\/de\/wp-json\/wp\/v2\/types\/product"}],"replies":[{"embeddable":true,"href":"https:\/\/www.superfashion.si\/de\/wp-json\/wp\/v2\/comments?post=42620"}],"version-history":[{"count":0,"href":"https:\/\/www.superfashion.si\/de\/wp-json\/wp\/v2\/product\/42620\/revisions"}],"wp:featuredmedia":[{"embeddable":true,"href":"https:\/\/www.superfashion.si\/de\/wp-json\/wp\/v2\/media\/42628"}],"wp:attachment":[{"href":"https:\/\/www.superfashion.si\/de\/wp-json\/wp\/v2\/media?parent=42620"}],"wp:term":[{"taxonomy":"product_brand","embeddable":true,"href":"https:\/\/www.superfashion.si\/de\/wp-json\/wp\/v2\/product_brand?post=42620"},{"taxonomy":"product_cat","embeddable":true,"href":"https:\/\/www.superfashion.si\/de\/wp-json\/wp\/v2\/product_cat?post=42620"},{"taxonomy":"product_tag","embeddable":true,"href":"https:\/\/www.superfashion.si\/de\/wp-json\/wp\/v2\/product_tag?post=42620"},{"taxonomy":"woo-feed-brand","embeddable":true,"href":"https:\/\/www.superfashion.si\/de\/wp-json\/wp\/v2\/woo-feed-brand?post=42620"}],"curies":[{"name":"wp","href":"https:\/\/api.w.org\/{rel}","templated":true}]}}