{"id":42814,"date":"2025-06-20T08:09:16","date_gmt":"2025-06-20T07:09:16","guid":{"rendered":"https:\/\/www.superfashion.si\/?post_type=product&#038;p=42814"},"modified":"2025-12-31T15:37:06","modified_gmt":"2025-12-31T14:37:06","slug":"damenhose-aus-viskose-mit-weitem-bein-81733","status":"publish","type":"product","link":"https:\/\/www.superfashion.si\/de\/product\/zenske-siroke-hlace-iz-viskoze-81733\/","title":{"rendered":"Damenhose aus Viskose mit weitem Bein 81733"},"content":{"rendered":"","protected":false},"excerpt":{"rendered":"<details >\n<summary>\u00dcBER DAS PRODUKT<\/summary>\n<div class=\"cg-accordion-item\">\n<p><b>Damenhose aus Viskose mit weitem Bein 81733<\/b><\/p>\n<ul>\n<li>Made in Italy<\/li>\n<li>Farben: Beige, Schwarz, Khaki, Schlammbraun (Fango)<\/li>\n<li>Elastischer Bund<\/li>\n<li>Dekorative Kordel an der Taille<\/li>\n<li>Hose mit weitem Bein<\/li>\n<li>Taillenweite: 31 cm (gedehnt: 49 cm)<\/li>\n<li>H\u00fcftweite: 74 cm<\/li>\n<li>Gesamtl\u00e4nge: 94 cm<\/li>\n<li>Schrittl\u00e4nge: 60 cm<\/li>\n<li>Untere Beinweite: 47 cm<\/li>\n<li>Material: 100 % Viskose<\/li>\n<li>Maschinenwaschbar bei 30 Grad<\/li>\n<\/ul>\n<\/div>\n<\/details>\n<details >\n<summary>HILFE BEI DER GR\u00d6SSENAUSWAHL<\/summary>\n<div class=\"cg-accordion-item\">\n<p><strong>Die Gr\u00f6\u00dfe ist universell, passend f\u00fcr die Gr\u00f6\u00dfen S, M, L und XL<\/strong><\/p>\n<\/div>\n<\/details>","protected":false},"featured_media":42815,"comment_status":"open","ping_status":"closed","template":"","meta":[],"product_brand":[474],"product_cat":[134,160,135],"product_tag":[279],"woo-feed-brand":[],"class_list":{"0":"post-42814","1":"product","2":"type-product","3":"status-publish","4":"has-post-thumbnail","6":"product_brand-superfashion","7":"product_cat-zenske","8":"product_cat-sportne-hlace-in-trenirke","9":"product_cat-zenska-oblacila","10":"product_tag-made-in-italy","11":"pa_color-bez","12":"pa_color-crna","13":"pa_color-fango","14":"pa_color-khaki","15":"pa_sezona-poletje","16":"pa_velikosti-uni","18":"first","19":"instock","20":"shipping-taxable","21":"purchasable","22":"product-type-variable"},"_links":{"self":[{"href":"https:\/\/www.superfashion.si\/de\/wp-json\/wp\/v2\/product\/42814","targetHints":{"allow":["GET"]}}],"collection":[{"href":"https:\/\/www.superfashion.si\/de\/wp-json\/wp\/v2\/product"}],"about":[{"href":"https:\/\/www.superfashion.si\/de\/wp-json\/wp\/v2\/types\/product"}],"replies":[{"embeddable":true,"href":"https:\/\/www.superfashion.si\/de\/wp-json\/wp\/v2\/comments?post=42814"}],"version-history":[{"count":0,"href":"https:\/\/www.superfashion.si\/de\/wp-json\/wp\/v2\/product\/42814\/revisions"}],"wp:featuredmedia":[{"embeddable":true,"href":"https:\/\/www.superfashion.si\/de\/wp-json\/wp\/v2\/media\/42815"}],"wp:attachment":[{"href":"https:\/\/www.superfashion.si\/de\/wp-json\/wp\/v2\/media?parent=42814"}],"wp:term":[{"taxonomy":"product_brand","embeddable":true,"href":"https:\/\/www.superfashion.si\/de\/wp-json\/wp\/v2\/product_brand?post=42814"},{"taxonomy":"product_cat","embeddable":true,"href":"https:\/\/www.superfashion.si\/de\/wp-json\/wp\/v2\/product_cat?post=42814"},{"taxonomy":"product_tag","embeddable":true,"href":"https:\/\/www.superfashion.si\/de\/wp-json\/wp\/v2\/product_tag?post=42814"},{"taxonomy":"woo-feed-brand","embeddable":true,"href":"https:\/\/www.superfashion.si\/de\/wp-json\/wp\/v2\/woo-feed-brand?post=42814"}],"curies":[{"name":"wp","href":"https:\/\/api.w.org\/{rel}","templated":true}]}}