{"id":44076,"date":"2025-09-04T11:54:03","date_gmt":"2025-09-04T10:54:03","guid":{"rendered":"https:\/\/www.superfashion.si\/?post_type=product&#038;p=44076"},"modified":"2026-05-05T06:53:04","modified_gmt":"2026-05-05T05:53:04","slug":"damen-wildlederjacke-1759","status":"publish","type":"product","link":"https:\/\/www.superfashion.si\/de\/product\/zenska-semis-jakna-1759\/","title":{"rendered":"Damen Wildlederjacke 1759"},"content":{"rendered":"","protected":false},"excerpt":{"rendered":"<details >\n<summary>\u00dcBER DAS PRODUKT<\/summary>\n<div class=\"cg-accordion-item\">\n<p><strong>Damen Wildlederjacke 1759<\/strong><\/p>\n<ul>\n<li style=\"list-style-type: none;\">\n<ul>\n<li>Marke: H.F.<\/li>\n<li>Farben: Cognacbraun, Fuchsia, Flieder, K\u00f6nigsblau, Marineblau<\/li>\n<li>Slim-Fit<\/li>\n<li>Reverskragen mit dekorativen silbernen Kn\u00f6pfen.<\/li>\n<li>Rei\u00dfverschluss<\/li>\n<li>2 Seitentaschen mit Rei\u00dfverschluss<\/li>\n<li>L\u00e4nge 52 cm, gemessen in Gr\u00f6\u00dfe S<\/li>\n<\/ul>\n<\/li>\n<\/ul>\n<p>Material: Wildleder Textilleder<\/p>\n<ul>\n<li>95 % Polyester, 5 % Elasthan<\/li>\n<\/ul>\n<p>Wartung:<\/p>\n<ul>\n<li>H\u00e4ndewaschen<\/li>\n<\/ul>\n<\/div>\n<\/details>\n<details >\n<summary>HILFE BEI DER GR\u00d6SSENAUSWAHL<\/summary>\n<div class=\"cg-accordion-item\">\n<p><strong>Da die Gr\u00f6\u00dfen etwas kleiner ausfallen, empfehlen wir Ihnen, eine Nummer gr\u00f6\u00dfer zu bestellen.<\/strong><\/p>\n<\/div>\n<\/details>","protected":false},"featured_media":44105,"comment_status":"open","ping_status":"closed","template":"","meta":[],"product_brand":[442],"product_cat":[134,143,135],"product_tag":[402],"woo-feed-brand":[],"class_list":{"0":"post-44076","1":"product","2":"type-product","3":"status-publish","4":"has-post-thumbnail","6":"product_brand-h-f","7":"product_cat-zenske","8":"product_cat-jakne-in-brezrokavniki","9":"product_cat-zenska-oblacila","10":"product_tag-h-f","11":"pa_color-fuksija","12":"pa_color-kraljevsko-modra","13":"pa_color-lila","14":"pa_color-mornarska","15":"pa_color-rjava","16":"pa_sezona-jesen","17":"pa_sezona-pomlad","18":"pa_velikosti-large","19":"pa_velikosti-medium","20":"pa_velikosti-small","21":"pa_velikosti-ekstra-large","22":"pa_vrsta-prehodno","24":"first","25":"instock","26":"shipping-taxable","27":"purchasable","28":"product-type-variable"},"_links":{"self":[{"href":"https:\/\/www.superfashion.si\/de\/wp-json\/wp\/v2\/product\/44076","targetHints":{"allow":["GET"]}}],"collection":[{"href":"https:\/\/www.superfashion.si\/de\/wp-json\/wp\/v2\/product"}],"about":[{"href":"https:\/\/www.superfashion.si\/de\/wp-json\/wp\/v2\/types\/product"}],"replies":[{"embeddable":true,"href":"https:\/\/www.superfashion.si\/de\/wp-json\/wp\/v2\/comments?post=44076"}],"version-history":[{"count":3,"href":"https:\/\/www.superfashion.si\/de\/wp-json\/wp\/v2\/product\/44076\/revisions"}],"predecessor-version":[{"id":53184,"href":"https:\/\/www.superfashion.si\/de\/wp-json\/wp\/v2\/product\/44076\/revisions\/53184"}],"wp:featuredmedia":[{"embeddable":true,"href":"https:\/\/www.superfashion.si\/de\/wp-json\/wp\/v2\/media\/44105"}],"wp:attachment":[{"href":"https:\/\/www.superfashion.si\/de\/wp-json\/wp\/v2\/media?parent=44076"}],"wp:term":[{"taxonomy":"product_brand","embeddable":true,"href":"https:\/\/www.superfashion.si\/de\/wp-json\/wp\/v2\/product_brand?post=44076"},{"taxonomy":"product_cat","embeddable":true,"href":"https:\/\/www.superfashion.si\/de\/wp-json\/wp\/v2\/product_cat?post=44076"},{"taxonomy":"product_tag","embeddable":true,"href":"https:\/\/www.superfashion.si\/de\/wp-json\/wp\/v2\/product_tag?post=44076"},{"taxonomy":"woo-feed-brand","embeddable":true,"href":"https:\/\/www.superfashion.si\/de\/wp-json\/wp\/v2\/woo-feed-brand?post=44076"}],"curies":[{"name":"wp","href":"https:\/\/api.w.org\/{rel}","templated":true}]}}