{"id":44115,"date":"2025-09-04T12:52:21","date_gmt":"2025-09-04T11:52:21","guid":{"rendered":"https:\/\/www.superfashion.si\/?post_type=product&#038;p=44115"},"modified":"2026-03-05T12:45:43","modified_gmt":"2026-03-05T11:45:43","slug":"lederjacke-c1176","status":"publish","type":"product","link":"https:\/\/www.superfashion.si\/de\/product\/usnjena-jakna-c1176\/","title":{"rendered":"Lederjacke C1176"},"content":{"rendered":"","protected":false},"excerpt":{"rendered":"<details >\n<summary>\u00dcBER DAS PRODUKT<\/summary>\n<div class=\"cg-accordion-item\">\n<p><strong>Damen Lederjacke C1176<\/strong><\/p>\n<ul>\n<li style=\"list-style-type: none;\">\n<ul>\n<li>Marke: H.F.<\/li>\n<li>Farbe: schwarz<\/li>\n<li>Rei\u00dfverschluss<\/li>\n<li>2 Seitentaschen mit Rei\u00dfverschluss<\/li>\n<\/ul>\n<\/li>\n<\/ul>\n<p>Material: Kunstleder<\/p>\n<ul>\n<li>Au\u00dfenseite: 100 % Polyurethan<\/li>\n<li>Grundstoff: 100 % Viskose<\/li>\n<li>Futter: 100 % Polyester<\/li>\n<\/ul>\n<p>Wartung:<\/p>\n<ul>\n<li>H\u00e4ndewaschen<\/li>\n<\/ul>\n<\/div>\n<\/details>\n<details >\n<summary>HILFE BEI DER GR\u00d6SSENAUSWAHL<\/summary>\n<div class=\"cg-accordion-item\">\n<p><strong>Da die Gr\u00f6\u00dfen etwas kleiner ausfallen, empfehlen wir Ihnen, eine Nummer gr\u00f6\u00dfer zu bestellen.<\/strong><\/p>\n<\/div>\n<\/details>","protected":false},"featured_media":44122,"comment_status":"open","ping_status":"closed","template":"","meta":[],"product_brand":[442],"product_cat":[134,143,135],"product_tag":[402],"woo-feed-brand":[],"class_list":{"0":"post-44115","1":"product","2":"type-product","3":"status-publish","4":"has-post-thumbnail","6":"product_brand-h-f","7":"product_cat-zenske","8":"product_cat-jakne-in-brezrokavniki","9":"product_cat-zenska-oblacila","10":"product_tag-h-f","11":"pa_color-crna","12":"pa_sezona-jesen","13":"pa_sezona-pomlad","14":"pa_velikosti-large","15":"pa_velikosti-medium","16":"pa_velikosti-small","17":"pa_velikosti-ekstra-large","19":"first","20":"instock","21":"featured","22":"shipping-taxable","23":"purchasable","24":"product-type-variable"},"_links":{"self":[{"href":"https:\/\/www.superfashion.si\/de\/wp-json\/wp\/v2\/product\/44115","targetHints":{"allow":["GET"]}}],"collection":[{"href":"https:\/\/www.superfashion.si\/de\/wp-json\/wp\/v2\/product"}],"about":[{"href":"https:\/\/www.superfashion.si\/de\/wp-json\/wp\/v2\/types\/product"}],"replies":[{"embeddable":true,"href":"https:\/\/www.superfashion.si\/de\/wp-json\/wp\/v2\/comments?post=44115"}],"version-history":[{"count":2,"href":"https:\/\/www.superfashion.si\/de\/wp-json\/wp\/v2\/product\/44115\/revisions"}],"predecessor-version":[{"id":53187,"href":"https:\/\/www.superfashion.si\/de\/wp-json\/wp\/v2\/product\/44115\/revisions\/53187"}],"wp:featuredmedia":[{"embeddable":true,"href":"https:\/\/www.superfashion.si\/de\/wp-json\/wp\/v2\/media\/44122"}],"wp:attachment":[{"href":"https:\/\/www.superfashion.si\/de\/wp-json\/wp\/v2\/media?parent=44115"}],"wp:term":[{"taxonomy":"product_brand","embeddable":true,"href":"https:\/\/www.superfashion.si\/de\/wp-json\/wp\/v2\/product_brand?post=44115"},{"taxonomy":"product_cat","embeddable":true,"href":"https:\/\/www.superfashion.si\/de\/wp-json\/wp\/v2\/product_cat?post=44115"},{"taxonomy":"product_tag","embeddable":true,"href":"https:\/\/www.superfashion.si\/de\/wp-json\/wp\/v2\/product_tag?post=44115"},{"taxonomy":"woo-feed-brand","embeddable":true,"href":"https:\/\/www.superfashion.si\/de\/wp-json\/wp\/v2\/woo-feed-brand?post=44115"}],"curies":[{"name":"wp","href":"https:\/\/api.w.org\/{rel}","templated":true}]}}