{"id":53246,"date":"2026-03-06T11:09:23","date_gmt":"2026-03-06T10:09:23","guid":{"rendered":"https:\/\/www.superfashion.si\/?post_type=product&#038;p=53246"},"modified":"2026-03-06T11:10:09","modified_gmt":"2026-03-06T10:10:09","slug":"jeansjacke-nina-carter-p613-6","status":"publish","type":"product","link":"https:\/\/www.superfashion.si\/de\/product\/jeans-jakna-nina-carter-p613-6\/","title":{"rendered":"Jeansjacke Nina Carter P613-6"},"content":{"rendered":"","protected":false},"excerpt":{"rendered":"<details >\n<summary>\u00dcBER DAS PRODUKT<\/summary>\n<div class=\"cg-accordion-item\">\n<p><strong>Damen Jeansjacke<\/strong> <strong>Nina Carter P613-6<\/strong><\/p>\n<ul>\n<li>Marke: Nina Carter<\/li>\n<li>Farbe: Hellblau<\/li>\n<li>Schnitt: Gerader Schnitt<\/li>\n<li>Sehr elastisch und weich<\/li>\n<li>Die Jackenl\u00e4nge in Gr\u00f6\u00dfe M betr\u00e4gt 50 cm.<\/li>\n<li>Material: 72 % Baumwolle, 24 % Polyester, 2 % Viskose, 2 % Elasthan<\/li>\n<li>Maschinenwaschbar bei 30 Grad<\/li>\n<\/ul>\n<\/div>\n<\/details>\n<details >\n<summary>HILFE BEI DER GR\u00d6SSENAUSWAHL<\/summary>\n<div class=\"cg-accordion-item\">\n<p>Das Model ist 169 cm gro\u00df und tr\u00e4gt Gr\u00f6\u00dfe S.<\/p>\n<p><strong>Die Gr\u00f6\u00dfen sind normal, daher raten wir Ihnen, die Gr\u00f6\u00dfe zu bestellen, die Sie normalerweise tragen.<\/strong><\/p>\n<\/div>\n<\/details>","protected":false},"featured_media":53277,"comment_status":"open","ping_status":"closed","template":"","meta":[],"product_brand":[429],"product_cat":[134,143,135],"product_tag":[331],"woo-feed-brand":[],"class_list":{"0":"post-53246","1":"product","2":"type-product","3":"status-publish","4":"has-post-thumbnail","6":"product_brand-nina-carter","7":"product_cat-zenske","8":"product_cat-jakne-in-brezrokavniki","9":"product_cat-zenska-oblacila","10":"product_tag-nina-carter","11":"pa_color-svetlo-modra","12":"pa_velikosti-large","13":"pa_velikosti-medium","14":"pa_velikosti-small","15":"pa_velikosti-ekstra-large","16":"pa_velikosti-extra-extra-large","18":"first","19":"instock","20":"shipping-taxable","21":"purchasable","22":"product-type-variable"},"_links":{"self":[{"href":"https:\/\/www.superfashion.si\/de\/wp-json\/wp\/v2\/product\/53246","targetHints":{"allow":["GET"]}}],"collection":[{"href":"https:\/\/www.superfashion.si\/de\/wp-json\/wp\/v2\/product"}],"about":[{"href":"https:\/\/www.superfashion.si\/de\/wp-json\/wp\/v2\/types\/product"}],"replies":[{"embeddable":true,"href":"https:\/\/www.superfashion.si\/de\/wp-json\/wp\/v2\/comments?post=53246"}],"version-history":[{"count":1,"href":"https:\/\/www.superfashion.si\/de\/wp-json\/wp\/v2\/product\/53246\/revisions"}],"predecessor-version":[{"id":53282,"href":"https:\/\/www.superfashion.si\/de\/wp-json\/wp\/v2\/product\/53246\/revisions\/53282"}],"wp:featuredmedia":[{"embeddable":true,"href":"https:\/\/www.superfashion.si\/de\/wp-json\/wp\/v2\/media\/53277"}],"wp:attachment":[{"href":"https:\/\/www.superfashion.si\/de\/wp-json\/wp\/v2\/media?parent=53246"}],"wp:term":[{"taxonomy":"product_brand","embeddable":true,"href":"https:\/\/www.superfashion.si\/de\/wp-json\/wp\/v2\/product_brand?post=53246"},{"taxonomy":"product_cat","embeddable":true,"href":"https:\/\/www.superfashion.si\/de\/wp-json\/wp\/v2\/product_cat?post=53246"},{"taxonomy":"product_tag","embeddable":true,"href":"https:\/\/www.superfashion.si\/de\/wp-json\/wp\/v2\/product_tag?post=53246"},{"taxonomy":"woo-feed-brand","embeddable":true,"href":"https:\/\/www.superfashion.si\/de\/wp-json\/wp\/v2\/woo-feed-brand?post=53246"}],"curies":[{"name":"wp","href":"https:\/\/api.w.org\/{rel}","templated":true}]}}