{"id":54417,"date":"2026-05-05T11:04:39","date_gmt":"2026-05-05T10:04:39","guid":{"rendered":"https:\/\/www.superfashion.si\/?post_type=product&#038;p=54417"},"modified":"2026-05-05T14:00:22","modified_gmt":"2026-05-05T13:00:22","slug":"sporthose-dance-8833-gerader-schnitt","status":"publish","type":"product","link":"https:\/\/www.superfashion.si\/de\/product\/sportne-hlace-dance-8833-raven-kroj\/","title":{"rendered":"Sporthose Dance 8833 , gerader Schnitt"},"content":{"rendered":"","protected":false},"excerpt":{"rendered":"<details >\n<summary>\u00dcBER DAS PRODUKT<\/summary>\n<div class=\"cg-accordion-item\">\n<p>Damen<strong> Sporthose Dance 8833<\/strong> Gerader Schnitt \u2013 leichte Baumwoll-Jogginghose<\/p>\n<p>Klassische Damen-Sporthose DANCE mit geradem Schnitt, die Komfort und schlichten Stil vereint.<\/p>\n<p>Sie bestehen aus leichtem und dehnbarem Material und eignen sich daher auch f\u00fcr die w\u00e4rmeren Monate.<\/p>\n<p>Das Modell 8833 hat ein gerades Beindesign ohne Patent, was f\u00fcr einen entspannten und klassischen Look sorgt.<\/p>\n<p>Der Bund verf\u00fcgt \u00fcber ein elastisches Band mit Kordelzug f\u00fcr eine optimale Passform.<\/p>\n<ul>\n<li>Marke: Dance<\/li>\n<li>Farbe: schwarz, blau, grau<\/li>\n<li>dehnbares Material<\/li>\n<li>Hose mit geradem Schnitt<\/li>\n<li>leichtes und komfortables Material<\/li>\n<li>Elastischer Bund mit Kordelzug<\/li>\n<li>ohne Taschen<\/li>\n<li>Material: 95% Baumwolle, 5% Elastan<\/li>\n<li>Pflegehinweis: Maschinenw\u00e4sche bei 30 Grad<\/li>\n<\/ul>\n<p>Erh\u00e4ltlich in den Gr\u00f6\u00dfen S\u2013XXL<\/p>\n<\/div>\n<\/details>\n<details >\n<summary>HILFE BEI DER GR\u00d6SSENAUSWAHL<\/summary>\n<div class=\"cg-accordion-item\">\n<p><strong>Die Gr\u00f6\u00dfen sind normal, daher raten wir Ihnen, die Gr\u00f6\u00dfe zu bestellen, die Sie normalerweise tragen.<\/strong><\/p>\n<\/div>\n<\/details>","protected":false},"featured_media":18949,"comment_status":"open","ping_status":"closed","template":"","meta":[],"product_brand":[439],"product_cat":[134,160,135],"product_tag":[337],"woo-feed-brand":[],"class_list":{"0":"post-54417","1":"product","2":"type-product","3":"status-publish","4":"has-post-thumbnail","6":"product_brand-dance","7":"product_cat-zenske","8":"product_cat-sportne-hlace-in-trenirke","9":"product_cat-zenska-oblacila","10":"product_tag-dance","11":"pa_color-crna","12":"pa_color-modra","13":"pa_color-siva","14":"pa_velikosti-large","15":"pa_velikosti-medium","16":"pa_velikosti-small","17":"pa_velikosti-ekstra-large","18":"pa_velikosti-extra-extra-large","20":"first","21":"instock","22":"shipping-taxable","23":"purchasable","24":"product-type-variable"},"_links":{"self":[{"href":"https:\/\/www.superfashion.si\/de\/wp-json\/wp\/v2\/product\/54417","targetHints":{"allow":["GET"]}}],"collection":[{"href":"https:\/\/www.superfashion.si\/de\/wp-json\/wp\/v2\/product"}],"about":[{"href":"https:\/\/www.superfashion.si\/de\/wp-json\/wp\/v2\/types\/product"}],"replies":[{"embeddable":true,"href":"https:\/\/www.superfashion.si\/de\/wp-json\/wp\/v2\/comments?post=54417"}],"version-history":[{"count":4,"href":"https:\/\/www.superfashion.si\/de\/wp-json\/wp\/v2\/product\/54417\/revisions"}],"predecessor-version":[{"id":54648,"href":"https:\/\/www.superfashion.si\/de\/wp-json\/wp\/v2\/product\/54417\/revisions\/54648"}],"wp:featuredmedia":[{"embeddable":true,"href":"https:\/\/www.superfashion.si\/de\/wp-json\/wp\/v2\/media\/18949"}],"wp:attachment":[{"href":"https:\/\/www.superfashion.si\/de\/wp-json\/wp\/v2\/media?parent=54417"}],"wp:term":[{"taxonomy":"product_brand","embeddable":true,"href":"https:\/\/www.superfashion.si\/de\/wp-json\/wp\/v2\/product_brand?post=54417"},{"taxonomy":"product_cat","embeddable":true,"href":"https:\/\/www.superfashion.si\/de\/wp-json\/wp\/v2\/product_cat?post=54417"},{"taxonomy":"product_tag","embeddable":true,"href":"https:\/\/www.superfashion.si\/de\/wp-json\/wp\/v2\/product_tag?post=54417"},{"taxonomy":"woo-feed-brand","embeddable":true,"href":"https:\/\/www.superfashion.si\/de\/wp-json\/wp\/v2\/woo-feed-brand?post=54417"}],"curies":[{"name":"wp","href":"https:\/\/api.w.org\/{rel}","templated":true}]}}