{"id":54537,"date":"2026-05-05T12:44:09","date_gmt":"2026-05-05T11:44:09","guid":{"rendered":"https:\/\/www.superfashion.si\/?post_type=product&#038;p=54537"},"modified":"2026-05-05T13:57:40","modified_gmt":"2026-05-05T12:57:40","slug":"sporthose-dance-8818","status":"publish","type":"product","link":"https:\/\/www.superfashion.si\/de\/product\/sportne-hlace-dance-8818\/","title":{"rendered":"Sporthose Dance 8818"},"content":{"rendered":"","protected":false},"excerpt":{"rendered":"<details >\n<summary>\u00dcBER DAS PRODUKT<\/summary>\n<div class=\"cg-accordion-item\">\n<p>Damen<strong> Sporthose Dance 8818<\/strong> \u2013 leichte Baumwoll-Jogginghose<\/p>\n<p>Das Modell 8818 verf\u00fcgt \u00fcber ein Patent am unteren Hosenbein, das f\u00fcr einen modischen Look und eine gute Passform sorgt.<\/p>\n<p>Im Bund ist ein Gummiband mit Kordelzug zur Anpassung eingen\u00e4ht.<\/p>\n<p>Die Hose hat keine Taschen, was ihr einen klaren und minimalistischen Look verleiht.<\/p>\n<p>Durch den d\u00fcnnen und atmungsaktiven Stoff sind sie auch f\u00fcr w\u00e4rmere Tage eine gute Wahl.<\/p>\n<ul>\n<li>Marke: Dance<\/li>\n<li>Farbe: schwarz, blau, grau<\/li>\n<li>geeignet f\u00fcr Sport und Freizeit<\/li>\n<li>dehnbares Material<\/li>\n<li>Patent auf die Hosenbeine<\/li>\n<li>leichtes und komfortables Material<\/li>\n<li>Elastischer Bund mit Kordelzug<\/li>\n<li>ohne Taschen<\/li>\n<li>Material: 95% Baumwolle, 5% Elastan<\/li>\n<li>Pflegehinweis: Maschinenw\u00e4sche bei 30 Grad<\/li>\n<\/ul>\n<p>Erh\u00e4ltlich in den Gr\u00f6\u00dfen S\u2013XXL<\/p>\n<\/div>\n<\/details>\n<details >\n<summary>HILFE BEI DER GR\u00d6SSENAUSWAHL<\/summary>\n<div class=\"cg-accordion-item\">\n<p><strong>Die Gr\u00f6\u00dfen sind normal, daher raten wir Ihnen, die Gr\u00f6\u00dfe zu bestellen, die Sie normalerweise tragen.<\/strong><\/p>\n<\/div>\n<\/details>","protected":false},"featured_media":18967,"comment_status":"open","ping_status":"closed","template":"","meta":[],"product_brand":[439],"product_cat":[134,160,135],"product_tag":[337],"woo-feed-brand":[],"class_list":{"0":"post-54537","1":"product","2":"type-product","3":"status-publish","4":"has-post-thumbnail","6":"product_brand-dance","7":"product_cat-zenske","8":"product_cat-sportne-hlace-in-trenirke","9":"product_cat-zenska-oblacila","10":"product_tag-dance","11":"pa_color-crna","12":"pa_color-modra","13":"pa_color-siva","14":"pa_velikosti-large","15":"pa_velikosti-medium","16":"pa_velikosti-small","17":"pa_velikosti-ekstra-large","18":"pa_velikosti-extra-extra-large","20":"first","21":"instock","22":"shipping-taxable","23":"purchasable","24":"product-type-variable"},"_links":{"self":[{"href":"https:\/\/www.superfashion.si\/de\/wp-json\/wp\/v2\/product\/54537","targetHints":{"allow":["GET"]}}],"collection":[{"href":"https:\/\/www.superfashion.si\/de\/wp-json\/wp\/v2\/product"}],"about":[{"href":"https:\/\/www.superfashion.si\/de\/wp-json\/wp\/v2\/types\/product"}],"replies":[{"embeddable":true,"href":"https:\/\/www.superfashion.si\/de\/wp-json\/wp\/v2\/comments?post=54537"}],"version-history":[{"count":1,"href":"https:\/\/www.superfashion.si\/de\/wp-json\/wp\/v2\/product\/54537\/revisions"}],"predecessor-version":[{"id":54645,"href":"https:\/\/www.superfashion.si\/de\/wp-json\/wp\/v2\/product\/54537\/revisions\/54645"}],"wp:featuredmedia":[{"embeddable":true,"href":"https:\/\/www.superfashion.si\/de\/wp-json\/wp\/v2\/media\/18967"}],"wp:attachment":[{"href":"https:\/\/www.superfashion.si\/de\/wp-json\/wp\/v2\/media?parent=54537"}],"wp:term":[{"taxonomy":"product_brand","embeddable":true,"href":"https:\/\/www.superfashion.si\/de\/wp-json\/wp\/v2\/product_brand?post=54537"},{"taxonomy":"product_cat","embeddable":true,"href":"https:\/\/www.superfashion.si\/de\/wp-json\/wp\/v2\/product_cat?post=54537"},{"taxonomy":"product_tag","embeddable":true,"href":"https:\/\/www.superfashion.si\/de\/wp-json\/wp\/v2\/product_tag?post=54537"},{"taxonomy":"woo-feed-brand","embeddable":true,"href":"https:\/\/www.superfashion.si\/de\/wp-json\/wp\/v2\/woo-feed-brand?post=54537"}],"curies":[{"name":"wp","href":"https:\/\/api.w.org\/{rel}","templated":true}]}}