{"id":54698,"date":"2026-05-08T09:43:21","date_gmt":"2026-05-08T08:43:21","guid":{"rendered":"https:\/\/www.superfashion.si\/?post_type=product&#038;p=54698"},"modified":"2026-05-08T09:53:27","modified_gmt":"2026-05-08T08:53:27","slug":"hosenanzug-mit-tunika-und-kette-1025a","status":"publish","type":"product","link":"https:\/\/www.superfashion.si\/de\/product\/komplet-hlac-s-tuniko-in-verizico-1025a\/","title":{"rendered":"Hosenanzug mit Tunika und Kette 1025A"},"content":{"rendered":"","protected":false},"excerpt":{"rendered":"<details >\n<summary>\u00dcBER DAS PRODUKT<\/summary>\n<div class=\"cg-accordion-item\">\n<p><strong>Hosenanzug mit Tunika und Kette<\/strong>, Das Set, bestehend aus einer weiten Tunika und einer Hose, ist elegant und verleiht jedem Look Charme und Stil.<\/p>\n<p>Eine weite Tunika verleiht subtile Weiblichkeit, betont die Figur und gew\u00e4hrleistet gleichzeitig Bewegungsfreiheit.<\/p>\n<p>Der klassische Schnitt der Hose passt perfekt zur eleganten Tunika und ergibt ein harmonisches und elegantes Gesamtbild.<\/p>\n<p>Eine Kette ist ein elegantes Accessoire, das die Einzigartigkeit und die Liebe zum Detail im Gesamtstil unterstreicht.<\/p>\n<p>Dieses italienische Set eignet sich perfekt f\u00fcr viele Anl\u00e4sse, von Gesch\u00e4ftstreffen bis hin zu romantischen Verabredungen. Die Gr\u00f6\u00dfe ist universell und passt Frauen mit Konfektionsgr\u00f6\u00dfe S, M oder L.<\/p>\n<p>Der Anh\u00e4nger kann von dem auf dem Foto gezeigten abweichen.<\/p>\n<ul>\n<li>Herkunft: Italien<\/li>\n<li>Farben: Fango, Camel, Flieder, Nude, Rot, Hellblau, Dunkelbeige<\/li>\n<li>Kette inklusive<\/li>\n<li>Leichtes, atmungsaktives Material, angenehm auf der Haut<\/li>\n<li>Material: 100% Polyester,<\/li>\n<li>Maschinenwaschbar bei 30 Grad<\/li>\n<\/ul>\n<p>Tunika-Ma\u00dfe:<\/p>\n<ul>\n<li>Achselbreite: 56 cm<\/li>\n<li>Gesamtl\u00e4nge: 81 cm<\/li>\n<li>Innen\u00e4rmell\u00e4nge: 39 cm<\/li>\n<li>Breite unten: 116 cm<\/li>\n<\/ul>\n<p>Hosenma\u00dfe:<\/p>\n<ul>\n<li>Bundweite: 34 cm (gedehnt: 54 cm)<\/li>\n<li>Gesamtl\u00e4nge: 103 cm<\/li>\n<li>Schrittl\u00e4nge: 72 cm<\/li>\n<\/ul>\n<p><strong>Die Gr\u00f6\u00dfe ist universell, passend f\u00fcr die Gr\u00f6\u00dfen S, M und L.<\/strong><\/p>\n<\/div>\n<\/details>\n<p>&nbsp;<\/p>\n<p>&nbsp;<\/p>","protected":false},"featured_media":54741,"comment_status":"open","ping_status":"closed","template":"","meta":[],"product_brand":[436],"product_cat":[134,438,135],"product_tag":[279],"woo-feed-brand":[],"class_list":{"0":"post-54698","1":"product","2":"type-product","3":"status-publish","4":"has-post-thumbnail","6":"product_brand-kesi","7":"product_cat-zenske","8":"product_cat-kompleti","9":"product_cat-zenska-oblacila","10":"product_tag-made-in-italy","11":"pa_color-camel","12":"pa_color-fango","13":"pa_color-lila","14":"pa_color-nude","15":"pa_color-rdeca","16":"pa_color-svetlo-modra","17":"pa_color-temno-bez","18":"pa_velikosti-uni","20":"first","21":"instock","22":"shipping-taxable","23":"purchasable","24":"product-type-variable"},"_links":{"self":[{"href":"https:\/\/www.superfashion.si\/de\/wp-json\/wp\/v2\/product\/54698","targetHints":{"allow":["GET"]}}],"collection":[{"href":"https:\/\/www.superfashion.si\/de\/wp-json\/wp\/v2\/product"}],"about":[{"href":"https:\/\/www.superfashion.si\/de\/wp-json\/wp\/v2\/types\/product"}],"replies":[{"embeddable":true,"href":"https:\/\/www.superfashion.si\/de\/wp-json\/wp\/v2\/comments?post=54698"}],"version-history":[{"count":3,"href":"https:\/\/www.superfashion.si\/de\/wp-json\/wp\/v2\/product\/54698\/revisions"}],"predecessor-version":[{"id":54862,"href":"https:\/\/www.superfashion.si\/de\/wp-json\/wp\/v2\/product\/54698\/revisions\/54862"}],"wp:featuredmedia":[{"embeddable":true,"href":"https:\/\/www.superfashion.si\/de\/wp-json\/wp\/v2\/media\/54741"}],"wp:attachment":[{"href":"https:\/\/www.superfashion.si\/de\/wp-json\/wp\/v2\/media?parent=54698"}],"wp:term":[{"taxonomy":"product_brand","embeddable":true,"href":"https:\/\/www.superfashion.si\/de\/wp-json\/wp\/v2\/product_brand?post=54698"},{"taxonomy":"product_cat","embeddable":true,"href":"https:\/\/www.superfashion.si\/de\/wp-json\/wp\/v2\/product_cat?post=54698"},{"taxonomy":"product_tag","embeddable":true,"href":"https:\/\/www.superfashion.si\/de\/wp-json\/wp\/v2\/product_tag?post=54698"},{"taxonomy":"woo-feed-brand","embeddable":true,"href":"https:\/\/www.superfashion.si\/de\/wp-json\/wp\/v2\/woo-feed-brand?post=54698"}],"curies":[{"name":"wp","href":"https:\/\/api.w.org\/{rel}","templated":true}]}}