{"id":9380,"date":"2022-04-17T10:34:11","date_gmt":"2022-04-17T08:34:11","guid":{"rendered":"https:\/\/www.superfashion.si\/?post_type=product&#038;p=9380"},"modified":"2025-10-27T22:13:43","modified_gmt":"2025-10-27T21:13:43","slug":"zenska-torbica-e8909-coffee","status":"publish","type":"product","link":"https:\/\/www.superfashion.si\/de\/product\/zenska-torbica-e8909-coffee\/","title":{"rendered":"Damentasche E8909-COFFEE"},"content":{"rendered":"","protected":false},"excerpt":{"rendered":"<p>Damentasche mit extra langem verstellbarem Schultergurt.<\/p>\n<p>Im Inneren der Tasche befinden sich eine kleine Seitentasche mit Rei\u00dfverschluss und eingen\u00e4htem Fach sowie zwei kleinere Taschen ohne Rei\u00dfverschluss.<\/p>\n<p>Zusammensetzung: 100% Polyurethan, Futter: 100% Polyester<\/p>\n<p>Gr\u00f6\u00dfe: 42\u00d727 cm<\/p>","protected":false},"featured_media":12010,"comment_status":"open","ping_status":"closed","template":"","meta":[],"product_brand":[],"product_cat":[178,182,211],"product_tag":[],"woo-feed-brand":[],"class_list":{"0":"post-9380","1":"product","2":"type-product","3":"status-publish","4":"has-post-thumbnail","6":"product_cat-modni-dodatki","7":"product_cat-torbice","8":"product_cat-zenske-torbice","10":"first","11":"instock","12":"shipping-taxable","13":"purchasable","14":"product-type-simple"},"_links":{"self":[{"href":"https:\/\/www.superfashion.si\/de\/wp-json\/wp\/v2\/product\/9380","targetHints":{"allow":["GET"]}}],"collection":[{"href":"https:\/\/www.superfashion.si\/de\/wp-json\/wp\/v2\/product"}],"about":[{"href":"https:\/\/www.superfashion.si\/de\/wp-json\/wp\/v2\/types\/product"}],"replies":[{"embeddable":true,"href":"https:\/\/www.superfashion.si\/de\/wp-json\/wp\/v2\/comments?post=9380"}],"version-history":[{"count":0,"href":"https:\/\/www.superfashion.si\/de\/wp-json\/wp\/v2\/product\/9380\/revisions"}],"wp:featuredmedia":[{"embeddable":true,"href":"https:\/\/www.superfashion.si\/de\/wp-json\/wp\/v2\/media\/12010"}],"wp:attachment":[{"href":"https:\/\/www.superfashion.si\/de\/wp-json\/wp\/v2\/media?parent=9380"}],"wp:term":[{"taxonomy":"product_brand","embeddable":true,"href":"https:\/\/www.superfashion.si\/de\/wp-json\/wp\/v2\/product_brand?post=9380"},{"taxonomy":"product_cat","embeddable":true,"href":"https:\/\/www.superfashion.si\/de\/wp-json\/wp\/v2\/product_cat?post=9380"},{"taxonomy":"product_tag","embeddable":true,"href":"https:\/\/www.superfashion.si\/de\/wp-json\/wp\/v2\/product_tag?post=9380"},{"taxonomy":"woo-feed-brand","embeddable":true,"href":"https:\/\/www.superfashion.si\/de\/wp-json\/wp\/v2\/woo-feed-brand?post=9380"}],"curies":[{"name":"wp","href":"https:\/\/api.w.org\/{rel}","templated":true}]}}