{"id":9431,"date":"2022-04-17T10:34:18","date_gmt":"2022-04-17T08:34:18","guid":{"rendered":"https:\/\/www.superfashion.si\/?post_type=product&#038;p=9431"},"modified":"2022-04-17T13:12:58","modified_gmt":"2022-04-17T11:12:58","slug":"vecerna-torbica-mq11673-black","status":"publish","type":"product","link":"https:\/\/www.superfashion.si\/de\/product\/vecerna-torbica-mq11673-black\/","title":{"rendered":"Abendtasche MQ11673-BLACK"},"content":{"rendered":"","protected":false},"excerpt":{"rendered":"<p>Eine schwarze Abendtasche mit langem Riemen.<\/p>\n<p>Im Inneren der Tasche befindet sich neben dem Hauptfach auch eine kleine Seitentasche.<\/p>\n<p>Gr\u00f6\u00dfe: 26,5\u00d715,5 cm<\/p>\n<p>Material: 100% Polyurethan<\/p>","protected":false},"featured_media":11946,"comment_status":"open","ping_status":"closed","template":"","meta":[],"product_brand":[],"product_cat":[178,182,212],"product_tag":[],"woo-feed-brand":[],"class_list":{"0":"post-9431","1":"product","2":"type-product","3":"status-publish","4":"has-post-thumbnail","6":"product_cat-modni-dodatki","7":"product_cat-torbice","8":"product_cat-vecerne-torbice","10":"first","11":"instock","12":"shipping-taxable","13":"purchasable","14":"product-type-simple"},"_links":{"self":[{"href":"https:\/\/www.superfashion.si\/de\/wp-json\/wp\/v2\/product\/9431","targetHints":{"allow":["GET"]}}],"collection":[{"href":"https:\/\/www.superfashion.si\/de\/wp-json\/wp\/v2\/product"}],"about":[{"href":"https:\/\/www.superfashion.si\/de\/wp-json\/wp\/v2\/types\/product"}],"replies":[{"embeddable":true,"href":"https:\/\/www.superfashion.si\/de\/wp-json\/wp\/v2\/comments?post=9431"}],"version-history":[{"count":0,"href":"https:\/\/www.superfashion.si\/de\/wp-json\/wp\/v2\/product\/9431\/revisions"}],"wp:featuredmedia":[{"embeddable":true,"href":"https:\/\/www.superfashion.si\/de\/wp-json\/wp\/v2\/media\/11946"}],"wp:attachment":[{"href":"https:\/\/www.superfashion.si\/de\/wp-json\/wp\/v2\/media?parent=9431"}],"wp:term":[{"taxonomy":"product_brand","embeddable":true,"href":"https:\/\/www.superfashion.si\/de\/wp-json\/wp\/v2\/product_brand?post=9431"},{"taxonomy":"product_cat","embeddable":true,"href":"https:\/\/www.superfashion.si\/de\/wp-json\/wp\/v2\/product_cat?post=9431"},{"taxonomy":"product_tag","embeddable":true,"href":"https:\/\/www.superfashion.si\/de\/wp-json\/wp\/v2\/product_tag?post=9431"},{"taxonomy":"woo-feed-brand","embeddable":true,"href":"https:\/\/www.superfashion.si\/de\/wp-json\/wp\/v2\/woo-feed-brand?post=9431"}],"curies":[{"name":"wp","href":"https:\/\/api.w.org\/{rel}","templated":true}]}}