{"id":9435,"date":"2022-04-17T10:34:19","date_gmt":"2022-04-17T08:34:19","guid":{"rendered":"https:\/\/www.superfashion.si\/?post_type=product&#038;p=9435"},"modified":"2022-04-23T23:16:23","modified_gmt":"2022-04-23T21:16:23","slug":"zenski-nedrcek-push-up-pu-357-cherry-blossom","status":"publish","type":"product","link":"https:\/\/www.superfashion.si\/de\/product\/zenski-nedrcek-push-up-pu-357-cherry-blossom\/","title":{"rendered":"Damen-BH PUSH UP-PU-357-CHERRY BLOSSOM"},"content":{"rendered":"","protected":false},"excerpt":{"rendered":"<details >\n<summary>\u00dcBER DAS PRODUKT<\/summary>\n<div class=\"cg-accordion-item\">\n<p><strong>Damen-BH PUSH UP<\/strong><\/p>\n<ul>\n<li><strong>Gurte und PUSH-UP-Pads sind abnehmbar.<\/strong><\/li>\n<li><strong>Korb C<\/strong><\/li>\n<\/ul>\n<p>Material:<\/p>\n<ul>\n<li>Material: 64% Polyester, 18% Elastan, 15% Polyamid, 3% Baumwolle<\/li>\n<\/ul>\n<\/div>\n<\/details>\n<details >\n<summary>HILFE BEI DER GR\u00d6SSENAUSWAHL<\/summary>\n<div class=\"cg-accordion-item\">\n<p><strong>Da die Gr\u00f6\u00dfen etwas kleiner ausfallen als normal, empfehlen wir Ihnen, eine Nummer gr\u00f6\u00dfer als Ihre normale Gr\u00f6\u00dfe zu bestellen.<\/strong><\/p>\n<\/div>\n<\/details>","protected":false},"featured_media":16264,"comment_status":"open","ping_status":"closed","template":"","meta":[],"product_brand":[],"product_cat":[134,225,154,135],"product_tag":[],"woo-feed-brand":[],"class_list":{"0":"post-9435","1":"product","2":"type-product","3":"status-publish","4":"has-post-thumbnail","6":"product_cat-zenske","7":"product_cat-nedrcki","8":"product_cat-perilo","9":"product_cat-zenska-oblacila","10":"pa_velikosti-70c","12":"first","13":"instock","14":"shipping-taxable","15":"purchasable","16":"product-type-variable"},"_links":{"self":[{"href":"https:\/\/www.superfashion.si\/de\/wp-json\/wp\/v2\/product\/9435","targetHints":{"allow":["GET"]}}],"collection":[{"href":"https:\/\/www.superfashion.si\/de\/wp-json\/wp\/v2\/product"}],"about":[{"href":"https:\/\/www.superfashion.si\/de\/wp-json\/wp\/v2\/types\/product"}],"replies":[{"embeddable":true,"href":"https:\/\/www.superfashion.si\/de\/wp-json\/wp\/v2\/comments?post=9435"}],"version-history":[{"count":0,"href":"https:\/\/www.superfashion.si\/de\/wp-json\/wp\/v2\/product\/9435\/revisions"}],"wp:featuredmedia":[{"embeddable":true,"href":"https:\/\/www.superfashion.si\/de\/wp-json\/wp\/v2\/media\/16264"}],"wp:attachment":[{"href":"https:\/\/www.superfashion.si\/de\/wp-json\/wp\/v2\/media?parent=9435"}],"wp:term":[{"taxonomy":"product_brand","embeddable":true,"href":"https:\/\/www.superfashion.si\/de\/wp-json\/wp\/v2\/product_brand?post=9435"},{"taxonomy":"product_cat","embeddable":true,"href":"https:\/\/www.superfashion.si\/de\/wp-json\/wp\/v2\/product_cat?post=9435"},{"taxonomy":"product_tag","embeddable":true,"href":"https:\/\/www.superfashion.si\/de\/wp-json\/wp\/v2\/product_tag?post=9435"},{"taxonomy":"woo-feed-brand","embeddable":true,"href":"https:\/\/www.superfashion.si\/de\/wp-json\/wp\/v2\/woo-feed-brand?post=9435"}],"curies":[{"name":"wp","href":"https:\/\/api.w.org\/{rel}","templated":true}]}}