{"id":9489,"date":"2022-04-17T10:34:26","date_gmt":"2022-04-17T08:34:26","guid":{"rendered":"https:\/\/www.superfashion.si\/?post_type=product&#038;p=9489"},"modified":"2025-10-27T22:13:29","modified_gmt":"2025-10-27T21:13:29","slug":"zenska-torbica-kj568-camel","status":"publish","type":"product","link":"https:\/\/www.superfashion.si\/de\/product\/zenska-torbica-kj568-camel\/","title":{"rendered":"Damentasche KJ568-CAMEL"},"content":{"rendered":"","protected":false},"excerpt":{"rendered":"<p>Damenhandtasche mit langem Riemen.<\/p>\n<p>Farbe: braun<\/p>\n<p>Zusammensetzung: 100% Polyurethan, Futter: 100% Polyester<\/p>\n<p>Gr\u00f6\u00dfe: 24\u00d728 cm<\/p>","protected":false},"featured_media":12021,"comment_status":"open","ping_status":"closed","template":"","meta":[],"product_brand":[],"product_cat":[178,182,211],"product_tag":[],"woo-feed-brand":[],"class_list":{"0":"post-9489","1":"product","2":"type-product","3":"status-publish","4":"has-post-thumbnail","6":"product_cat-modni-dodatki","7":"product_cat-torbice","8":"product_cat-zenske-torbice","10":"first","11":"instock","12":"shipping-taxable","13":"purchasable","14":"product-type-simple"},"_links":{"self":[{"href":"https:\/\/www.superfashion.si\/de\/wp-json\/wp\/v2\/product\/9489","targetHints":{"allow":["GET"]}}],"collection":[{"href":"https:\/\/www.superfashion.si\/de\/wp-json\/wp\/v2\/product"}],"about":[{"href":"https:\/\/www.superfashion.si\/de\/wp-json\/wp\/v2\/types\/product"}],"replies":[{"embeddable":true,"href":"https:\/\/www.superfashion.si\/de\/wp-json\/wp\/v2\/comments?post=9489"}],"version-history":[{"count":0,"href":"https:\/\/www.superfashion.si\/de\/wp-json\/wp\/v2\/product\/9489\/revisions"}],"wp:featuredmedia":[{"embeddable":true,"href":"https:\/\/www.superfashion.si\/de\/wp-json\/wp\/v2\/media\/12021"}],"wp:attachment":[{"href":"https:\/\/www.superfashion.si\/de\/wp-json\/wp\/v2\/media?parent=9489"}],"wp:term":[{"taxonomy":"product_brand","embeddable":true,"href":"https:\/\/www.superfashion.si\/de\/wp-json\/wp\/v2\/product_brand?post=9489"},{"taxonomy":"product_cat","embeddable":true,"href":"https:\/\/www.superfashion.si\/de\/wp-json\/wp\/v2\/product_cat?post=9489"},{"taxonomy":"product_tag","embeddable":true,"href":"https:\/\/www.superfashion.si\/de\/wp-json\/wp\/v2\/product_tag?post=9489"},{"taxonomy":"woo-feed-brand","embeddable":true,"href":"https:\/\/www.superfashion.si\/de\/wp-json\/wp\/v2\/woo-feed-brand?post=9489"}],"curies":[{"name":"wp","href":"https:\/\/api.w.org\/{rel}","templated":true}]}}