{"id":9550,"date":"2022-04-17T10:34:34","date_gmt":"2022-04-17T08:34:34","guid":{"rendered":"https:\/\/www.superfashion.si\/?post_type=product&#038;p=9550"},"modified":"2025-08-28T14:36:11","modified_gmt":"2025-08-28T13:36:11","slug":"zensko-krilo-fresh-made-d7429g50120-22000","status":"publish","type":"product","link":"https:\/\/www.superfashion.si\/de\/product\/zensko-krilo-fresh-made-d7429g50120-22000\/","title":{"rendered":"Damenrock FRESH MADE D7429G50120 22000"},"content":{"rendered":"","protected":false},"excerpt":{"rendered":"<details >\n<summary>\u00dcBER DAS PRODUKT<\/summary>\n<div class=\"cg-accordion-item\">\n<p><strong>Damen Rock<\/strong>\u00a0<strong>FRESH MADE<\/strong>\u00a0in wei\u00dfer Farbe mit Spitze um die Taille.<\/p>\n<ul>\n<li>Material: 100 % Viskose<\/li>\n<\/ul>\n<\/div>\n<\/details>\n<details >\n<summary>HILFE BEI DER GR\u00d6SSENAUSWAHL<\/summary>\n<div class=\"cg-accordion-item\">\n<p><strong>Die Gr\u00f6\u00dfen sind normal, daher raten wir Ihnen, die Gr\u00f6\u00dfe zu bestellen, die Sie normalerweise tragen.<\/strong><\/p>\n<\/div>\n<\/details>","protected":false},"featured_media":16862,"comment_status":"open","ping_status":"closed","template":"","meta":[],"product_brand":[],"product_cat":[134,355,151,399,135],"product_tag":[],"woo-feed-brand":[],"class_list":{"0":"post-9550","1":"product","2":"type-product","3":"status-publish","4":"has-post-thumbnail","6":"product_cat-zenske","7":"product_cat-krila","8":"product_cat-obleke-in-krila","9":"product_cat-razprodaja","10":"product_cat-zenska-oblacila","11":"pa_color-bela","12":"pa_velikosti-small","13":"pa_velikosti-extra-small","15":"first","16":"instock","17":"sale","18":"shipping-taxable","19":"purchasable","20":"product-type-variable"},"_links":{"self":[{"href":"https:\/\/www.superfashion.si\/de\/wp-json\/wp\/v2\/product\/9550","targetHints":{"allow":["GET"]}}],"collection":[{"href":"https:\/\/www.superfashion.si\/de\/wp-json\/wp\/v2\/product"}],"about":[{"href":"https:\/\/www.superfashion.si\/de\/wp-json\/wp\/v2\/types\/product"}],"replies":[{"embeddable":true,"href":"https:\/\/www.superfashion.si\/de\/wp-json\/wp\/v2\/comments?post=9550"}],"version-history":[{"count":0,"href":"https:\/\/www.superfashion.si\/de\/wp-json\/wp\/v2\/product\/9550\/revisions"}],"wp:featuredmedia":[{"embeddable":true,"href":"https:\/\/www.superfashion.si\/de\/wp-json\/wp\/v2\/media\/16862"}],"wp:attachment":[{"href":"https:\/\/www.superfashion.si\/de\/wp-json\/wp\/v2\/media?parent=9550"}],"wp:term":[{"taxonomy":"product_brand","embeddable":true,"href":"https:\/\/www.superfashion.si\/de\/wp-json\/wp\/v2\/product_brand?post=9550"},{"taxonomy":"product_cat","embeddable":true,"href":"https:\/\/www.superfashion.si\/de\/wp-json\/wp\/v2\/product_cat?post=9550"},{"taxonomy":"product_tag","embeddable":true,"href":"https:\/\/www.superfashion.si\/de\/wp-json\/wp\/v2\/product_tag?post=9550"},{"taxonomy":"woo-feed-brand","embeddable":true,"href":"https:\/\/www.superfashion.si\/de\/wp-json\/wp\/v2\/woo-feed-brand?post=9550"}],"curies":[{"name":"wp","href":"https:\/\/api.w.org\/{rel}","templated":true}]}}