{"id":9730,"date":"2022-04-17T10:35:00","date_gmt":"2022-04-17T08:35:00","guid":{"rendered":"https:\/\/www.superfashion.si\/?post_type=product&#038;p=9730"},"modified":"2022-04-17T12:25:50","modified_gmt":"2022-04-17T10:25:50","slug":"vecerna-torbica-sy527-gold","status":"publish","type":"product","link":"https:\/\/www.superfashion.si\/de\/product\/vecerna-torbica-sy527-gold\/","title":{"rendered":"Abendtasche SY527-GOLD"},"content":{"rendered":"","protected":false},"excerpt":{"rendered":"<p>Damen-Abendtasche mit langer Kette.<\/p>\n<p>Im Inneren der Tasche befindet sich neben dem Hauptfach auch eine kleine Seitentasche.<\/p>\n<p>Farbe: Champagner<\/p>\n<p>Gr\u00f6\u00dfe: 26\u00d711 cm<\/p>\n<p>Material: 100% Polyurethan<\/p>","protected":false},"featured_media":11953,"comment_status":"open","ping_status":"closed","template":"","meta":[],"product_brand":[],"product_cat":[178,182,212],"product_tag":[],"woo-feed-brand":[],"class_list":{"0":"post-9730","1":"product","2":"type-product","3":"status-publish","4":"has-post-thumbnail","6":"product_cat-modni-dodatki","7":"product_cat-torbice","8":"product_cat-vecerne-torbice","10":"first","11":"instock","12":"shipping-taxable","13":"purchasable","14":"product-type-simple"},"_links":{"self":[{"href":"https:\/\/www.superfashion.si\/de\/wp-json\/wp\/v2\/product\/9730","targetHints":{"allow":["GET"]}}],"collection":[{"href":"https:\/\/www.superfashion.si\/de\/wp-json\/wp\/v2\/product"}],"about":[{"href":"https:\/\/www.superfashion.si\/de\/wp-json\/wp\/v2\/types\/product"}],"replies":[{"embeddable":true,"href":"https:\/\/www.superfashion.si\/de\/wp-json\/wp\/v2\/comments?post=9730"}],"version-history":[{"count":0,"href":"https:\/\/www.superfashion.si\/de\/wp-json\/wp\/v2\/product\/9730\/revisions"}],"wp:featuredmedia":[{"embeddable":true,"href":"https:\/\/www.superfashion.si\/de\/wp-json\/wp\/v2\/media\/11953"}],"wp:attachment":[{"href":"https:\/\/www.superfashion.si\/de\/wp-json\/wp\/v2\/media?parent=9730"}],"wp:term":[{"taxonomy":"product_brand","embeddable":true,"href":"https:\/\/www.superfashion.si\/de\/wp-json\/wp\/v2\/product_brand?post=9730"},{"taxonomy":"product_cat","embeddable":true,"href":"https:\/\/www.superfashion.si\/de\/wp-json\/wp\/v2\/product_cat?post=9730"},{"taxonomy":"product_tag","embeddable":true,"href":"https:\/\/www.superfashion.si\/de\/wp-json\/wp\/v2\/product_tag?post=9730"},{"taxonomy":"woo-feed-brand","embeddable":true,"href":"https:\/\/www.superfashion.si\/de\/wp-json\/wp\/v2\/woo-feed-brand?post=9730"}],"curies":[{"name":"wp","href":"https:\/\/api.w.org\/{rel}","templated":true}]}}