{"id":9795,"date":"2022-04-17T10:35:15","date_gmt":"2022-04-17T08:35:15","guid":{"rendered":"https:\/\/www.superfashion.si\/?post_type=product&#038;p=9795"},"modified":"2024-05-09T18:41:05","modified_gmt":"2024-05-09T17:41:05","slug":"zenska-majica-tally-weijl-stscobanjo-hhaa","status":"publish","type":"product","link":"https:\/\/www.superfashion.si\/de\/product\/zenska-majica-tally-weijl-stscobanjo-hhaa\/","title":{"rendered":"Damen-T-Shirt TALLY WEIJL STSCOBANJO-HHAA"},"content":{"rendered":"","protected":false},"excerpt":{"rendered":"<details >\n<summary>\u00dcBER DAS PRODUKT<\/summary>\n<div class=\"cg-accordion-item\">\n<p>Modisches T-Shirt\/Top f\u00fcr Damen<\/p>\n<ul>\n<li>Material: 95% Baumwolle, 5% Elastan<\/li>\n<\/ul>\n<\/div>\n<\/details>\n<details >\n<summary>HILFE BEI DER GR\u00d6SSENAUSWAHL<\/summary>\n<div class=\"cg-accordion-item\">\n<p><strong>Die Gr\u00f6\u00dfen sind normal, daher raten wir Ihnen, die Gr\u00f6\u00dfe zu bestellen, die Sie normalerweise tragen.<\/strong><\/p>\n<\/div>\n<\/details>","protected":false},"featured_media":17923,"comment_status":"open","ping_status":"closed","template":"","meta":[],"product_brand":[],"product_cat":[134,352,147,399,135],"product_tag":[],"woo-feed-brand":[],"class_list":{"0":"post-9795","1":"product","2":"type-product","3":"status-publish","4":"has-post-thumbnail","6":"product_cat-zenske","7":"product_cat-majice-dolg-rokav","8":"product_cat-majice-in-topi","9":"product_cat-razprodaja","10":"product_cat-zenska-oblacila","11":"pa_color-crna","12":"pa_velikosti-medium","14":"first","15":"instock","16":"sale","17":"shipping-taxable","18":"purchasable","19":"product-type-variable"},"_links":{"self":[{"href":"https:\/\/www.superfashion.si\/de\/wp-json\/wp\/v2\/product\/9795","targetHints":{"allow":["GET"]}}],"collection":[{"href":"https:\/\/www.superfashion.si\/de\/wp-json\/wp\/v2\/product"}],"about":[{"href":"https:\/\/www.superfashion.si\/de\/wp-json\/wp\/v2\/types\/product"}],"replies":[{"embeddable":true,"href":"https:\/\/www.superfashion.si\/de\/wp-json\/wp\/v2\/comments?post=9795"}],"version-history":[{"count":0,"href":"https:\/\/www.superfashion.si\/de\/wp-json\/wp\/v2\/product\/9795\/revisions"}],"wp:featuredmedia":[{"embeddable":true,"href":"https:\/\/www.superfashion.si\/de\/wp-json\/wp\/v2\/media\/17923"}],"wp:attachment":[{"href":"https:\/\/www.superfashion.si\/de\/wp-json\/wp\/v2\/media?parent=9795"}],"wp:term":[{"taxonomy":"product_brand","embeddable":true,"href":"https:\/\/www.superfashion.si\/de\/wp-json\/wp\/v2\/product_brand?post=9795"},{"taxonomy":"product_cat","embeddable":true,"href":"https:\/\/www.superfashion.si\/de\/wp-json\/wp\/v2\/product_cat?post=9795"},{"taxonomy":"product_tag","embeddable":true,"href":"https:\/\/www.superfashion.si\/de\/wp-json\/wp\/v2\/product_tag?post=9795"},{"taxonomy":"woo-feed-brand","embeddable":true,"href":"https:\/\/www.superfashion.si\/de\/wp-json\/wp\/v2\/woo-feed-brand?post=9795"}],"curies":[{"name":"wp","href":"https:\/\/api.w.org\/{rel}","templated":true}]}}