{"id":9867,"date":"2022-04-17T10:35:25","date_gmt":"2022-04-17T08:35:25","guid":{"rendered":"https:\/\/www.superfashion.si\/?post_type=product&#038;p=9867"},"modified":"2025-08-28T14:26:00","modified_gmt":"2025-08-28T13:26:00","slug":"zenske-kratke-hlace-1951","status":"publish","type":"product","link":"https:\/\/www.superfashion.si\/de\/product\/zenske-kratke-hlace-1951\/","title":{"rendered":"Damenshorts 1951"},"content":{"rendered":"","protected":false},"excerpt":{"rendered":"<details >\n<summary>\u00dcBER DAS PRODUKT<\/summary>\n<div class=\"cg-accordion-item\">\n<p><strong>Jeansshorts f\u00fcr Damen.<\/strong><\/p>\n<ul>\n<li>Sehr elastisch.<\/li>\n<li>G\u00fcrtel: normal<\/li>\n<li>Material: 72% Baumwolle, 26% Polyester, 2% Elasthan<\/li>\n<\/ul>\n<\/div>\n<\/details>\n<details >\n<summary>HILFE BEI DER GR\u00d6SSENAUSWAHL<\/summary>\n<div class=\"cg-accordion-item\">\n<p><strong>Die Gr\u00f6\u00dfen sind normal, daher raten wir Ihnen, die Gr\u00f6\u00dfe zu bestellen, die Sie normalerweise tragen.<\/strong><\/p>\n<\/div>\n<\/details>","protected":false},"featured_media":17468,"comment_status":"open","ping_status":"closed","template":"","meta":[],"product_brand":[],"product_cat":[134,150,399,135],"product_tag":[],"woo-feed-brand":[],"class_list":{"0":"post-9867","1":"product","2":"type-product","3":"status-publish","4":"has-post-thumbnail","6":"product_cat-zenske","7":"product_cat-kratke-hlace","8":"product_cat-razprodaja","9":"product_cat-zenska-oblacila","10":"pa_color-modra","11":"pa_velikosti-3xl","12":"pa_velikosti-large","13":"pa_velikosti-medium","14":"pa_velikosti-small","15":"pa_velikosti-ekstra-large","16":"pa_velikosti-extra-extra-large","18":"first","19":"instock","20":"sale","21":"shipping-taxable","22":"product-type-variable"},"_links":{"self":[{"href":"https:\/\/www.superfashion.si\/de\/wp-json\/wp\/v2\/product\/9867","targetHints":{"allow":["GET"]}}],"collection":[{"href":"https:\/\/www.superfashion.si\/de\/wp-json\/wp\/v2\/product"}],"about":[{"href":"https:\/\/www.superfashion.si\/de\/wp-json\/wp\/v2\/types\/product"}],"replies":[{"embeddable":true,"href":"https:\/\/www.superfashion.si\/de\/wp-json\/wp\/v2\/comments?post=9867"}],"version-history":[{"count":0,"href":"https:\/\/www.superfashion.si\/de\/wp-json\/wp\/v2\/product\/9867\/revisions"}],"wp:featuredmedia":[{"embeddable":true,"href":"https:\/\/www.superfashion.si\/de\/wp-json\/wp\/v2\/media\/17468"}],"wp:attachment":[{"href":"https:\/\/www.superfashion.si\/de\/wp-json\/wp\/v2\/media?parent=9867"}],"wp:term":[{"taxonomy":"product_brand","embeddable":true,"href":"https:\/\/www.superfashion.si\/de\/wp-json\/wp\/v2\/product_brand?post=9867"},{"taxonomy":"product_cat","embeddable":true,"href":"https:\/\/www.superfashion.si\/de\/wp-json\/wp\/v2\/product_cat?post=9867"},{"taxonomy":"product_tag","embeddable":true,"href":"https:\/\/www.superfashion.si\/de\/wp-json\/wp\/v2\/product_tag?post=9867"},{"taxonomy":"woo-feed-brand","embeddable":true,"href":"https:\/\/www.superfashion.si\/de\/wp-json\/wp\/v2\/woo-feed-brand?post=9867"}],"curies":[{"name":"wp","href":"https:\/\/api.w.org\/{rel}","templated":true}]}}