{"id":44377,"date":"2025-09-25T12:41:55","date_gmt":"2025-09-25T11:41:55","guid":{"rendered":"https:\/\/www.superfashion.si\/?page_id=44377"},"modified":"2026-02-04T18:56:30","modified_gmt":"2026-02-04T17:56:30","slug":"zbiranje-mnenj","status":"publish","type":"page","link":"https:\/\/www.superfashion.si\/hr\/zbiranje-mnenj\/","title":{"rendered":"Kako prikupljamo ocjene i recenzije kupaca"},"content":{"rendered":"<div data-elementor-type=\"wp-page\" data-elementor-id=\"44377\" class=\"elementor elementor-44377\" data-elementor-post-type=\"page\">\n\t\t\t\t\t\t<section class=\"elementor-section elementor-top-section elementor-element elementor-element-6e463c9 elementor-section-boxed elementor-section-height-default elementor-section-height-default\" data-id=\"6e463c9\" data-element_type=\"section\" data-e-type=\"section\">\n\t\t\t\t\t\t<div class=\"elementor-container elementor-column-gap-default\">\n\t\t\t\t\t<div class=\"elementor-column elementor-col-100 elementor-top-column elementor-element elementor-element-c82f7ac\" data-id=\"c82f7ac\" data-element_type=\"column\" data-e-type=\"column\">\n\t\t\t<div class=\"elementor-widget-wrap elementor-element-populated\">\n\t\t\t\t\t\t<div class=\"elementor-element elementor-element-51a51d7 elementor-widget elementor-widget-text-editor\" data-id=\"51a51d7\" data-element_type=\"widget\" data-e-type=\"widget\" data-widget_type=\"text-editor.default\">\n\t\t\t\t<div class=\"elementor-widget-container\">\n\t\t\t\t\t\t\t\t\t<p class=\"cnt\"><strong>Kako prikupljamo recenzije i mi\u0161ljenja kupaca<\/strong><\/p><p data-start=\"590\" data-end=\"769\">Na web stranici Superfashion.si nije omogu\u0107eno izravno ostavljanje recenzija. Recenziju odnosno ocjenu pojedinog proizvoda mogu ostaviti isklju\u010divo kupci koji su taj proizvod stvarno naru\u010dili.<\/p><p data-start=\"771\" data-end=\"1187\">Nakon obavljene kupnje, kupac mo\u017ee na e-mail adresu koju je naveo prilikom narud\u017ebe primiti poruku s pozivom na ostavljanje recenzije kupljenog proizvoda. Slanje ovih poruka temelji se na legitimnom interesu voditelja obrade, budu\u0107i da je svrha prikupljanje povratnih informacija o kupljenim proizvodima i pobolj\u0161anje korisni\u010dkog iskustva. Kupac se u svakom trenutku mo\u017ee odjaviti od primanja takvih poruka.<\/p><p data-start=\"1189\" data-end=\"1659\">Kupac mo\u017ee ocijeniti proizvod s jednom (lo\u0161e) do pet (odli\u010dno) zvjezdica te dodati i pisanu recenziju. Prije objave recenzije, voditelj web stranice provjerava da sadr\u017eaj ne sadr\u017ei uvredljive, neprimjerene ili nerelevantne komentare. Objavljuju se i pozitivne i negativne recenzije. U slu\u010daju da komentar nije povezan s proizvodom ili ne pru\u017ea korisne informacije drugim korisnicima, voditelj zadr\u017eava pravo zatra\u017eiti dopunu ili ispravak, odnosno ukloniti takav sadr\u017eaj.<\/p><p data-start=\"1661\" data-end=\"1989\">Slanjem recenzije kupac pristaje da voditelj web stranice Superfashion.si mo\u017ee objaviti i koristiti recenziju u svrhu predstavljanja proizvoda i komunikacije s javno\u0161\u0107u, bez vremenskog ograni\u010denja. Autor recenzije jam\u010di da je nositelj autorskih prava za dostavljeni sadr\u017eaj te voditelju daje neisklju\u010divo pravo kori\u0161tenja.<\/p><p data-start=\"1991\" data-end=\"2129\">Recenzije nisu sponzorirane, na njih ne utje\u010de nikakav ugovorni odnos i temelje se isklju\u010divo na stvarnom korisni\u010dkom iskustvu.<\/p>\t\t\t\t\t\t\t\t<\/div>\n\t\t\t\t<\/div>\n\t\t\t\t\t<\/div>\n\t\t<\/div>\n\t\t\t\t\t<\/div>\n\t\t<\/section>\n\t\t\t\t<\/div>","protected":false},"excerpt":{"rendered":"<p>Kako zbiramo ocene in mnenja kupcev Na spletni strani Superfashion.si neposredna oddaja mnenj ni omogo\u010dena. Mnenje oziroma oceno za posamezen izdelek lahko oddajo izklju\u010dno kupci, ki so ta izdelek dejansko naro\u010dili. Po opravljenem nakupu lahko kupec na elektronski naslov, ki ga je navedel ob oddaji naro\u010dila, prejme e-po\u0161tno sporo\u010dilo s povabilom k oddaji mnenja o [&hellip;]<\/p>\n","protected":false},"author":1,"featured_media":0,"parent":0,"menu_order":0,"comment_status":"closed","ping_status":"closed","template":"","meta":{"footnotes":""},"class_list":["post-44377","page","type-page","status-publish","hentry"],"_links":{"self":[{"href":"https:\/\/www.superfashion.si\/hr\/wp-json\/wp\/v2\/pages\/44377","targetHints":{"allow":["GET"]}}],"collection":[{"href":"https:\/\/www.superfashion.si\/hr\/wp-json\/wp\/v2\/pages"}],"about":[{"href":"https:\/\/www.superfashion.si\/hr\/wp-json\/wp\/v2\/types\/page"}],"author":[{"embeddable":true,"href":"https:\/\/www.superfashion.si\/hr\/wp-json\/wp\/v2\/users\/1"}],"replies":[{"embeddable":true,"href":"https:\/\/www.superfashion.si\/hr\/wp-json\/wp\/v2\/comments?post=44377"}],"version-history":[{"count":3,"href":"https:\/\/www.superfashion.si\/hr\/wp-json\/wp\/v2\/pages\/44377\/revisions"}],"predecessor-version":[{"id":50725,"href":"https:\/\/www.superfashion.si\/hr\/wp-json\/wp\/v2\/pages\/44377\/revisions\/50725"}],"wp:attachment":[{"href":"https:\/\/www.superfashion.si\/hr\/wp-json\/wp\/v2\/media?parent=44377"}],"curies":[{"name":"radni list","href":"https:\/\/api.w.org\/{rel}","templated":true}]}}