{"id":7020,"date":"2022-02-18T17:58:15","date_gmt":"2022-02-18T15:58:15","guid":{"rendered":"https:\/\/www.superfashion.si\/?page_id=7020"},"modified":"2025-09-24T17:02:54","modified_gmt":"2025-09-24T16:02:54","slug":"dostava","status":"publish","type":"page","link":"https:\/\/www.superfashion.si\/hr\/dostava\/","title":{"rendered":"Dostava"},"content":{"rendered":"<div data-elementor-type=\"wp-page\" data-elementor-id=\"7020\" class=\"elementor elementor-7020\" data-elementor-post-type=\"page\">\n\t\t\t\t\t\t<section class=\"elementor-section elementor-top-section elementor-element elementor-element-2133857 elementor-section-boxed elementor-section-height-default elementor-section-height-default\" data-id=\"2133857\" data-element_type=\"section\" data-e-type=\"section\">\n\t\t\t\t\t\t<div class=\"elementor-container elementor-column-gap-default\">\n\t\t\t\t\t<div class=\"elementor-column elementor-col-100 elementor-top-column elementor-element elementor-element-617a839\" data-id=\"617a839\" data-element_type=\"column\" data-e-type=\"column\">\n\t\t\t<div class=\"elementor-widget-wrap elementor-element-populated\">\n\t\t\t\t\t\t<div class=\"elementor-element elementor-element-c1f8fc4 elementor-widget elementor-widget-heading\" data-id=\"c1f8fc4\" data-element_type=\"widget\" data-e-type=\"widget\" data-widget_type=\"heading.default\">\n\t\t\t\t<div class=\"elementor-widget-container\">\n\t\t\t\t\t<h2 class=\"elementor-heading-title elementor-size-default\">Tro\u0161kovi dostave<\/h2>\t\t\t\t<\/div>\n\t\t\t\t<\/div>\n\t\t\t\t\t<\/div>\n\t\t<\/div>\n\t\t\t\t\t<\/div>\n\t\t<\/section>\n\t\t\t\t<section class=\"elementor-section elementor-top-section elementor-element elementor-element-1cfedeb elementor-section-boxed elementor-section-height-default elementor-section-height-default\" data-id=\"1cfedeb\" data-element_type=\"section\" data-e-type=\"section\">\n\t\t\t\t\t\t<div class=\"elementor-container elementor-column-gap-default\">\n\t\t\t\t\t<div class=\"elementor-column elementor-col-100 elementor-top-column elementor-element elementor-element-67a9ee6\" data-id=\"67a9ee6\" data-element_type=\"column\" data-e-type=\"column\">\n\t\t\t<div class=\"elementor-widget-wrap elementor-element-populated\">\n\t\t\t\t\t\t<div class=\"elementor-element elementor-element-393b7c7 elementor-widget elementor-widget-text-editor\" data-id=\"393b7c7\" data-element_type=\"widget\" data-e-type=\"widget\" data-widget_type=\"text-editor.default\">\n\t\t\t\t<div class=\"elementor-widget-container\">\n\t\t\t\t\t\t\t\t\t<p>Narud\u017ebe se mogu izvr\u0161iti iz svih dr\u017eava \u010dlanica Europske unije. Dostava se vr\u0161i u svim dr\u017eavama \u010dlanicama EU, <strong data-start=\"232\" data-end=\"259\">s izuzetkom Malte i Cipra<\/strong>, gdje dostava trenutno nije mogu\u0107a.<\/p><p>Tro\u0161kovi dostave se obra\u010dunavaju prije izvr\u0161enja narud\u017ebe.<\/p><p>Za kupnje iznad odre\u0111ene vrijednosti, dostava je besplatna, a iznos ovisi o dr\u017eavi. Po\u0161tarina je jedinstvena bez obzira na broj naru\u010denih artikala i iznosi:<\/p><p><strong>Slovenija:<\/strong><\/p><ul><li><strong>Besplatna dostava iznad 60 \u20ac<\/strong><\/li><li><strong>Po\u0161ta Slovenije: 3,99 \u20ac (u slu\u010daju pla\u0107anja pouze\u0107em dodatno napla\u0107ujemo 1 \u20ac zbog tro\u0161kova otkupnine)<\/strong><\/li><li><strong>GLS dostava: 3,55\u20ac (u slu\u010daju pla\u0107anja pouze\u0107em napla\u0107ujemo dodatnih 1\u20ac zbog otkupnine)<\/strong><\/li><\/ul><p><strong>Hrvatska:<\/strong><\/p><ul><li><strong>Besplatna dostava iznad 60 \u20ac<\/strong><\/li><li><strong>GLS dostava: 5,20 \u20ac\u00a0<\/strong><strong>(u slu\u010daju pla\u0107anja pouze\u0107em dodatno napla\u0107ujemo 1\u20ac zbog tro\u0161kova otkupnine)<\/strong><\/li><\/ul><p><strong>Austrija:<\/strong><\/p><ul><li><strong>Besplatna dostava iznad 60 \u20ac<\/strong><\/li><li><strong>GLS dostava: 5,95 \u20ac<\/strong><\/li><\/ul><p><strong>Njema\u010dka:<\/strong><\/p><ul><li><strong>Besplatna dostava iznad 60 \u20ac<\/strong><\/li><li><strong>GLS dostava: 6,40 \u20ac<\/strong><\/li><\/ul><p><strong>Italija, Ma\u0111arska, \u010ce\u0161ka, Poljska, Rumunjska, Slova\u010dka:<\/strong><\/p><ul><li><strong>Besplatna dostava iznad 120 \u20ac<\/strong><\/li><li><strong>GLS dostava: 12,00 \u20ac<\/strong><\/li><\/ul><p><strong>Belgija, Bugarska, Danska, Luksemburg, Nizozemska:<\/strong><\/p><ul><li><strong>Besplatna dostava iznad 150 \u20ac<\/strong><\/li><li><strong>GLS dostava: 15,00 \u20ac<\/strong><\/li><\/ul><p><strong>Estonija, Francuska, Gr\u010dka, Litva, Latvija, Portugal, \u0160panjolska:<\/strong><\/p><ul><li><strong>Besplatna dostava iznad 180 \u20ac<\/strong><\/li><li><strong>GLS dostava: 20,00 \u20ac<\/strong><\/li><\/ul><p><strong>Finska, Irska, \u0160vedska:<\/strong><\/p><ul><li><strong>Besplatna dostava iznad 200 \u20ac<\/strong><\/li><li><strong>GLS dostava: 25,00 \u20ac<\/strong><\/li><\/ul><p>Tro\u0161ak dostave, koji se automatski pribraja iznosu va\u0161e narud\u017ebe i posebno je specificiran, uklju\u010duje tro\u0161kove po\u0161tarine, otkupnine i pakiranja te ostale administrativne tro\u0161kove.<\/p><p>Sve cijene uklju\u010duju primjenjivi porez na dodanu vrijednost.<\/p>\t\t\t\t\t\t\t\t<\/div>\n\t\t\t\t<\/div>\n\t\t\t\t\t<\/div>\n\t\t<\/div>\n\t\t\t\t\t<\/div>\n\t\t<\/section>\n\t\t\t\t<section class=\"elementor-section elementor-top-section elementor-element elementor-element-fd9fac9 elementor-section-boxed elementor-section-height-default elementor-section-height-default\" data-id=\"fd9fac9\" data-element_type=\"section\" data-e-type=\"section\">\n\t\t\t\t\t\t<div class=\"elementor-container elementor-column-gap-default\">\n\t\t\t\t\t<div class=\"elementor-column elementor-col-100 elementor-top-column elementor-element elementor-element-f5cbc3f\" data-id=\"f5cbc3f\" data-element_type=\"column\" data-e-type=\"column\">\n\t\t\t<div class=\"elementor-widget-wrap elementor-element-populated\">\n\t\t\t\t\t\t<div class=\"elementor-element elementor-element-4a16352 elementor-widget elementor-widget-heading\" data-id=\"4a16352\" data-element_type=\"widget\" data-e-type=\"widget\" data-widget_type=\"heading.default\">\n\t\t\t\t<div class=\"elementor-widget-container\">\n\t\t\t\t\t<h2 class=\"elementor-heading-title elementor-size-large\">Rokovi isporuke<\/h2>\t\t\t\t<\/div>\n\t\t\t\t<\/div>\n\t\t\t\t\t<\/div>\n\t\t<\/div>\n\t\t\t\t\t<\/div>\n\t\t<\/section>\n\t\t\t\t<section class=\"elementor-section elementor-top-section elementor-element elementor-element-c03374c elementor-section-boxed elementor-section-height-default elementor-section-height-default\" data-id=\"c03374c\" data-element_type=\"section\" data-e-type=\"section\">\n\t\t\t\t\t\t<div class=\"elementor-container elementor-column-gap-default\">\n\t\t\t\t\t<div class=\"elementor-column elementor-col-100 elementor-top-column elementor-element elementor-element-0912e70\" data-id=\"0912e70\" data-element_type=\"column\" data-e-type=\"column\">\n\t\t\t<div class=\"elementor-widget-wrap elementor-element-populated\">\n\t\t\t\t\t\t<div class=\"elementor-element elementor-element-8cc6593 elementor-widget elementor-widget-text-editor\" data-id=\"8cc6593\" data-element_type=\"widget\" data-e-type=\"widget\" data-widget_type=\"text-editor.default\">\n\t\t\t\t<div class=\"elementor-widget-container\">\n\t\t\t\t\t\t\t\t\t<p>U internetskoj trgovini www.superfashion.si nastojimo osigurati \u0161to br\u017eu isporuku naru\u010dene robe. Primljene narud\u017ebe bit \u0107e poslane unutar 24 sata, osim vikenda i praznika.<\/p><p>U slu\u010daju da ste mo\u017eda naru\u010dili robu koju iz nepredvidivih razloga ne mo\u017eemo isporu\u010diti u obe\u0107anom roku, obavijestit \u0107emo vas o novom vremenu isporuke putem navedenih kontaknih podataka.<\/p><p>Dostava se vr\u0161i u suradnji s dostavnom slu\u017ebom Po\u0161ta Slovenije i GLS (ovisno o zemlji primatelja). Obi\u010dno se radnim danom naru\u010dena roba isporu\u010duje na adresu primatelja unutar dan-dva od dostave robe (dakle, ako robu po\u0161aljemo danas, dostavna slu\u017eba bi je trebala isporu\u010diti ve\u0107 sutra, u nekim slu\u010dajevima dan poslijesutra). Dostava za podru\u010dje ostalih zemalja (Hrvatska, Austrija, Njema\u010dka, Italija, Ma\u0111arska) traje malo du\u017ee zbog udaljenosti.\u00a0\u00a0<\/p><p>Rokovi isporuke:\u00a0<\/p><p>Slovenija: 1 \u2013 2 dana<\/p><p>Ostale zemlje: 3 \u2013 5 dana<\/p><p><span style=\"font-family: var(--wp--preset--font-family--primary);\">\u00a0Prema na\u0161em dosada\u0161njem iskustvu, od dana kada kupac izvr\u0161i narud\u017ebu u internetskoj trgovini Superfashion.si do dana stvarnog zaprimanja robe, obi\u010dno pro\u0111e 2 do 5 radnih dana. Tijekom praznika i vikenda, rok isporuke se produ\u017euje za slobodne dane.\u00a0<\/span><\/p><p>Prilikom otpreme po\u0161iljke dobit \u0107ete obavijest da su artikli predani dostavnoj slu\u017ebi.<\/p><p>\u00a0Dostava se vr\u0161i na adresu koju ste naveli prilikom narud\u017ebe. Dostava se uglavnom vr\u0161i u jutarnjim satima, stoga je preporu\u010dljivo da navedete adresu dostave na kojoj ste dostupni u jutarnjim satima. Paket mogu dostaviti i na radno mjesto.<\/p><p>Ukoliko dostava nije bila uspje\u0161na ili ste bili odsutni u trenutku dostave, dostavna slu\u017eba Vam ostavlja obavijest.<\/p>\t\t\t\t\t\t\t\t<\/div>\n\t\t\t\t<\/div>\n\t\t\t\t\t<\/div>\n\t\t<\/div>\n\t\t\t\t\t<\/div>\n\t\t<\/section>\n\t\t\t\t<\/div>","protected":false},"excerpt":{"rendered":"<p>Stro\u0161ki po\u0161iljanja Naro\u010dila je mogo\u010de oddati iz vseh dr\u017eav \u010dlanic Evropske unije. Dostava se izvaja na obmo\u010dju vseh dr\u017eav \u010dlanic EU, z izjemo Malte in Cipra, kjer dostava trenutno ni mo\u017ena. Stro\u0161ki dostave se obra\u010dunajo pred zaklju\u010dkom naro\u010dila. Pri nakupu nad dolo\u010deno vrednostjo je dostava brezpla\u010dna, pri \u010demer je znesek odvisen od dr\u017eave. Po\u0161tnina je [&hellip;]<\/p>\n","protected":false},"author":1,"featured_media":0,"parent":0,"menu_order":0,"comment_status":"closed","ping_status":"closed","template":"","meta":{"footnotes":""},"class_list":["post-7020","page","type-page","status-publish","hentry"],"_links":{"self":[{"href":"https:\/\/www.superfashion.si\/hr\/wp-json\/wp\/v2\/pages\/7020","targetHints":{"allow":["GET"]}}],"collection":[{"href":"https:\/\/www.superfashion.si\/hr\/wp-json\/wp\/v2\/pages"}],"about":[{"href":"https:\/\/www.superfashion.si\/hr\/wp-json\/wp\/v2\/types\/page"}],"author":[{"embeddable":true,"href":"https:\/\/www.superfashion.si\/hr\/wp-json\/wp\/v2\/users\/1"}],"replies":[{"embeddable":true,"href":"https:\/\/www.superfashion.si\/hr\/wp-json\/wp\/v2\/comments?post=7020"}],"version-history":[{"count":0,"href":"https:\/\/www.superfashion.si\/hr\/wp-json\/wp\/v2\/pages\/7020\/revisions"}],"wp:attachment":[{"href":"https:\/\/www.superfashion.si\/hr\/wp-json\/wp\/v2\/media?parent=7020"}],"curies":[{"name":"radni list","href":"https:\/\/api.w.org\/{rel}","templated":true}]}}