{"id":7027,"date":"2022-02-18T18:03:08","date_gmt":"2022-02-18T16:03:08","guid":{"rendered":"https:\/\/www.superfashion.si\/?page_id=7027"},"modified":"2025-09-11T20:14:38","modified_gmt":"2025-09-11T19:14:38","slug":"vracilo-ali-menjava","status":"publish","type":"page","link":"https:\/\/www.superfashion.si\/hr\/vracilo-ali-menjava\/","title":{"rendered":"Povrat ili zamjena"},"content":{"rendered":"<div data-elementor-type=\"wp-page\" data-elementor-id=\"7027\" class=\"elementor elementor-7027\" data-elementor-post-type=\"page\">\n\t\t\t\t\t\t<section class=\"elementor-section elementor-top-section elementor-element elementor-element-4724e8e elementor-section-boxed elementor-section-height-default elementor-section-height-default\" data-id=\"4724e8e\" data-element_type=\"section\" data-e-type=\"section\">\n\t\t\t\t\t\t<div class=\"elementor-container elementor-column-gap-default\">\n\t\t\t\t\t<div class=\"elementor-column elementor-col-100 elementor-top-column elementor-element elementor-element-25328fc\" data-id=\"25328fc\" data-element_type=\"column\" data-e-type=\"column\">\n\t\t\t<div class=\"elementor-widget-wrap elementor-element-populated\">\n\t\t\t\t\t\t<div class=\"elementor-element elementor-element-f40b4ae elementor-widget elementor-widget-heading\" data-id=\"f40b4ae\" data-element_type=\"widget\" data-e-type=\"widget\" data-widget_type=\"heading.default\">\n\t\t\t\t<div class=\"elementor-widget-container\">\n\t\t\t\t\t<h2 class=\"elementor-heading-title elementor-size-default\">Povrat ili zamjena robe<\/h2>\t\t\t\t<\/div>\n\t\t\t\t<\/div>\n\t\t\t\t\t<\/div>\n\t\t<\/div>\n\t\t\t\t\t<\/div>\n\t\t<\/section>\n\t\t\t\t<section class=\"elementor-section elementor-top-section elementor-element elementor-element-304089c elementor-section-boxed elementor-section-height-default elementor-section-height-default\" data-id=\"304089c\" data-element_type=\"section\" data-e-type=\"section\">\n\t\t\t\t\t\t<div class=\"elementor-container elementor-column-gap-default\">\n\t\t\t\t\t<div class=\"elementor-column elementor-col-100 elementor-top-column elementor-element elementor-element-73c3ee4\" data-id=\"73c3ee4\" data-element_type=\"column\" data-e-type=\"column\">\n\t\t\t<div class=\"elementor-widget-wrap elementor-element-populated\">\n\t\t\t\t\t\t<div class=\"elementor-element elementor-element-acc7c41 elementor-widget elementor-widget-text-editor\" data-id=\"acc7c41\" data-element_type=\"widget\" data-e-type=\"widget\" data-widget_type=\"text-editor.default\">\n\t\t\t\t<div class=\"elementor-widget-container\">\n\t\t\t\t\t\t\t\t\t<h2><strong style=\"font-size: 17px; color: #444444;\">Ukoliko Vam proizvod ne odgovara, mo\u017eete ga zamijeniti u roku od 30 dana od primitka ili zatra\u017eiti povrat novca.<\/strong><\/h2><p><strong>Za vra\u0107ene proizvode NE prihva\u0107amo po\u0161iljke s otkupninom.<\/strong><\/p>\t\t\t\t\t\t\t\t<\/div>\n\t\t\t\t<\/div>\n\t\t\t\t\t<\/div>\n\t\t<\/div>\n\t\t\t\t\t<\/div>\n\t\t<\/section>\n\t\t\t\t<section class=\"elementor-section elementor-top-section elementor-element elementor-element-0507b19 elementor-section-boxed elementor-section-height-default elementor-section-height-default\" data-id=\"0507b19\" data-element_type=\"section\" data-e-type=\"section\">\n\t\t\t\t\t\t<div class=\"elementor-container elementor-column-gap-default\">\n\t\t\t\t\t<div class=\"elementor-column elementor-col-100 elementor-top-column elementor-element elementor-element-661e457\" data-id=\"661e457\" data-element_type=\"column\" data-e-type=\"column\">\n\t\t\t<div class=\"elementor-widget-wrap elementor-element-populated\">\n\t\t\t\t\t\t<div class=\"elementor-element elementor-element-02351a9 elementor-widget elementor-widget-heading\" data-id=\"02351a9\" data-element_type=\"widget\" data-e-type=\"widget\" data-widget_type=\"heading.default\">\n\t\t\t\t<div class=\"elementor-widget-container\">\n\t\t\t\t\t<h3 class=\"elementor-heading-title elementor-size-default\">Povrat novca<\/h3>\t\t\t\t<\/div>\n\t\t\t\t<\/div>\n\t\t\t\t\t<\/div>\n\t\t<\/div>\n\t\t\t\t\t<\/div>\n\t\t<\/section>\n\t\t\t\t<section class=\"elementor-section elementor-top-section elementor-element elementor-element-9eb6a05 elementor-section-boxed elementor-section-height-default elementor-section-height-default\" data-id=\"9eb6a05\" data-element_type=\"section\" data-e-type=\"section\">\n\t\t\t\t\t\t<div class=\"elementor-container elementor-column-gap-default\">\n\t\t\t\t\t<div class=\"elementor-column elementor-col-100 elementor-top-column elementor-element elementor-element-62616ba\" data-id=\"62616ba\" data-element_type=\"column\" data-e-type=\"column\">\n\t\t\t<div class=\"elementor-widget-wrap elementor-element-populated\">\n\t\t\t\t\t\t<div class=\"elementor-element elementor-element-da80992 elementor-widget elementor-widget-button\" data-id=\"da80992\" data-element_type=\"widget\" data-e-type=\"widget\" data-widget_type=\"button.default\">\n\t\t\t\t<div class=\"elementor-widget-container\">\n\t\t\t\t\t\t\t\t\t<div class=\"elementor-button-wrapper\">\n\t\t\t\t\t<a class=\"elementor-button elementor-button-link elementor-size-sm\" href=\"https:\/\/www.superfashion.si\/wp-content\/uploads\/2025\/09\/Obrazec-za-vracilo.pdf\">\n\t\t\t\t\t\t<span class=\"elementor-button-content-wrapper\">\n\t\t\t\t\t\t\t\t\t<span class=\"elementor-button-text\">Ispi\u0161ite obrazac za povrat<\/span>\n\t\t\t\t\t<\/span>\n\t\t\t\t\t<\/a>\n\t\t\t\t<\/div>\n\t\t\t\t\t\t\t\t<\/div>\n\t\t\t\t<\/div>\n\t\t\t\t\t<\/div>\n\t\t<\/div>\n\t\t\t\t\t<\/div>\n\t\t<\/section>\n\t\t\t\t<section class=\"elementor-section elementor-top-section elementor-element elementor-element-3ff2394 elementor-section-boxed elementor-section-height-default elementor-section-height-default\" data-id=\"3ff2394\" data-element_type=\"section\" data-e-type=\"section\">\n\t\t\t\t\t\t<div class=\"elementor-container elementor-column-gap-default\">\n\t\t\t\t\t<div class=\"elementor-column elementor-col-100 elementor-top-column elementor-element elementor-element-b172fc0\" data-id=\"b172fc0\" data-element_type=\"column\" data-e-type=\"column\">\n\t\t\t<div class=\"elementor-widget-wrap elementor-element-populated\">\n\t\t\t\t\t\t<div class=\"elementor-element elementor-element-220eb6e elementor-widget elementor-widget-text-editor\" data-id=\"220eb6e\" data-element_type=\"widget\" data-e-type=\"widget\" data-widget_type=\"text-editor.default\">\n\t\t\t\t<div class=\"elementor-widget-container\">\n\t\t\t\t\t\t\t\t\t<h4><span style=\"color: #444444; font-size: 17px; font-weight: 400; letter-spacing: 0px;\">U slu\u010daju da nakon primitka robe primljeni artikl nije po mjerama potro\u0161a\u010da ili potro\u0161a\u010d nije zadovoljan artiklom, potro\u0161a\u010d ima pravo odustati od ugovora.<\/span><\/h4><p><strong>Povla\u010denje od ugovora i povrat robe<\/strong><\/p><p>Potro\u0161a\u010d mo\u017ee odustati od ugovora u roku od 30 dana od primitka naru\u010dene robe, bez obrazlo\u017eenja svoje odluke. Kupci vra\u0107aju proizvode najkasnije u roku od 14 dana od obavijesti o odustajanju od ugovora koju su du\u017eni poslati na na\u0161u e-mail adresu: info@superfashion.si<\/p><p><b>Povrat naru\u010dene robe tvrtki u roku od 30 dana od primitka jednak je obavijesti o povla\u010denju.<\/b>\u00a0\u00a0<\/p><p>Jedini tro\u0161ak za potro\u0161a\u010da u vezi s povla\u010denjem je izravni tro\u0161ak povrata robe. Ako je potro\u0161a\u010d podnio ostavku na ugovor, tvrtka mora vratiti sve uplate koje su mu izvr\u0161ene. Povrat pla\u0107anja tvrdka mora izvr\u0161iti \u0161to je prije mogu\u0107e, a najkasnije u roku od 14 dana od primitka obavijesti o raskidu ugovora.\u00a0Tvrdka mo\u017ee uskratiti pla\u0107anje dok ne primi vra\u0107enu robu ili dok potro\u0161a\u010d ne po\u0161alje dokaz da je roba poslana natrag, ovisno o tome koji se doga\u0111aj dogodi ranije.<\/p><p>Dru\u0161tvo vra\u0107a primljene uplate potro\u0161a\u010du koriste\u0107i isti na\u010din pla\u0107anja koji je potro\u0161a\u010d koristio, osim ako potro\u0161a\u010d nije izri\u010dito zatra\u017eio kori\u0161tenje drugog na\u010dina pla\u0107anja i potro\u0161a\u010d time ne snosi nikakve tro\u0161kove.<\/p><p><strong>Potro\u0161a\u010d mora vratiti proizvode sa svim pripadaju\u0107im etiketama i u originalnoj ambala\u017ei. Potrebno je prilo\u017eiti ra\u010dun ili <a href=\"https:\/\/www.superfashion.si\/wp-content\/uploads\/2025\/09\/Obrazec-za-vracilo.pdf\">obrazac za raskid ugovora<\/a>.\u00a0<\/strong><\/p><p><strong>Proizvode morate vratiti najkasnije u roku od 14 dana od obavijesti o odustajanju od kupnje na adresu dobavlja\u010da:\u00a0\u00a0<\/strong><\/p><p><strong>M-Refill d.o.o., Ko\u010devje, Pri Unionu 17, SI-1330 Ko\u010devje., Slovenija\u00a0<\/strong><\/p><p><strong style=\"font-family: var(--wp--preset--font-family--primary);\">Sve tro\u0161kove povezane s povratom proizvoda pla\u0107a kupac.\u00a0<\/strong><\/p><p><strong>Za vra\u0107ene proizvode NE prihva\u0107amo po\u0161iljke s otkupninom.<\/strong><\/p><p><strong>Va\u017ena obavijest:\u00a0<\/strong><\/p><p><strong>Proizvodi moraju biti vra\u0107eni u originalnoj ambala\u017ei i s pripadaju\u0107im etiketama.<\/strong><br \/><strong>Obavezno vratite kupa\u0107i kostim u kartonskoj kutiji kako ne biste o\u0161tetili ko\u0161aru. Ako se kupa\u0107i kostim vrati u podstavljenoj kuverti ili nekom drugom neprikladnom pakiranju, mo\u017ee do\u0107i do o\u0161te\u0107enja.<br \/>Nemojte o\u0161tetiti kutiju za cipele ljepljivom trakom ili nemojte ga prekrivati \u200b\u200bomotima za slanje ili samoljepljivim papiri\u0107ima jer nam je takvo pakiranje beskorisno.\u00a0<\/strong><\/p><p><strong>Potro\u0161a\u010d je odgovoran za smanjenje vrijednosti robe zbog rukovanja robom, koje nije prijeko potrebno za utvr\u0111ivanje njezine prirode, svojstava i funkcija.<\/strong><\/p><p>Tako\u0111er mo\u017eete pro\u010ditati sve dodatne informacije u <a href=\"https:\/\/www.superfashion.si\/hr\/splosni-pogoji\/\">op\u0107i uvjeti poslovanja<\/a> ili nam pi\u0161ite na e-mail adresu: info@superfashion.si<\/p><p><b>Ukoliko smatrate da se radi o prigovoru, molimo da provjerite op\u0107e uvjete poslovanja te nas u skladu s njima informirate na e-mail adresu<\/b>: info@superfashion.si<\/p>\t\t\t\t\t\t\t\t<\/div>\n\t\t\t\t<\/div>\n\t\t\t\t\t<\/div>\n\t\t<\/div>\n\t\t\t\t\t<\/div>\n\t\t<\/section>\n\t\t\t\t<section class=\"elementor-section elementor-top-section elementor-element elementor-element-391a391 elementor-section-boxed elementor-section-height-default elementor-section-height-default\" data-id=\"391a391\" data-element_type=\"section\" data-e-type=\"section\">\n\t\t\t\t\t\t<div class=\"elementor-container elementor-column-gap-default\">\n\t\t\t\t\t<div class=\"elementor-column elementor-col-100 elementor-top-column elementor-element elementor-element-13d3bb0\" data-id=\"13d3bb0\" data-element_type=\"column\" data-e-type=\"column\">\n\t\t\t<div class=\"elementor-widget-wrap elementor-element-populated\">\n\t\t\t\t\t\t<div class=\"elementor-element elementor-element-190b6d1 elementor-widget elementor-widget-heading\" data-id=\"190b6d1\" data-element_type=\"widget\" data-e-type=\"widget\" data-widget_type=\"heading.default\">\n\t\t\t\t<div class=\"elementor-widget-container\">\n\t\t\t\t\t<h3 class=\"elementor-heading-title elementor-size-default\">Razmjena robe<\/h3>\t\t\t\t<\/div>\n\t\t\t\t<\/div>\n\t\t\t\t\t<\/div>\n\t\t<\/div>\n\t\t\t\t\t<\/div>\n\t\t<\/section>\n\t\t\t\t<section class=\"elementor-section elementor-top-section elementor-element elementor-element-53d8622 elementor-section-boxed elementor-section-height-default elementor-section-height-default\" data-id=\"53d8622\" data-element_type=\"section\" data-e-type=\"section\">\n\t\t\t\t\t\t<div class=\"elementor-container elementor-column-gap-default\">\n\t\t\t\t\t<div class=\"elementor-column elementor-col-100 elementor-top-column elementor-element elementor-element-b142fa6\" data-id=\"b142fa6\" data-element_type=\"column\" data-e-type=\"column\">\n\t\t\t<div class=\"elementor-widget-wrap elementor-element-populated\">\n\t\t\t\t\t\t<div class=\"elementor-element elementor-element-da0e0ce elementor-widget elementor-widget-button\" data-id=\"da0e0ce\" data-element_type=\"widget\" data-e-type=\"widget\" data-widget_type=\"button.default\">\n\t\t\t\t<div class=\"elementor-widget-container\">\n\t\t\t\t\t\t\t\t\t<div class=\"elementor-button-wrapper\">\n\t\t\t\t\t<a class=\"elementor-button elementor-button-link elementor-size-sm\" href=\"https:\/\/www.superfashion.si\/wp-content\/uploads\/2025\/09\/Obrazec-za-menjavo.pdf\">\n\t\t\t\t\t\t<span class=\"elementor-button-content-wrapper\">\n\t\t\t\t\t\t\t\t\t<span class=\"elementor-button-text\">Ispi\u0161ite obrazac za zamjenu<\/span>\n\t\t\t\t\t<\/span>\n\t\t\t\t\t<\/a>\n\t\t\t\t<\/div>\n\t\t\t\t\t\t\t\t<\/div>\n\t\t\t\t<\/div>\n\t\t\t\t\t<\/div>\n\t\t<\/div>\n\t\t\t\t\t<\/div>\n\t\t<\/section>\n\t\t\t\t<section class=\"elementor-section elementor-top-section elementor-element elementor-element-5136db6 elementor-section-boxed elementor-section-height-default elementor-section-height-default\" data-id=\"5136db6\" data-element_type=\"section\" data-e-type=\"section\">\n\t\t\t\t\t\t<div class=\"elementor-container elementor-column-gap-default\">\n\t\t\t\t\t<div class=\"elementor-column elementor-col-100 elementor-top-column elementor-element elementor-element-4879fc0\" data-id=\"4879fc0\" data-element_type=\"column\" data-e-type=\"column\">\n\t\t\t<div class=\"elementor-widget-wrap elementor-element-populated\">\n\t\t\t\t\t\t<div class=\"elementor-element elementor-element-111e674 elementor-widget elementor-widget-text-editor\" data-id=\"111e674\" data-element_type=\"widget\" data-e-type=\"widget\" data-widget_type=\"text-editor.default\">\n\t\t\t\t<div class=\"elementor-widget-container\">\n\t\t\t\t\t\t\t\t\t<p>Svaki proizvod za koji ste prilikom primitka po\u0161iljke ustanovili da Vam model ili broj ne odgovara, mo\u017eete poslati natrag na na\u0161u adresu i mi \u0107emo Vam poslati drugi proizvod po Va\u0161em izboru na zamjenu.<\/p><p>U tom slu\u010daju Vi snosite tro\u0161kove po\u0161tarine u slu\u010daju povrata, ali kada Vam \u017eeljeni artikl po\u0161aljemo natrag, tro\u0161kove po\u0161tarine pokriva superfashion.si.<\/p><p><span style=\"font-weight: normal;\">Molimo da nas unaprijed obavijestite o zamjeni ili o povratu putem e-maila na info@superfashion.si, te obavezno navedite koji broj odje\u0107e ili obu\u0107e \u017eelite, ili mo\u017eda neki drugi proizvod, kako bismo \u0161to prije mogli rezervirati proizvod za Vas.<\/span><\/p><p><strong>Adresa za razmjenu proizvoda:<\/strong><\/p><p>Ako \u017eelite zamijeniti proizvod, molimo vas da ga po\u0161aljete u originalnoj ambala\u017ei zajedno s ra\u010dunom ili <a href=\"https:\/\/www.superfashion.si\/wp-content\/uploads\/2025\/09\/Obrazec-za-menjavo.pdf\">obrazac za zamjenu<\/a> na adresu:<\/p><p><strong>M-Refill d.o.o., Ko\u010devje, Pri Unionu 17, SI-1330 Ko\u010devje, Slovenija<\/strong><\/p><p><strong style=\"font-family: var(--wp--preset--font-family--primary);\">Va\u017ena obavijest:\u00a0<\/strong><\/p><p><strong>Molimo vas da proizvode vratite u originalnoj ambala\u017ei i s odgovaraju\u0107im etiketama. Molimo prilo\u017eite ra\u010dun ili <a href=\"https:\/\/www.superfashion.si\/wp-content\/uploads\/2025\/09\/Obrazec-za-menjavo.pdf\">obrazac za zamjenu<\/a>.<\/strong><\/p><p><strong>Obavezno vratite kupa\u0107i kostim u kartonskoj kutiji kako ne biste o\u0161tetili ko\u0161aru. Ako se kupa\u0107i kostim vrati u podstavljenoj kuverti ili nekom drugom neprikladnom pakiranju, mo\u017ee do\u0107i do o\u0161te\u0107enja.<\/strong><\/p><p><strong>Nemojte o\u0161tetiti kutiju za cipele ljepljivom trakom ili nemojte ga prekrivati \u200b\u200bomotima za slanje ili samoljepljivim papiri\u0107ima jer nam je takvo pakiranje beskorisno.\u00a0<\/strong><\/p><p><strong>Potro\u0161a\u010d je odgovoran za smanjenje vrijednosti robe zbog rukovanja robom, koje nije prijeko potrebno za utvr\u0111ivanje njezine prirode, svojstava i funkcija.<\/strong><\/p><p><strong>\u00a0<\/strong><\/p>\t\t\t\t\t\t\t\t<\/div>\n\t\t\t\t<\/div>\n\t\t\t\t\t<\/div>\n\t\t<\/div>\n\t\t\t\t\t<\/div>\n\t\t<\/section>\n\t\t\t\t<section class=\"elementor-section elementor-top-section elementor-element elementor-element-b091b0e elementor-section-boxed elementor-section-height-default elementor-section-height-default\" data-id=\"b091b0e\" data-element_type=\"section\" data-e-type=\"section\">\n\t\t\t\t\t\t<div class=\"elementor-container elementor-column-gap-default\">\n\t\t\t\t\t<div class=\"elementor-column elementor-col-100 elementor-top-column elementor-element elementor-element-616c9ee\" data-id=\"616c9ee\" data-element_type=\"column\" data-e-type=\"column\">\n\t\t\t<div class=\"elementor-widget-wrap\">\n\t\t\t\t\t\t\t<\/div>\n\t\t<\/div>\n\t\t\t\t\t<\/div>\n\t\t<\/section>\n\t\t\t\t<\/div>","protected":false},"excerpt":{"rendered":"<p>Vra\u010dilo kupnine ali menjava blaga V kolikor vam izdelek ne ustreza ga lahko v roku 30 dni od prejema zamenjate ali pa zahtevate vra\u010dilo kupnine. Za vrnjene izdelke NE sprejemamo po\u0161iljk z odkupnino. Vra\u010dilo kupnine Natisni obrazec za vra\u010dilo V primeru, da po prevzemu blaga, prejeti artikel ni po meri potro\u0161nika ali z artiklom ni [&hellip;]<\/p>\n","protected":false},"author":1,"featured_media":0,"parent":0,"menu_order":0,"comment_status":"closed","ping_status":"closed","template":"template-fullwidth-no-heading.php","meta":{"footnotes":""},"class_list":["post-7027","page","type-page","status-publish","hentry"],"_links":{"self":[{"href":"https:\/\/www.superfashion.si\/hr\/wp-json\/wp\/v2\/pages\/7027","targetHints":{"allow":["GET"]}}],"collection":[{"href":"https:\/\/www.superfashion.si\/hr\/wp-json\/wp\/v2\/pages"}],"about":[{"href":"https:\/\/www.superfashion.si\/hr\/wp-json\/wp\/v2\/types\/page"}],"author":[{"embeddable":true,"href":"https:\/\/www.superfashion.si\/hr\/wp-json\/wp\/v2\/users\/1"}],"replies":[{"embeddable":true,"href":"https:\/\/www.superfashion.si\/hr\/wp-json\/wp\/v2\/comments?post=7027"}],"version-history":[{"count":0,"href":"https:\/\/www.superfashion.si\/hr\/wp-json\/wp\/v2\/pages\/7027\/revisions"}],"wp:attachment":[{"href":"https:\/\/www.superfashion.si\/hr\/wp-json\/wp\/v2\/media?parent=7027"}],"curies":[{"name":"radni list","href":"https:\/\/api.w.org\/{rel}","templated":true}]}}