{"id":10294,"date":"2022-04-17T10:36:48","date_gmt":"2022-04-17T08:36:48","guid":{"rendered":"https:\/\/www.superfashion.si\/?post_type=product&#038;p=10294"},"modified":"2025-08-29T13:20:22","modified_gmt":"2025-08-29T12:20:22","slug":"zenska-torbica-blgs1653-1-blue","status":"publish","type":"product","link":"https:\/\/www.superfashion.si\/hr\/product\/zenska-torbica-blgs1653-1-blue\/","title":{"rendered":"\u017denska torbica BLGS1653-1-BLUE"},"content":{"rendered":"","protected":false},"excerpt":{"rendered":"<details >\n<summary>O proizvodu:<\/summary>\n<div class=\"cg-accordion-item\">\n<p>\u017denska torbica u plavoj boji sa ekstra dugom naramenicom.<\/p>\n<p>Unutra\u0161njost torbe ima mali d\u017eep sa patentnim zatvara\u010dem,<br \/>\ndva manja d\u017eepa bez patentnih zatvara\u010da i porubljeni pretinac s patentnim zatvara\u010dem.<\/p>\n<p>Materijal: vanjski: 100% poliuretan, unutarnji: 100% poliester<\/p>\n<p>Veli\u010dina: 36,5 x 30 cm<\/p>\n<\/div>\n<\/details>","protected":false},"featured_media":12009,"comment_status":"open","ping_status":"closed","template":"","meta":[],"product_brand":[],"product_cat":[178,182,211],"product_tag":[],"woo-feed-brand":[],"class_list":{"0":"post-10294","1":"product","2":"type-product","3":"status-publish","4":"has-post-thumbnail","6":"product_cat-modni-dodatki","7":"product_cat-torbice","8":"product_cat-zenske-torbice","10":"first","11":"outofstock","12":"shipping-taxable","13":"purchasable","14":"product-type-simple"},"_links":{"self":[{"href":"https:\/\/www.superfashion.si\/hr\/wp-json\/wp\/v2\/product\/10294","targetHints":{"allow":["GET"]}}],"collection":[{"href":"https:\/\/www.superfashion.si\/hr\/wp-json\/wp\/v2\/product"}],"about":[{"href":"https:\/\/www.superfashion.si\/hr\/wp-json\/wp\/v2\/types\/product"}],"replies":[{"embeddable":true,"href":"https:\/\/www.superfashion.si\/hr\/wp-json\/wp\/v2\/comments?post=10294"}],"version-history":[{"count":0,"href":"https:\/\/www.superfashion.si\/hr\/wp-json\/wp\/v2\/product\/10294\/revisions"}],"wp:featuredmedia":[{"embeddable":true,"href":"https:\/\/www.superfashion.si\/hr\/wp-json\/wp\/v2\/media\/12009"}],"wp:attachment":[{"href":"https:\/\/www.superfashion.si\/hr\/wp-json\/wp\/v2\/media?parent=10294"}],"wp:term":[{"taxonomy":"product_brand","embeddable":true,"href":"https:\/\/www.superfashion.si\/hr\/wp-json\/wp\/v2\/product_brand?post=10294"},{"taxonomy":"product_cat","embeddable":true,"href":"https:\/\/www.superfashion.si\/hr\/wp-json\/wp\/v2\/product_cat?post=10294"},{"taxonomy":"product_tag","embeddable":true,"href":"https:\/\/www.superfashion.si\/hr\/wp-json\/wp\/v2\/product_tag?post=10294"},{"taxonomy":"woo-feed-brand","embeddable":true,"href":"https:\/\/www.superfashion.si\/hr\/wp-json\/wp\/v2\/woo-feed-brand?post=10294"}],"curies":[{"name":"radni list","href":"https:\/\/api.w.org\/{rel}","templated":true}]}}