{"id":10300,"date":"2022-04-17T10:36:49","date_gmt":"2022-04-17T08:36:49","guid":{"rendered":"https:\/\/www.superfashion.si\/?post_type=product&#038;p=10300"},"modified":"2022-04-17T23:20:39","modified_gmt":"2022-04-17T21:20:39","slug":"piercing-za-popek-bnnwc1210","status":"publish","type":"product","link":"https:\/\/www.superfashion.si\/hr\/product\/piercing-za-popek-bnnwc1210\/","title":{"rendered":"Piercing za pupak BNNWC1210"},"content":{"rendered":"","protected":false},"excerpt":{"rendered":"<p>Piercing za pupak u \u0161arenim bojama.<\/p>\n<p>Materijal:<br \/>\nKuglice: plasti\u010dne,<br \/>\n\u0161ipka: nehr\u0111aju\u0107i \u010delik.<\/p>","protected":false},"featured_media":10334,"comment_status":"open","ping_status":"closed","template":"","meta":[],"product_brand":[],"product_cat":[178,187,215],"product_tag":[],"woo-feed-brand":[],"class_list":{"0":"post-10300","1":"product","2":"type-product","3":"status-publish","4":"has-post-thumbnail","6":"product_cat-modni-dodatki","7":"product_cat-piercingi","8":"product_cat-popek","9":"pa_color-rumeno-modra","11":"first","12":"instock","13":"shipping-taxable","14":"purchasable","15":"product-type-variable"},"_links":{"self":[{"href":"https:\/\/www.superfashion.si\/hr\/wp-json\/wp\/v2\/product\/10300","targetHints":{"allow":["GET"]}}],"collection":[{"href":"https:\/\/www.superfashion.si\/hr\/wp-json\/wp\/v2\/product"}],"about":[{"href":"https:\/\/www.superfashion.si\/hr\/wp-json\/wp\/v2\/types\/product"}],"replies":[{"embeddable":true,"href":"https:\/\/www.superfashion.si\/hr\/wp-json\/wp\/v2\/comments?post=10300"}],"version-history":[{"count":0,"href":"https:\/\/www.superfashion.si\/hr\/wp-json\/wp\/v2\/product\/10300\/revisions"}],"wp:featuredmedia":[{"embeddable":true,"href":"https:\/\/www.superfashion.si\/hr\/wp-json\/wp\/v2\/media\/10334"}],"wp:attachment":[{"href":"https:\/\/www.superfashion.si\/hr\/wp-json\/wp\/v2\/media?parent=10300"}],"wp:term":[{"taxonomy":"product_brand","embeddable":true,"href":"https:\/\/www.superfashion.si\/hr\/wp-json\/wp\/v2\/product_brand?post=10300"},{"taxonomy":"product_cat","embeddable":true,"href":"https:\/\/www.superfashion.si\/hr\/wp-json\/wp\/v2\/product_cat?post=10300"},{"taxonomy":"product_tag","embeddable":true,"href":"https:\/\/www.superfashion.si\/hr\/wp-json\/wp\/v2\/product_tag?post=10300"},{"taxonomy":"woo-feed-brand","embeddable":true,"href":"https:\/\/www.superfashion.si\/hr\/wp-json\/wp\/v2\/woo-feed-brand?post=10300"}],"curies":[{"name":"radni list","href":"https:\/\/api.w.org\/{rel}","templated":true}]}}