{"id":10301,"date":"2022-04-17T10:36:49","date_gmt":"2022-04-17T08:36:49","guid":{"rendered":"https:\/\/www.superfashion.si\/?post_type=product&#038;p=10301"},"modified":"2022-04-17T23:22:02","modified_gmt":"2022-04-17T21:22:02","slug":"piercing-za-uho-brcs120504","status":"publish","type":"product","link":"https:\/\/www.superfashion.si\/hr\/product\/piercing-za-uho-brcs120504\/","title":{"rendered":"Piercing za u\u0161i BRCS120504"},"content":{"rendered":"","protected":false},"excerpt":{"rendered":"<p>Piercing hrskavice.<\/p>\n<p>Materijal: nehr\u0111aju\u0107i \u010delik<\/p>\n<p>Duljina \u0161ipke: 5 mm<\/p>\n<p>Debljina \u0161ipke: 1,2 mm<\/p>\n<p>Promjer kuglice: 4 mm<\/p>","protected":false},"featured_media":10336,"comment_status":"open","ping_status":"closed","template":"","meta":[],"product_brand":[],"product_cat":[178,187,219],"product_tag":[],"woo-feed-brand":[],"class_list":{"0":"post-10301","1":"product","2":"type-product","3":"status-publish","4":"has-post-thumbnail","6":"product_cat-modni-dodatki","7":"product_cat-piercingi","8":"product_cat-usesa","9":"pa_color-crna","10":"pa_color-modra","11":"pa_color-roza","13":"first","14":"instock","15":"shipping-taxable","16":"purchasable","17":"product-type-variable"},"_links":{"self":[{"href":"https:\/\/www.superfashion.si\/hr\/wp-json\/wp\/v2\/product\/10301","targetHints":{"allow":["GET"]}}],"collection":[{"href":"https:\/\/www.superfashion.si\/hr\/wp-json\/wp\/v2\/product"}],"about":[{"href":"https:\/\/www.superfashion.si\/hr\/wp-json\/wp\/v2\/types\/product"}],"replies":[{"embeddable":true,"href":"https:\/\/www.superfashion.si\/hr\/wp-json\/wp\/v2\/comments?post=10301"}],"version-history":[{"count":0,"href":"https:\/\/www.superfashion.si\/hr\/wp-json\/wp\/v2\/product\/10301\/revisions"}],"wp:featuredmedia":[{"embeddable":true,"href":"https:\/\/www.superfashion.si\/hr\/wp-json\/wp\/v2\/media\/10336"}],"wp:attachment":[{"href":"https:\/\/www.superfashion.si\/hr\/wp-json\/wp\/v2\/media?parent=10301"}],"wp:term":[{"taxonomy":"product_brand","embeddable":true,"href":"https:\/\/www.superfashion.si\/hr\/wp-json\/wp\/v2\/product_brand?post=10301"},{"taxonomy":"product_cat","embeddable":true,"href":"https:\/\/www.superfashion.si\/hr\/wp-json\/wp\/v2\/product_cat?post=10301"},{"taxonomy":"product_tag","embeddable":true,"href":"https:\/\/www.superfashion.si\/hr\/wp-json\/wp\/v2\/product_tag?post=10301"},{"taxonomy":"woo-feed-brand","embeddable":true,"href":"https:\/\/www.superfashion.si\/hr\/wp-json\/wp\/v2\/woo-feed-brand?post=10301"}],"curies":[{"name":"radni list","href":"https:\/\/api.w.org\/{rel}","templated":true}]}}