{"id":10991,"date":"2022-04-17T10:38:54","date_gmt":"2022-04-17T08:38:54","guid":{"rendered":"https:\/\/www.superfashion.si\/?post_type=product&#038;p=10991"},"modified":"2022-04-17T11:47:38","modified_gmt":"2022-04-17T09:47:38","slug":"moska-usnjena-denarnica-2020-7-coffee","status":"publish","type":"product","link":"https:\/\/www.superfashion.si\/hr\/product\/moska-usnjena-denarnica-2020-7-coffee\/","title":{"rendered":"Mu\u0161ki ko\u017eni nov\u010danik 2020-7-COFFEE"},"content":{"rendered":"","protected":false},"excerpt":{"rendered":"<p>Mu\u0161ki ko\u017eni nov\u010danik ANGEL COLLECTION.<\/p>\n<p>Boja: sme\u0111a<\/p>\n<p>Veli\u010dina: 12,5\u00d710 cm<\/p>\n<p>Sastav: 100% ko\u017ea<\/p>","protected":false},"featured_media":11911,"comment_status":"open","ping_status":"closed","template":"","meta":[],"product_brand":[],"product_cat":[178,179,210],"product_tag":[],"woo-feed-brand":[],"class_list":{"0":"post-10991","1":"product","2":"type-product","3":"status-publish","4":"has-post-thumbnail","6":"product_cat-modni-dodatki","7":"product_cat-denarnice","8":"product_cat-moske-denarnice","10":"first","11":"instock","12":"shipping-taxable","13":"purchasable","14":"product-type-simple"},"_links":{"self":[{"href":"https:\/\/www.superfashion.si\/hr\/wp-json\/wp\/v2\/product\/10991","targetHints":{"allow":["GET"]}}],"collection":[{"href":"https:\/\/www.superfashion.si\/hr\/wp-json\/wp\/v2\/product"}],"about":[{"href":"https:\/\/www.superfashion.si\/hr\/wp-json\/wp\/v2\/types\/product"}],"replies":[{"embeddable":true,"href":"https:\/\/www.superfashion.si\/hr\/wp-json\/wp\/v2\/comments?post=10991"}],"version-history":[{"count":0,"href":"https:\/\/www.superfashion.si\/hr\/wp-json\/wp\/v2\/product\/10991\/revisions"}],"wp:featuredmedia":[{"embeddable":true,"href":"https:\/\/www.superfashion.si\/hr\/wp-json\/wp\/v2\/media\/11911"}],"wp:attachment":[{"href":"https:\/\/www.superfashion.si\/hr\/wp-json\/wp\/v2\/media?parent=10991"}],"wp:term":[{"taxonomy":"product_brand","embeddable":true,"href":"https:\/\/www.superfashion.si\/hr\/wp-json\/wp\/v2\/product_brand?post=10991"},{"taxonomy":"product_cat","embeddable":true,"href":"https:\/\/www.superfashion.si\/hr\/wp-json\/wp\/v2\/product_cat?post=10991"},{"taxonomy":"product_tag","embeddable":true,"href":"https:\/\/www.superfashion.si\/hr\/wp-json\/wp\/v2\/product_tag?post=10991"},{"taxonomy":"woo-feed-brand","embeddable":true,"href":"https:\/\/www.superfashion.si\/hr\/wp-json\/wp\/v2\/woo-feed-brand?post=10991"}],"curies":[{"name":"radni list","href":"https:\/\/api.w.org\/{rel}","templated":true}]}}