{"id":11227,"date":"2022-04-17T10:39:36","date_gmt":"2022-04-17T08:39:36","guid":{"rendered":"https:\/\/www.superfashion.si\/?post_type=product&#038;p=11227"},"modified":"2025-08-28T13:53:54","modified_gmt":"2025-08-28T12:53:54","slug":"zenski-kopalni-plasc-z90917-roza","status":"publish","type":"product","link":"https:\/\/www.superfashion.si\/hr\/product\/zenski-kopalni-plasc-z90917-roza\/","title":{"rendered":"\u017denski ku\u0107ni ogrta\u010d Z90917-ROZA"},"content":{"rendered":"","protected":false},"excerpt":{"rendered":"<details >\n<summary>O PROIZVODU<\/summary>\n<div class=\"cg-accordion-item\">\n<p><strong>\u017denski ku\u0107ni ogrta\u010d od flisa<\/strong> ru\u017ei\u010dasta boja.<\/p>\n<p>Materijal:<\/p>\n<ul>\n<li>Materijal: 100% poliester<\/li>\n<\/ul>\n<\/div>\n<\/details>","protected":false},"featured_media":16249,"comment_status":"open","ping_status":"closed","template":"","meta":[],"product_brand":[],"product_cat":[134,224,154,135],"product_tag":[],"woo-feed-brand":[],"class_list":{"0":"post-11227","1":"product","2":"type-product","3":"status-publish","4":"has-post-thumbnail","6":"product_cat-zenske","7":"product_cat-kopalni-plasci","8":"product_cat-perilo","9":"product_cat-zenska-oblacila","10":"pa_color-roza","11":"pa_velikosti-3xl","12":"pa_velikosti-large","13":"pa_velikosti-medium","14":"pa_velikosti-ekstra-large","15":"pa_velikosti-extra-extra-large","17":"first","18":"instock","19":"shipping-taxable","20":"purchasable","21":"product-type-variable"},"_links":{"self":[{"href":"https:\/\/www.superfashion.si\/hr\/wp-json\/wp\/v2\/product\/11227","targetHints":{"allow":["GET"]}}],"collection":[{"href":"https:\/\/www.superfashion.si\/hr\/wp-json\/wp\/v2\/product"}],"about":[{"href":"https:\/\/www.superfashion.si\/hr\/wp-json\/wp\/v2\/types\/product"}],"replies":[{"embeddable":true,"href":"https:\/\/www.superfashion.si\/hr\/wp-json\/wp\/v2\/comments?post=11227"}],"version-history":[{"count":0,"href":"https:\/\/www.superfashion.si\/hr\/wp-json\/wp\/v2\/product\/11227\/revisions"}],"wp:featuredmedia":[{"embeddable":true,"href":"https:\/\/www.superfashion.si\/hr\/wp-json\/wp\/v2\/media\/16249"}],"wp:attachment":[{"href":"https:\/\/www.superfashion.si\/hr\/wp-json\/wp\/v2\/media?parent=11227"}],"wp:term":[{"taxonomy":"product_brand","embeddable":true,"href":"https:\/\/www.superfashion.si\/hr\/wp-json\/wp\/v2\/product_brand?post=11227"},{"taxonomy":"product_cat","embeddable":true,"href":"https:\/\/www.superfashion.si\/hr\/wp-json\/wp\/v2\/product_cat?post=11227"},{"taxonomy":"product_tag","embeddable":true,"href":"https:\/\/www.superfashion.si\/hr\/wp-json\/wp\/v2\/product_tag?post=11227"},{"taxonomy":"woo-feed-brand","embeddable":true,"href":"https:\/\/www.superfashion.si\/hr\/wp-json\/wp\/v2\/woo-feed-brand?post=11227"}],"curies":[{"name":"radni list","href":"https:\/\/api.w.org\/{rel}","templated":true}]}}