{"id":11265,"date":"2022-04-17T10:39:42","date_gmt":"2022-04-17T08:39:42","guid":{"rendered":"https:\/\/www.superfashion.si\/?post_type=product&#038;p=11265"},"modified":"2024-05-09T15:21:05","modified_gmt":"2024-05-09T14:21:05","slug":"zenska-plisasta-zimska-pizama-w40420-darkblue","status":"publish","type":"product","link":"https:\/\/www.superfashion.si\/hr\/product\/zenska-plisasta-zimska-pizama-w40420-darkblue\/","title":{"rendered":"\u017denska pli\u0161ana zimska pid\u017eama W40420-TAMNOPLAVA"},"content":{"rendered":"","protected":false},"excerpt":{"rendered":"<details >\n<summary>O PROIZVODU<\/summary>\n<div class=\"cg-accordion-item\">\n<p><strong>\u017denska pli\u0161ana topla zimska pid\u017eama<\/strong> tamno plava.<\/p>\n<p>Materijal:<\/p>\n<ul>\n<li>Materijal: 100 % poliester<\/li>\n<\/ul>\n<\/div>\n<\/details>\n<details >\n<summary>POMO\u0106 ZA ODABIR VELI\u010cINE<\/summary>\n<div class=\"cg-accordion-item\">\n<p><strong>Veli\u010dine su normalne, pa vam savjetujemo da naru\u010dite veli\u010dinu koju ina\u010de nosite.<\/strong><\/p>\n<\/div>\n<\/details>","protected":false},"featured_media":16214,"comment_status":"open","ping_status":"closed","template":"","meta":[],"product_brand":[],"product_cat":[134,154,223,399,135],"product_tag":[],"woo-feed-brand":[],"class_list":{"0":"post-11265","1":"product","2":"type-product","3":"status-publish","4":"has-post-thumbnail","6":"product_cat-zenske","7":"product_cat-perilo","8":"product_cat-pizame","9":"product_cat-razprodaja","10":"product_cat-zenska-oblacila","11":"pa_color-temno-modra","12":"pa_velikosti-large","13":"pa_velikosti-medium","14":"pa_velikosti-small","15":"pa_velikosti-ekstra-large","16":"pa_velikosti-extra-extra-large","18":"first","19":"instock","20":"sale","21":"shipping-taxable","22":"purchasable","23":"product-type-variable"},"_links":{"self":[{"href":"https:\/\/www.superfashion.si\/hr\/wp-json\/wp\/v2\/product\/11265","targetHints":{"allow":["GET"]}}],"collection":[{"href":"https:\/\/www.superfashion.si\/hr\/wp-json\/wp\/v2\/product"}],"about":[{"href":"https:\/\/www.superfashion.si\/hr\/wp-json\/wp\/v2\/types\/product"}],"replies":[{"embeddable":true,"href":"https:\/\/www.superfashion.si\/hr\/wp-json\/wp\/v2\/comments?post=11265"}],"version-history":[{"count":0,"href":"https:\/\/www.superfashion.si\/hr\/wp-json\/wp\/v2\/product\/11265\/revisions"}],"wp:featuredmedia":[{"embeddable":true,"href":"https:\/\/www.superfashion.si\/hr\/wp-json\/wp\/v2\/media\/16214"}],"wp:attachment":[{"href":"https:\/\/www.superfashion.si\/hr\/wp-json\/wp\/v2\/media?parent=11265"}],"wp:term":[{"taxonomy":"product_brand","embeddable":true,"href":"https:\/\/www.superfashion.si\/hr\/wp-json\/wp\/v2\/product_brand?post=11265"},{"taxonomy":"product_cat","embeddable":true,"href":"https:\/\/www.superfashion.si\/hr\/wp-json\/wp\/v2\/product_cat?post=11265"},{"taxonomy":"product_tag","embeddable":true,"href":"https:\/\/www.superfashion.si\/hr\/wp-json\/wp\/v2\/product_tag?post=11265"},{"taxonomy":"woo-feed-brand","embeddable":true,"href":"https:\/\/www.superfashion.si\/hr\/wp-json\/wp\/v2\/woo-feed-brand?post=11265"}],"curies":[{"name":"radni list","href":"https:\/\/api.w.org\/{rel}","templated":true}]}}