{"id":11333,"date":"2022-04-17T10:40:08","date_gmt":"2022-04-17T08:40:08","guid":{"rendered":"https:\/\/www.superfashion.si\/?post_type=product&#038;p=11333"},"modified":"2022-11-23T16:04:43","modified_gmt":"2022-11-23T15:04:43","slug":"zenski-nedrcek-94232","status":"publish","type":"product","link":"https:\/\/www.superfashion.si\/hr\/product\/zenski-nedrcek-94232\/","title":{"rendered":"\u017denski grudnjak 94232"},"content":{"rendered":"","protected":false},"excerpt":{"rendered":"<details >\n<summary>O PROIZVODU<\/summary>\n<div class=\"cg-accordion-item\">\n<p><strong>\u017denski grudnjak<\/strong><\/p>\n<ul>\n<li><strong>Ko\u0161arica C<\/strong><\/li>\n<\/ul>\n<p>Materijal:<\/p>\n<ul>\n<li>Materijal: 90% poliamid, 10% elastan<\/li>\n<\/ul>\n<\/div>\n<\/details>\n<details >\n<summary>POMO\u0106 ZA ODABIR VELI\u010cINE<\/summary>\n<div class=\"cg-accordion-item\">\n<p><strong>Budu\u0107i da su veli\u010dine ne\u0161to manje od uobi\u010dajenih, savjetujemo vam da naru\u010dite jednu veli\u010dinu ve\u0107u od svoje normalne veli\u010dine.<\/strong><\/p>\n<\/div>\n<\/details>","protected":false},"featured_media":16256,"comment_status":"open","ping_status":"closed","template":"","meta":[],"product_brand":[],"product_cat":[134,225,154,135],"product_tag":[],"woo-feed-brand":[],"class_list":{"0":"post-11333","1":"product","2":"type-product","3":"status-publish","4":"has-post-thumbnail","6":"product_cat-zenske","7":"product_cat-nedrcki","8":"product_cat-perilo","9":"product_cat-zenska-oblacila","10":"pa_color-bela","11":"pa_color-bez","12":"pa_color-crna","13":"pa_velikosti-100c","14":"pa_velikosti-105c","15":"pa_velikosti-110c","16":"pa_velikosti-85c","17":"pa_velikosti-90c","18":"pa_velikosti-95c","20":"first","21":"instock","22":"shipping-taxable","23":"purchasable","24":"product-type-variable"},"_links":{"self":[{"href":"https:\/\/www.superfashion.si\/hr\/wp-json\/wp\/v2\/product\/11333","targetHints":{"allow":["GET"]}}],"collection":[{"href":"https:\/\/www.superfashion.si\/hr\/wp-json\/wp\/v2\/product"}],"about":[{"href":"https:\/\/www.superfashion.si\/hr\/wp-json\/wp\/v2\/types\/product"}],"replies":[{"embeddable":true,"href":"https:\/\/www.superfashion.si\/hr\/wp-json\/wp\/v2\/comments?post=11333"}],"version-history":[{"count":0,"href":"https:\/\/www.superfashion.si\/hr\/wp-json\/wp\/v2\/product\/11333\/revisions"}],"wp:featuredmedia":[{"embeddable":true,"href":"https:\/\/www.superfashion.si\/hr\/wp-json\/wp\/v2\/media\/16256"}],"wp:attachment":[{"href":"https:\/\/www.superfashion.si\/hr\/wp-json\/wp\/v2\/media?parent=11333"}],"wp:term":[{"taxonomy":"product_brand","embeddable":true,"href":"https:\/\/www.superfashion.si\/hr\/wp-json\/wp\/v2\/product_brand?post=11333"},{"taxonomy":"product_cat","embeddable":true,"href":"https:\/\/www.superfashion.si\/hr\/wp-json\/wp\/v2\/product_cat?post=11333"},{"taxonomy":"product_tag","embeddable":true,"href":"https:\/\/www.superfashion.si\/hr\/wp-json\/wp\/v2\/product_tag?post=11333"},{"taxonomy":"woo-feed-brand","embeddable":true,"href":"https:\/\/www.superfashion.si\/hr\/wp-json\/wp\/v2\/woo-feed-brand?post=11333"}],"curies":[{"name":"radni list","href":"https:\/\/api.w.org\/{rel}","templated":true}]}}