{"id":11401,"date":"2022-04-17T10:40:30","date_gmt":"2022-04-17T08:40:30","guid":{"rendered":"https:\/\/www.superfashion.si\/?post_type=product&#038;p=11401"},"modified":"2025-12-14T12:57:38","modified_gmt":"2025-12-14T11:57:38","slug":"zenska-torbica-5335-418-grey","status":"publish","type":"product","link":"https:\/\/www.superfashion.si\/hr\/product\/zenska-torbica-5335-418-grey\/","title":{"rendered":"\u017denska torbica 5335-418-SIVA"},"content":{"rendered":"","protected":false},"excerpt":{"rendered":"<details >\n<summary>O PROIZVODU<\/summary>\n<div class=\"cg-accordion-item\">\n<p>Siva \u017eenska torbica s ekstra dugom naramenicom.<\/p>\n<p>Unutra\u0161njost torbe ima mali d\u017eep sa patentnim zatvara\u010dem,<br \/>\ndva manja d\u017eepa bez patentnih zatvara\u010da i porubljeni pretinac s patentnim zatvara\u010dem. <\/p>\n<p>Materijal: vanjski: 100% poliuretan, unutarnji 100% poliester<\/p>\n<p>Veli\u010dina: 45\u00d734 cm<\/p>\n<\/div>\n<\/details>","protected":false},"featured_media":12003,"comment_status":"open","ping_status":"closed","template":"","meta":[],"product_brand":[],"product_cat":[178,182,211],"product_tag":[],"woo-feed-brand":[],"class_list":{"0":"post-11401","1":"product","2":"type-product","3":"status-publish","4":"has-post-thumbnail","6":"product_cat-modni-dodatki","7":"product_cat-torbice","8":"product_cat-zenske-torbice","10":"first","11":"outofstock","12":"shipping-taxable","13":"purchasable","14":"product-type-simple"},"_links":{"self":[{"href":"https:\/\/www.superfashion.si\/hr\/wp-json\/wp\/v2\/product\/11401","targetHints":{"allow":["GET"]}}],"collection":[{"href":"https:\/\/www.superfashion.si\/hr\/wp-json\/wp\/v2\/product"}],"about":[{"href":"https:\/\/www.superfashion.si\/hr\/wp-json\/wp\/v2\/types\/product"}],"replies":[{"embeddable":true,"href":"https:\/\/www.superfashion.si\/hr\/wp-json\/wp\/v2\/comments?post=11401"}],"version-history":[{"count":0,"href":"https:\/\/www.superfashion.si\/hr\/wp-json\/wp\/v2\/product\/11401\/revisions"}],"wp:featuredmedia":[{"embeddable":true,"href":"https:\/\/www.superfashion.si\/hr\/wp-json\/wp\/v2\/media\/12003"}],"wp:attachment":[{"href":"https:\/\/www.superfashion.si\/hr\/wp-json\/wp\/v2\/media?parent=11401"}],"wp:term":[{"taxonomy":"product_brand","embeddable":true,"href":"https:\/\/www.superfashion.si\/hr\/wp-json\/wp\/v2\/product_brand?post=11401"},{"taxonomy":"product_cat","embeddable":true,"href":"https:\/\/www.superfashion.si\/hr\/wp-json\/wp\/v2\/product_cat?post=11401"},{"taxonomy":"product_tag","embeddable":true,"href":"https:\/\/www.superfashion.si\/hr\/wp-json\/wp\/v2\/product_tag?post=11401"},{"taxonomy":"woo-feed-brand","embeddable":true,"href":"https:\/\/www.superfashion.si\/hr\/wp-json\/wp\/v2\/woo-feed-brand?post=11401"}],"curies":[{"name":"radni list","href":"https:\/\/api.w.org\/{rel}","templated":true}]}}