{"id":11403,"date":"2022-04-17T10:40:30","date_gmt":"2022-04-17T08:40:30","guid":{"rendered":"https:\/\/www.superfashion.si\/?post_type=product&#038;p=11403"},"modified":"2024-03-17T17:42:11","modified_gmt":"2024-03-17T16:42:11","slug":"zenska-torbica-2049-yellow","status":"publish","type":"product","link":"https:\/\/www.superfashion.si\/hr\/product\/zenska-torbica-2049-yellow\/","title":{"rendered":"\u017denska torba 2049-\u017dUTA"},"content":{"rendered":"","protected":false},"excerpt":{"rendered":"<details >\n<summary>O PROIZVODU<\/summary>\n<div class=\"cg-accordion-item\">\n<p>\u017denska torba \u017eute boje sa ekstra dugom naramenicom.<\/p>\n<p>Unutra\u0161njost torbe ima mali d\u017eep sa patentnim zatvara\u010dem,<br \/>\ndva manja d\u017eepa bez patentnih zatvara\u010da i porubljeni pretinac s patentnim zatvara\u010dem. <\/p>\n<p>Materijal: 100% poliuretan<\/p>\n<p>Veli\u010dina: 44\u00d728 cm<\/p>\n<\/div>\n<\/details>","protected":false},"featured_media":11997,"comment_status":"open","ping_status":"closed","template":"","meta":[],"product_brand":[],"product_cat":[178,182,211],"product_tag":[],"woo-feed-brand":[],"class_list":{"0":"post-11403","1":"product","2":"type-product","3":"status-publish","4":"has-post-thumbnail","6":"product_cat-modni-dodatki","7":"product_cat-torbice","8":"product_cat-zenske-torbice","10":"first","11":"outofstock","12":"shipping-taxable","13":"purchasable","14":"product-type-simple"},"_links":{"self":[{"href":"https:\/\/www.superfashion.si\/hr\/wp-json\/wp\/v2\/product\/11403","targetHints":{"allow":["GET"]}}],"collection":[{"href":"https:\/\/www.superfashion.si\/hr\/wp-json\/wp\/v2\/product"}],"about":[{"href":"https:\/\/www.superfashion.si\/hr\/wp-json\/wp\/v2\/types\/product"}],"replies":[{"embeddable":true,"href":"https:\/\/www.superfashion.si\/hr\/wp-json\/wp\/v2\/comments?post=11403"}],"version-history":[{"count":0,"href":"https:\/\/www.superfashion.si\/hr\/wp-json\/wp\/v2\/product\/11403\/revisions"}],"wp:featuredmedia":[{"embeddable":true,"href":"https:\/\/www.superfashion.si\/hr\/wp-json\/wp\/v2\/media\/11997"}],"wp:attachment":[{"href":"https:\/\/www.superfashion.si\/hr\/wp-json\/wp\/v2\/media?parent=11403"}],"wp:term":[{"taxonomy":"product_brand","embeddable":true,"href":"https:\/\/www.superfashion.si\/hr\/wp-json\/wp\/v2\/product_brand?post=11403"},{"taxonomy":"product_cat","embeddable":true,"href":"https:\/\/www.superfashion.si\/hr\/wp-json\/wp\/v2\/product_cat?post=11403"},{"taxonomy":"product_tag","embeddable":true,"href":"https:\/\/www.superfashion.si\/hr\/wp-json\/wp\/v2\/product_tag?post=11403"},{"taxonomy":"woo-feed-brand","embeddable":true,"href":"https:\/\/www.superfashion.si\/hr\/wp-json\/wp\/v2\/woo-feed-brand?post=11403"}],"curies":[{"name":"radni list","href":"https:\/\/api.w.org\/{rel}","templated":true}]}}