{"id":11470,"date":"2022-04-17T10:40:41","date_gmt":"2022-04-17T08:40:41","guid":{"rendered":"https:\/\/www.superfashion.si\/?post_type=product&#038;p=11470"},"modified":"2025-10-27T18:24:45","modified_gmt":"2025-10-27T17:24:45","slug":"zenski-pulover-26013-blue","status":"publish","type":"product","link":"https:\/\/www.superfashion.si\/hr\/product\/zenski-pulover-26013-blue\/","title":{"rendered":"\u017denski pulover 26013-BLUE"},"content":{"rendered":"","protected":false},"excerpt":{"rendered":"<details >\n<summary>O PROIZVODU<\/summary>\n<div class=\"cg-accordion-item\">\n<p><strong>\u017denski d\u017eemper\u00a0<\/strong>plava boja.<\/p>\n<ul>\n<li>Materijal: 65% pamuk, 35% poliester<\/li>\n<\/ul>\n<\/div>\n<\/details>\n<details >\n<summary>POMO\u0106 ZA ODABIR VELI\u010cINE<\/summary>\n<div class=\"cg-accordion-item\">\n<p><strong>Veli\u010dine su normalne, pa vam savjetujemo da naru\u010dite veli\u010dinu koju ina\u010de nosite.<\/strong><\/p>\n<\/div>\n<\/details>","protected":false},"featured_media":18837,"comment_status":"open","ping_status":"closed","template":"","meta":[],"product_brand":[],"product_cat":[134,144,135],"product_tag":[],"woo-feed-brand":[],"class_list":{"0":"post-11470","1":"product","2":"type-product","3":"status-publish","4":"has-post-thumbnail","6":"product_cat-zenske","7":"product_cat-puloverji-in-jopice","8":"product_cat-zenska-oblacila","9":"pa_color-modra","10":"pa_velikosti-large","11":"pa_velikosti-medium","12":"pa_velikosti-small","13":"pa_velikosti-ekstra-large","15":"first","16":"instock","17":"shipping-taxable","18":"purchasable","19":"product-type-variable"},"_links":{"self":[{"href":"https:\/\/www.superfashion.si\/hr\/wp-json\/wp\/v2\/product\/11470","targetHints":{"allow":["GET"]}}],"collection":[{"href":"https:\/\/www.superfashion.si\/hr\/wp-json\/wp\/v2\/product"}],"about":[{"href":"https:\/\/www.superfashion.si\/hr\/wp-json\/wp\/v2\/types\/product"}],"replies":[{"embeddable":true,"href":"https:\/\/www.superfashion.si\/hr\/wp-json\/wp\/v2\/comments?post=11470"}],"version-history":[{"count":0,"href":"https:\/\/www.superfashion.si\/hr\/wp-json\/wp\/v2\/product\/11470\/revisions"}],"wp:featuredmedia":[{"embeddable":true,"href":"https:\/\/www.superfashion.si\/hr\/wp-json\/wp\/v2\/media\/18837"}],"wp:attachment":[{"href":"https:\/\/www.superfashion.si\/hr\/wp-json\/wp\/v2\/media?parent=11470"}],"wp:term":[{"taxonomy":"product_brand","embeddable":true,"href":"https:\/\/www.superfashion.si\/hr\/wp-json\/wp\/v2\/product_brand?post=11470"},{"taxonomy":"product_cat","embeddable":true,"href":"https:\/\/www.superfashion.si\/hr\/wp-json\/wp\/v2\/product_cat?post=11470"},{"taxonomy":"product_tag","embeddable":true,"href":"https:\/\/www.superfashion.si\/hr\/wp-json\/wp\/v2\/product_tag?post=11470"},{"taxonomy":"woo-feed-brand","embeddable":true,"href":"https:\/\/www.superfashion.si\/hr\/wp-json\/wp\/v2\/woo-feed-brand?post=11470"}],"curies":[{"name":"radni list","href":"https:\/\/api.w.org\/{rel}","templated":true}]}}