{"id":24816,"date":"2022-05-12T10:57:29","date_gmt":"2022-05-12T08:57:29","guid":{"rendered":"https:\/\/www.superfashion.si\/?post_type=product&#038;p=24816"},"modified":"2025-10-27T18:58:15","modified_gmt":"2025-10-27T17:58:15","slug":"jeans-bermuda-hlace-sw019","status":"publish","type":"product","link":"https:\/\/www.superfashion.si\/hr\/product\/jeans-bermuda-hlace-sw019\/","title":{"rendered":"Traperice bermude SW019"},"content":{"rendered":"","protected":false},"excerpt":{"rendered":"<details >\n<summary>O PROIZVODU<\/summary>\n<div class=\"cg-accordion-item\">\n<p><strong>Jeans bermuda hla\u010de<\/strong><\/p>\n<ul>\n<li>Vrlo elasti\u010dne i mekane<\/li>\n<li>Struk: visok<\/li>\n<li>Materijal: 78% pamuk, 20% poliester, 2% elastin<\/li>\n<\/ul>\n<\/div>\n<\/details>\n<details >\n<summary>POMO\u0106 ZA ODABIR VELI\u010cINE<\/summary>\n<div class=\"cg-accordion-item\">\n<p><strong>Veli\u010dine su malo manje od uobi\u010dajenih, stoga preporu\u010dujemo naru\u010divanje ve\u0107e veli\u010dine.<\/strong><\/p>\n<\/div>\n<\/details>","protected":false},"featured_media":24769,"comment_status":"open","ping_status":"closed","template":"","meta":[],"product_brand":[],"product_cat":[134,150,135],"product_tag":[],"woo-feed-brand":[],"class_list":{"0":"post-24816","1":"product","2":"type-product","3":"status-publish","4":"has-post-thumbnail","6":"product_cat-zenske","7":"product_cat-kratke-hlace","8":"product_cat-zenska-oblacila","9":"pa_color-svetlo-modra","10":"pa_velikosti-large","11":"pa_velikosti-medium","12":"pa_velikosti-small","13":"pa_velikosti-ekstra-large","14":"pa_velikosti-extra-small","16":"first","17":"instock","18":"shipping-taxable","19":"purchasable","20":"product-type-variable"},"_links":{"self":[{"href":"https:\/\/www.superfashion.si\/hr\/wp-json\/wp\/v2\/product\/24816","targetHints":{"allow":["GET"]}}],"collection":[{"href":"https:\/\/www.superfashion.si\/hr\/wp-json\/wp\/v2\/product"}],"about":[{"href":"https:\/\/www.superfashion.si\/hr\/wp-json\/wp\/v2\/types\/product"}],"replies":[{"embeddable":true,"href":"https:\/\/www.superfashion.si\/hr\/wp-json\/wp\/v2\/comments?post=24816"}],"version-history":[{"count":0,"href":"https:\/\/www.superfashion.si\/hr\/wp-json\/wp\/v2\/product\/24816\/revisions"}],"wp:featuredmedia":[{"embeddable":true,"href":"https:\/\/www.superfashion.si\/hr\/wp-json\/wp\/v2\/media\/24769"}],"wp:attachment":[{"href":"https:\/\/www.superfashion.si\/hr\/wp-json\/wp\/v2\/media?parent=24816"}],"wp:term":[{"taxonomy":"product_brand","embeddable":true,"href":"https:\/\/www.superfashion.si\/hr\/wp-json\/wp\/v2\/product_brand?post=24816"},{"taxonomy":"product_cat","embeddable":true,"href":"https:\/\/www.superfashion.si\/hr\/wp-json\/wp\/v2\/product_cat?post=24816"},{"taxonomy":"product_tag","embeddable":true,"href":"https:\/\/www.superfashion.si\/hr\/wp-json\/wp\/v2\/product_tag?post=24816"},{"taxonomy":"woo-feed-brand","embeddable":true,"href":"https:\/\/www.superfashion.si\/hr\/wp-json\/wp\/v2\/woo-feed-brand?post=24816"}],"curies":[{"name":"radni list","href":"https:\/\/api.w.org\/{rel}","templated":true}]}}