{"id":26451,"date":"2022-07-12T12:17:26","date_gmt":"2022-07-12T10:17:26","guid":{"rendered":"https:\/\/www.superfashion.si\/?post_type=product&#038;p=26451"},"modified":"2026-02-06T14:04:37","modified_gmt":"2026-02-06T13:04:37","slug":"poletna-obleka-basic-5946-37p","status":"publish","type":"product","link":"https:\/\/www.superfashion.si\/hr\/product\/poletna-obleka-basic-5946-37p\/","title":{"rendered":"Ljetna haljina Basic 5946.37P"},"content":{"rendered":"","protected":false},"excerpt":{"rendered":"<details >\n<summary>O PROIZVODU<\/summary>\n<div class=\"cg-accordion-item\">\n<p><strong>Basic ljetna haljina <\/strong>bez rukava<\/p>\n<ul>\n<li>Marka: Basic Feel Good<\/li>\n<li>Boja: crna<\/li>\n<li>Materijal: 90 % pamuka, 5 % elastana<\/li>\n<li>Pranje u perilici rublja na 30 stupnjeva<\/li>\n<\/ul>\n<\/div>\n<\/details>\n<details >\n<summary>POMO\u0106 ZA ODABIR VELI\u010cINE<\/summary>\n<div class=\"cg-accordion-item\">\n<ul>\n<li>Mjere haljine veli\u010dine S, mjereno ravno: \u0161irina pazuha - 30 cm, ukupna du\u017eina - 99 cm, bokovi - 33 cm<\/li>\n<li>Model nosi veli\u010dinu S.<\/li>\n<li>Dimenzije modela: visina 175 cm, grudi 84 cm, struk 65 cm, bokovi 92 cm.<\/li>\n<\/ul>\n<\/div>\n<\/details>","protected":false},"featured_media":26457,"comment_status":"open","ping_status":"closed","template":"","meta":[],"product_brand":[],"product_cat":[134,354,151,135],"product_tag":[],"woo-feed-brand":[],"class_list":{"0":"post-26451","1":"product","2":"type-product","3":"status-publish","4":"has-post-thumbnail","6":"product_cat-zenske","7":"product_cat-obleke","8":"product_cat-obleke-in-krila","9":"product_cat-zenska-oblacila","10":"pa_color-crna","11":"pa_velikosti-large","12":"pa_velikosti-medium","13":"pa_velikosti-small","15":"first","16":"instock","17":"shipping-taxable","18":"purchasable","19":"product-type-variable"},"_links":{"self":[{"href":"https:\/\/www.superfashion.si\/hr\/wp-json\/wp\/v2\/product\/26451","targetHints":{"allow":["GET"]}}],"collection":[{"href":"https:\/\/www.superfashion.si\/hr\/wp-json\/wp\/v2\/product"}],"about":[{"href":"https:\/\/www.superfashion.si\/hr\/wp-json\/wp\/v2\/types\/product"}],"replies":[{"embeddable":true,"href":"https:\/\/www.superfashion.si\/hr\/wp-json\/wp\/v2\/comments?post=26451"}],"version-history":[{"count":0,"href":"https:\/\/www.superfashion.si\/hr\/wp-json\/wp\/v2\/product\/26451\/revisions"}],"wp:featuredmedia":[{"embeddable":true,"href":"https:\/\/www.superfashion.si\/hr\/wp-json\/wp\/v2\/media\/26457"}],"wp:attachment":[{"href":"https:\/\/www.superfashion.si\/hr\/wp-json\/wp\/v2\/media?parent=26451"}],"wp:term":[{"taxonomy":"product_brand","embeddable":true,"href":"https:\/\/www.superfashion.si\/hr\/wp-json\/wp\/v2\/product_brand?post=26451"},{"taxonomy":"product_cat","embeddable":true,"href":"https:\/\/www.superfashion.si\/hr\/wp-json\/wp\/v2\/product_cat?post=26451"},{"taxonomy":"product_tag","embeddable":true,"href":"https:\/\/www.superfashion.si\/hr\/wp-json\/wp\/v2\/product_tag?post=26451"},{"taxonomy":"woo-feed-brand","embeddable":true,"href":"https:\/\/www.superfashion.si\/hr\/wp-json\/wp\/v2\/woo-feed-brand?post=26451"}],"curies":[{"name":"radni list","href":"https:\/\/api.w.org\/{rel}","templated":true}]}}