{"id":27067,"date":"2022-08-16T16:35:37","date_gmt":"2022-08-16T14:35:37","guid":{"rendered":"https:\/\/www.superfashion.si\/?post_type=product&#038;p=27067"},"modified":"2026-01-21T13:59:24","modified_gmt":"2026-01-21T12:59:24","slug":"pleteni-kardigan-rue-paris-7388-07","status":"publish","type":"product","link":"https:\/\/www.superfashion.si\/hr\/product\/pletena-jopica-rue-paris-7388-07\/","title":{"rendered":"Pleteni kardigan Rue Paris 7388.07"},"content":{"rendered":"","protected":false},"excerpt":{"rendered":"<details >\n<summary>O PROIZVODU<\/summary>\n<div class=\"cg-accordion-item\">\n<p><strong>Pleteni kardigan s kapulja\u010dom<\/strong><\/p>\n<ul>\n<li>Marka: Rue Paris<\/li>\n<li>2 bo\u010dna d\u017eepa, kapulja\u010da<\/li>\n<li>Materijal: 75% akril, 18% poliester, 7% najlon<\/li>\n<li>Pranje u perilici rublja na 30 stupnjeva<\/li>\n<\/ul>\n<\/div>\n<\/details>\n<details >\n<summary>POMO\u0106 ZA ODABIR VELI\u010cINE<\/summary>\n<div class=\"cg-accordion-item\">\n<ul>\n<li>\u0160irina pazuha \u2013 65 cm, duljina rukava \u2013 50 cm, ukupna duljina \u2013 80 cm.<\/li>\n<li>Kardigan je pogodan za veli\u010dinu S i M<\/li>\n<\/ul>\n<\/div>\n<\/details>","protected":false},"featured_media":27081,"comment_status":"open","ping_status":"closed","template":"","meta":[],"product_brand":[],"product_cat":[135,144,399,134],"product_tag":[365],"woo-feed-brand":[],"class_list":{"0":"post-27067","1":"product","2":"type-product","3":"status-publish","4":"has-post-thumbnail","6":"product_cat-zenska-oblacila","7":"product_cat-puloverji-in-jopice","8":"product_cat-razprodaja","9":"product_cat-zenske","10":"product_tag-rue-paris","11":"pa_color-bela","12":"pa_color-crna","13":"pa_color-roza","14":"pa_velikosti-uni","16":"first","17":"instock","18":"sale","19":"shipping-taxable","20":"purchasable","21":"product-type-variable"},"_links":{"self":[{"href":"https:\/\/www.superfashion.si\/hr\/wp-json\/wp\/v2\/product\/27067","targetHints":{"allow":["GET"]}}],"collection":[{"href":"https:\/\/www.superfashion.si\/hr\/wp-json\/wp\/v2\/product"}],"about":[{"href":"https:\/\/www.superfashion.si\/hr\/wp-json\/wp\/v2\/types\/product"}],"replies":[{"embeddable":true,"href":"https:\/\/www.superfashion.si\/hr\/wp-json\/wp\/v2\/comments?post=27067"}],"version-history":[{"count":0,"href":"https:\/\/www.superfashion.si\/hr\/wp-json\/wp\/v2\/product\/27067\/revisions"}],"wp:featuredmedia":[{"embeddable":true,"href":"https:\/\/www.superfashion.si\/hr\/wp-json\/wp\/v2\/media\/27081"}],"wp:attachment":[{"href":"https:\/\/www.superfashion.si\/hr\/wp-json\/wp\/v2\/media?parent=27067"}],"wp:term":[{"taxonomy":"product_brand","embeddable":true,"href":"https:\/\/www.superfashion.si\/hr\/wp-json\/wp\/v2\/product_brand?post=27067"},{"taxonomy":"product_cat","embeddable":true,"href":"https:\/\/www.superfashion.si\/hr\/wp-json\/wp\/v2\/product_cat?post=27067"},{"taxonomy":"product_tag","embeddable":true,"href":"https:\/\/www.superfashion.si\/hr\/wp-json\/wp\/v2\/product_tag?post=27067"},{"taxonomy":"woo-feed-brand","embeddable":true,"href":"https:\/\/www.superfashion.si\/hr\/wp-json\/wp\/v2\/woo-feed-brand?post=27067"}],"curies":[{"name":"radni list","href":"https:\/\/api.w.org\/{rel}","templated":true}]}}