{"id":27303,"date":"2022-09-05T16:49:09","date_gmt":"2022-09-05T14:49:09","guid":{"rendered":"https:\/\/www.superfashion.si\/?post_type=product&#038;p=27303"},"modified":"2026-03-02T09:21:38","modified_gmt":"2026-03-02T08:21:38","slug":"jakna-od-umjetnog-krzna-vf8008","status":"publish","type":"product","link":"https:\/\/www.superfashion.si\/hr\/product\/jakna-iz-umetnega-krzna-vf8008\/","title":{"rendered":"Jakna od umjetnog krzna VF8008"},"content":{"rendered":"","protected":false},"excerpt":{"rendered":"<details >\n<summary>O PROIZVODU<\/summary>\n<div class=\"cg-accordion-item\">\n<p><strong>Jakna od umjetnog krzna <\/strong>s d\u017eepovima<\/p>\n<ul>\n<li>Marka: Copperose<\/li>\n<li>Zatvaranje patentnim zatvara\u010dem<\/li>\n<li>2 bo\u010dna d\u017eepa<\/li>\n<li>Materijal: 100% poliester<\/li>\n<\/ul>\n<\/div>\n<\/details>\n<details >\n<summary>POMO\u0106 ZA ODABIR VELI\u010cINE<\/summary>\n<div class=\"cg-accordion-item\">\n<p><strong>Veli\u010dine su ve\u0107e, pa vam savjetujemo da naru\u010dite jednu veli\u010dinu manju od uobi\u010dajene veli\u010dine.<\/strong><\/p>\n<p><strong>Veli\u010dina S\/M preporu\u010duje se za broj M\/L<\/strong><\/p>\n<\/div>\n<\/details>","protected":false},"featured_media":27313,"comment_status":"open","ping_status":"closed","template":"","meta":[],"product_brand":[],"product_cat":[135,142,399,134],"product_tag":[368],"woo-feed-brand":[],"class_list":{"0":"post-27303","1":"product","2":"type-product","3":"status-publish","4":"has-post-thumbnail","6":"product_cat-zenska-oblacila","7":"product_cat-bunde-in-plasci","8":"product_cat-razprodaja","9":"product_cat-zenske","10":"product_tag-copperose","11":"pa_color-bez","12":"pa_color-roza","13":"pa_velikosti-m-l","14":"pa_velikosti-s-m","16":"first","17":"outofstock","18":"shipping-taxable","19":"product-type-variable"},"_links":{"self":[{"href":"https:\/\/www.superfashion.si\/hr\/wp-json\/wp\/v2\/product\/27303","targetHints":{"allow":["GET"]}}],"collection":[{"href":"https:\/\/www.superfashion.si\/hr\/wp-json\/wp\/v2\/product"}],"about":[{"href":"https:\/\/www.superfashion.si\/hr\/wp-json\/wp\/v2\/types\/product"}],"replies":[{"embeddable":true,"href":"https:\/\/www.superfashion.si\/hr\/wp-json\/wp\/v2\/comments?post=27303"}],"version-history":[{"count":0,"href":"https:\/\/www.superfashion.si\/hr\/wp-json\/wp\/v2\/product\/27303\/revisions"}],"wp:featuredmedia":[{"embeddable":true,"href":"https:\/\/www.superfashion.si\/hr\/wp-json\/wp\/v2\/media\/27313"}],"wp:attachment":[{"href":"https:\/\/www.superfashion.si\/hr\/wp-json\/wp\/v2\/media?parent=27303"}],"wp:term":[{"taxonomy":"product_brand","embeddable":true,"href":"https:\/\/www.superfashion.si\/hr\/wp-json\/wp\/v2\/product_brand?post=27303"},{"taxonomy":"product_cat","embeddable":true,"href":"https:\/\/www.superfashion.si\/hr\/wp-json\/wp\/v2\/product_cat?post=27303"},{"taxonomy":"product_tag","embeddable":true,"href":"https:\/\/www.superfashion.si\/hr\/wp-json\/wp\/v2\/product_tag?post=27303"},{"taxonomy":"woo-feed-brand","embeddable":true,"href":"https:\/\/www.superfashion.si\/hr\/wp-json\/wp\/v2\/woo-feed-brand?post=27303"}],"curies":[{"name":"radni list","href":"https:\/\/api.w.org\/{rel}","templated":true}]}}