{"id":27321,"date":"2022-09-05T17:24:30","date_gmt":"2022-09-05T15:24:30","guid":{"rendered":"https:\/\/www.superfashion.si\/?post_type=product&#038;p=27321"},"modified":"2026-03-17T15:51:27","modified_gmt":"2026-03-17T14:51:27","slug":"parka-s-umjetnim-krznom-copperose-fc7007","status":"publish","type":"product","link":"https:\/\/www.superfashion.si\/hr\/product\/parka-s-krznom-copperose-fc7007\/","title":{"rendered":"Parka s umjetnim krznom Copperose FC7007"},"content":{"rendered":"","protected":false},"excerpt":{"rendered":"<details >\n<summary>O PROIZVODU<\/summary>\n<div class=\"cg-accordion-item\">\n<p><b>Parka s umjetnim krznom Copperose<\/b><\/p>\n<ul>\n<li>Marka: Copperose<\/li>\n<li>Toplo podstavljena<\/li>\n<li>Vanjsko umjetno krzno mo\u017ee se ukloniti<\/li>\n<li>Kapulja\u010da se ne mo\u017ee ukloniti<\/li>\n<li>Zatvaranje patentnim zatvara\u010dem<\/li>\n<li>2 bo\u010dna d\u017eepa<\/li>\n<li>Materijal: 100% poliester<\/li>\n<\/ul>\n<\/div>\n<\/details>\n<details >\n<summary>POMO\u0106 ZA ODABIR VELI\u010cINE<\/summary>\n<div class=\"cg-accordion-item\">\n<p><strong>Veli\u010dine su normalne, pa vam savjetujemo da naru\u010dite veli\u010dinu koju ina\u010de nosite.<\/strong><\/p>\n<\/div>\n<\/details>","protected":false},"featured_media":27330,"comment_status":"open","ping_status":"closed","template":"","meta":[],"product_brand":[445],"product_cat":[135,142,134],"product_tag":[368],"woo-feed-brand":[],"class_list":{"0":"post-27321","1":"product","2":"type-product","3":"status-publish","4":"has-post-thumbnail","6":"product_brand-copperose","7":"product_cat-zenska-oblacila","8":"product_cat-bunde-in-plasci","9":"product_cat-zenske","10":"product_tag-copperose","11":"pa_color-bez","12":"pa_color-bicolor","13":"pa_sezona-zima","14":"pa_velikosti-large","15":"pa_velikosti-medium","16":"pa_velikosti-small","17":"pa_velikosti-ekstra-large","19":"first","20":"instock","21":"shipping-taxable","22":"purchasable","23":"product-type-variable"},"_links":{"self":[{"href":"https:\/\/www.superfashion.si\/hr\/wp-json\/wp\/v2\/product\/27321","targetHints":{"allow":["GET"]}}],"collection":[{"href":"https:\/\/www.superfashion.si\/hr\/wp-json\/wp\/v2\/product"}],"about":[{"href":"https:\/\/www.superfashion.si\/hr\/wp-json\/wp\/v2\/types\/product"}],"replies":[{"embeddable":true,"href":"https:\/\/www.superfashion.si\/hr\/wp-json\/wp\/v2\/comments?post=27321"}],"version-history":[{"count":1,"href":"https:\/\/www.superfashion.si\/hr\/wp-json\/wp\/v2\/product\/27321\/revisions"}],"predecessor-version":[{"id":53859,"href":"https:\/\/www.superfashion.si\/hr\/wp-json\/wp\/v2\/product\/27321\/revisions\/53859"}],"wp:featuredmedia":[{"embeddable":true,"href":"https:\/\/www.superfashion.si\/hr\/wp-json\/wp\/v2\/media\/27330"}],"wp:attachment":[{"href":"https:\/\/www.superfashion.si\/hr\/wp-json\/wp\/v2\/media?parent=27321"}],"wp:term":[{"taxonomy":"product_brand","embeddable":true,"href":"https:\/\/www.superfashion.si\/hr\/wp-json\/wp\/v2\/product_brand?post=27321"},{"taxonomy":"product_cat","embeddable":true,"href":"https:\/\/www.superfashion.si\/hr\/wp-json\/wp\/v2\/product_cat?post=27321"},{"taxonomy":"product_tag","embeddable":true,"href":"https:\/\/www.superfashion.si\/hr\/wp-json\/wp\/v2\/product_tag?post=27321"},{"taxonomy":"woo-feed-brand","embeddable":true,"href":"https:\/\/www.superfashion.si\/hr\/wp-json\/wp\/v2\/woo-feed-brand?post=27321"}],"curies":[{"name":"radni list","href":"https:\/\/api.w.org\/{rel}","templated":true}]}}