{"id":28470,"date":"2022-10-14T14:40:35","date_gmt":"2022-10-14T12:40:35","guid":{"rendered":"https:\/\/www.superfashion.si\/?post_type=product&#038;p=28470"},"modified":"2026-03-17T15:51:05","modified_gmt":"2026-03-17T14:51:05","slug":"zimska-zenska-jakna-a107","status":"publish","type":"product","link":"https:\/\/www.superfashion.si\/hr\/product\/zimska-zenska-jakna-a107\/","title":{"rendered":"Zimska \u017eenska jakna A107"},"content":{"rendered":"","protected":false},"excerpt":{"rendered":"<details >\n<summary>O PROIZVODU<\/summary>\n<div class=\"cg-accordion-item\">\n<p><b>Zimska \u017eenska jakna A107<\/b><\/p>\n<ul>\n<li>Pro\u0161ivena jakna<\/li>\n<li>Marka: C.M.P.55<\/li>\n<li>Boje: bronca, crna, siva<\/li>\n<li>Zatvaranje patentnim zatvara\u010dem<\/li>\n<li>2 vanjska bo\u010dna d\u017eepa s patentnim zatvara\u010dem<\/li>\n<li>1 unutarnji d\u017eep<\/li>\n<li>Kapulja\u010da se ne skida<\/li>\n<li>Sezona: jesen\/zima<\/li>\n<li>Materijal: 100% poliester<\/li>\n<li>Pranje u perilici rublja na 30 stupnjeva<\/li>\n<\/ul>\n<\/div>\n<\/details>\n<details >\n<summary>POMO\u0106 ZA ODABIR VELI\u010cINE<\/summary>\n<div class=\"cg-accordion-item\">\n<p>Model nosi veli\u010dinu S<\/p>\n<p><strong>Veli\u010dine su normalne, pa vam savjetujemo da naru\u010dite veli\u010dinu koju ina\u010de nosite. <\/strong><\/p>\n<p><strong>Ako je broj va\u0161eg odjevnog predmeta izme\u0111u veli\u010dina, preporu\u010dujemo pove\u0107anje veli\u010dine.<\/strong><\/p>\n<\/div>\n<\/details>","protected":false},"featured_media":28490,"comment_status":"open","ping_status":"closed","template":"","meta":[],"product_brand":[],"product_cat":[134,142,135],"product_tag":[406],"woo-feed-brand":[],"class_list":{"0":"post-28470","1":"product","2":"type-product","3":"status-publish","4":"has-post-thumbnail","6":"product_cat-zenske","7":"product_cat-bunde-in-plasci","8":"product_cat-zenska-oblacila","9":"product_tag-c-m-p-55","10":"pa_color-bronasta","11":"pa_color-crna","12":"pa_color-siva","13":"pa_velikosti-large","14":"pa_velikosti-medium","15":"pa_velikosti-small","16":"pa_velikosti-ekstra-large","17":"pa_velikosti-extra-extra-large","19":"first","20":"instock","21":"shipping-taxable","22":"purchasable","23":"product-type-variable"},"_links":{"self":[{"href":"https:\/\/www.superfashion.si\/hr\/wp-json\/wp\/v2\/product\/28470","targetHints":{"allow":["GET"]}}],"collection":[{"href":"https:\/\/www.superfashion.si\/hr\/wp-json\/wp\/v2\/product"}],"about":[{"href":"https:\/\/www.superfashion.si\/hr\/wp-json\/wp\/v2\/types\/product"}],"replies":[{"embeddable":true,"href":"https:\/\/www.superfashion.si\/hr\/wp-json\/wp\/v2\/comments?post=28470"}],"version-history":[{"count":1,"href":"https:\/\/www.superfashion.si\/hr\/wp-json\/wp\/v2\/product\/28470\/revisions"}],"predecessor-version":[{"id":53853,"href":"https:\/\/www.superfashion.si\/hr\/wp-json\/wp\/v2\/product\/28470\/revisions\/53853"}],"wp:featuredmedia":[{"embeddable":true,"href":"https:\/\/www.superfashion.si\/hr\/wp-json\/wp\/v2\/media\/28490"}],"wp:attachment":[{"href":"https:\/\/www.superfashion.si\/hr\/wp-json\/wp\/v2\/media?parent=28470"}],"wp:term":[{"taxonomy":"product_brand","embeddable":true,"href":"https:\/\/www.superfashion.si\/hr\/wp-json\/wp\/v2\/product_brand?post=28470"},{"taxonomy":"product_cat","embeddable":true,"href":"https:\/\/www.superfashion.si\/hr\/wp-json\/wp\/v2\/product_cat?post=28470"},{"taxonomy":"product_tag","embeddable":true,"href":"https:\/\/www.superfashion.si\/hr\/wp-json\/wp\/v2\/product_tag?post=28470"},{"taxonomy":"woo-feed-brand","embeddable":true,"href":"https:\/\/www.superfashion.si\/hr\/wp-json\/wp\/v2\/woo-feed-brand?post=28470"}],"curies":[{"name":"radni list","href":"https:\/\/api.w.org\/{rel}","templated":true}]}}