{"id":28540,"date":"2022-10-14T14:52:26","date_gmt":"2022-10-14T12:52:26","guid":{"rendered":"https:\/\/www.superfashion.si\/?post_type=product&#038;p=28540"},"modified":"2026-03-17T15:50:53","modified_gmt":"2026-03-17T14:50:53","slug":"duga-prosivena-jakna-ob228018","status":"publish","type":"product","link":"https:\/\/www.superfashion.si\/hr\/product\/dolga-presita-jakna-ob228018\/","title":{"rendered":"Duga pro\u0161ivena jakna OB228018"},"content":{"rendered":"","protected":false},"excerpt":{"rendered":"<details >\n<summary>O PROIZVODU<\/summary>\n<div class=\"cg-accordion-item\">\n<p><strong>Duga pro\u0161ivena jakna OB228018<\/strong><\/p>\n<ul>\n<li>\u017denska duga zimska jakna<\/li>\n<li>Marka: B.Style<\/li>\n<li>Boje: crna, \u0161ampanjac<\/li>\n<li>Zatvaranje patentnim zatvara\u010dem<\/li>\n<li>2 vanjska bo\u010dna d\u017eepa s patentnim zatvara\u010dem<\/li>\n<li>Kapulja\u010da se ne skida<\/li>\n<li>Sezona: jesen\/zima<\/li>\n<li>Materijal: 100% poliester<\/li>\n<li>Pranje u perilici rublja na 30 stupnjeva<\/li>\n<\/ul>\n<\/div>\n<\/details>\n<details >\n<summary>POMO\u0106 ZA ODABIR VELI\u010cINE<\/summary>\n<div class=\"cg-accordion-item\">\n<p>Model nosi veli\u010dinu S<\/p>\n<p><strong>Veli\u010dine su normalne, pa vam savjetujemo da naru\u010dite veli\u010dinu koju ina\u010de nosite.<\/strong><\/p>\n<\/div>\n<\/details>","protected":false},"featured_media":28557,"comment_status":"open","ping_status":"closed","template":"","meta":[],"product_brand":[],"product_cat":[134,142,135],"product_tag":[407],"woo-feed-brand":[],"class_list":{"0":"post-28540","1":"product","2":"type-product","3":"status-publish","4":"has-post-thumbnail","6":"product_cat-zenske","7":"product_cat-bunde-in-plasci","8":"product_cat-zenska-oblacila","9":"product_tag-b-style","10":"pa_color-crna","11":"pa_color-sampanjec","12":"pa_velikosti-large","13":"pa_velikosti-medium","14":"pa_velikosti-small","15":"pa_velikosti-ekstra-large","16":"pa_velikosti-extra-extra-large","18":"first","19":"instock","20":"shipping-taxable","21":"purchasable","22":"product-type-variable"},"_links":{"self":[{"href":"https:\/\/www.superfashion.si\/hr\/wp-json\/wp\/v2\/product\/28540","targetHints":{"allow":["GET"]}}],"collection":[{"href":"https:\/\/www.superfashion.si\/hr\/wp-json\/wp\/v2\/product"}],"about":[{"href":"https:\/\/www.superfashion.si\/hr\/wp-json\/wp\/v2\/types\/product"}],"replies":[{"embeddable":true,"href":"https:\/\/www.superfashion.si\/hr\/wp-json\/wp\/v2\/comments?post=28540"}],"version-history":[{"count":1,"href":"https:\/\/www.superfashion.si\/hr\/wp-json\/wp\/v2\/product\/28540\/revisions"}],"predecessor-version":[{"id":53850,"href":"https:\/\/www.superfashion.si\/hr\/wp-json\/wp\/v2\/product\/28540\/revisions\/53850"}],"wp:featuredmedia":[{"embeddable":true,"href":"https:\/\/www.superfashion.si\/hr\/wp-json\/wp\/v2\/media\/28557"}],"wp:attachment":[{"href":"https:\/\/www.superfashion.si\/hr\/wp-json\/wp\/v2\/media?parent=28540"}],"wp:term":[{"taxonomy":"product_brand","embeddable":true,"href":"https:\/\/www.superfashion.si\/hr\/wp-json\/wp\/v2\/product_brand?post=28540"},{"taxonomy":"product_cat","embeddable":true,"href":"https:\/\/www.superfashion.si\/hr\/wp-json\/wp\/v2\/product_cat?post=28540"},{"taxonomy":"product_tag","embeddable":true,"href":"https:\/\/www.superfashion.si\/hr\/wp-json\/wp\/v2\/product_tag?post=28540"},{"taxonomy":"woo-feed-brand","embeddable":true,"href":"https:\/\/www.superfashion.si\/hr\/wp-json\/wp\/v2\/woo-feed-brand?post=28540"}],"curies":[{"name":"radni list","href":"https:\/\/api.w.org\/{rel}","templated":true}]}}