{"id":30130,"date":"2023-01-26T15:14:21","date_gmt":"2023-01-26T14:14:21","guid":{"rendered":"https:\/\/www.superfashion.si\/?post_type=product&#038;p=30130"},"modified":"2026-05-11T16:55:31","modified_gmt":"2026-05-11T15:55:31","slug":"traper-jakna-nina-carter-j212","status":"publish","type":"product","link":"https:\/\/www.superfashion.si\/hr\/product\/jeans-jakna-nina-carter-j212\/","title":{"rendered":"Traper jakna Nina Carter J212"},"content":{"rendered":"","protected":false},"excerpt":{"rendered":"<details >\n<summary>O PROIZVODU<\/summary>\n<div class=\"cg-accordion-item\">\n<p><strong>\u017denska traper jakna<\/strong> <strong>Nina Carter J212 \u2013 rastezanje<\/strong><\/p>\n<ul>\n<li>Marka: Nina Carter<\/li>\n<li>Boje: roza, koralj, fuksija<\/li>\n<li>Vrlo elasti\u010dna i mekana<\/li>\n<li>Duljina jakne kod veli\u010dine M je 52 cm<\/li>\n<li>Materijal: 97 % pamuka, 3 % elastana<\/li>\n<li>Pranje u perilici rublja na 30 stupnjeva<\/li>\n<\/ul>\n<\/div>\n<\/details>\n<details >\n<summary>POMO\u0106 ZA ODABIR VELI\u010cINE<\/summary>\n<div class=\"cg-accordion-item\">\n<p><strong>Veli\u010dine su normalne, pa vam savjetujemo da naru\u010dite veli\u010dinu koju ina\u010de nosite.<\/strong><\/p>\n<\/div>\n<\/details>","protected":false},"featured_media":43366,"comment_status":"open","ping_status":"closed","template":"","meta":[],"product_brand":[429],"product_cat":[134,143,135],"product_tag":[331],"woo-feed-brand":[],"class_list":{"0":"post-30130","1":"product","2":"type-product","3":"status-publish","4":"has-post-thumbnail","6":"product_brand-nina-carter","7":"product_cat-zenske","8":"product_cat-jakne-in-brezrokavniki","9":"product_cat-zenska-oblacila","10":"product_tag-nina-carter","11":"pa_color-fuksija","12":"pa_color-koral","13":"pa_color-roza","14":"pa_velikosti-large","15":"pa_velikosti-medium","16":"pa_velikosti-small","17":"pa_velikosti-ekstra-large","19":"first","20":"instock","21":"featured","22":"shipping-taxable","23":"purchasable","24":"product-type-variable"},"_links":{"self":[{"href":"https:\/\/www.superfashion.si\/hr\/wp-json\/wp\/v2\/product\/30130","targetHints":{"allow":["GET"]}}],"collection":[{"href":"https:\/\/www.superfashion.si\/hr\/wp-json\/wp\/v2\/product"}],"about":[{"href":"https:\/\/www.superfashion.si\/hr\/wp-json\/wp\/v2\/types\/product"}],"replies":[{"embeddable":true,"href":"https:\/\/www.superfashion.si\/hr\/wp-json\/wp\/v2\/comments?post=30130"}],"version-history":[{"count":0,"href":"https:\/\/www.superfashion.si\/hr\/wp-json\/wp\/v2\/product\/30130\/revisions"}],"wp:featuredmedia":[{"embeddable":true,"href":"https:\/\/www.superfashion.si\/hr\/wp-json\/wp\/v2\/media\/43366"}],"wp:attachment":[{"href":"https:\/\/www.superfashion.si\/hr\/wp-json\/wp\/v2\/media?parent=30130"}],"wp:term":[{"taxonomy":"product_brand","embeddable":true,"href":"https:\/\/www.superfashion.si\/hr\/wp-json\/wp\/v2\/product_brand?post=30130"},{"taxonomy":"product_cat","embeddable":true,"href":"https:\/\/www.superfashion.si\/hr\/wp-json\/wp\/v2\/product_cat?post=30130"},{"taxonomy":"product_tag","embeddable":true,"href":"https:\/\/www.superfashion.si\/hr\/wp-json\/wp\/v2\/product_tag?post=30130"},{"taxonomy":"woo-feed-brand","embeddable":true,"href":"https:\/\/www.superfashion.si\/hr\/wp-json\/wp\/v2\/woo-feed-brand?post=30130"}],"curies":[{"name":"radni list","href":"https:\/\/api.w.org\/{rel}","templated":true}]}}