{"id":30524,"date":"2023-02-16T15:45:56","date_gmt":"2023-02-16T14:45:56","guid":{"rendered":"https:\/\/www.superfashion.si\/?post_type=product&#038;p=30524"},"modified":"2025-10-27T19:32:31","modified_gmt":"2025-10-27T18:32:31","slug":"tenisice-zenske-ta-203","status":"publish","type":"product","link":"https:\/\/www.superfashion.si\/hr\/product\/zenski-sportni-copati-ta-203\/","title":{"rendered":"Tenisice \u017eenske TA-203"},"content":{"rendered":"","protected":false},"excerpt":{"rendered":"<details >\n<summary>O PROIZVODU<\/summary>\n<div class=\"cg-accordion-item\">\n<p><strong>Tenisice \u017eenske\u00a0 <\/strong>TA-203<\/p>\n<ul>\n<li>Boje: plava, roza<\/li>\n<\/ul>\n<p>Materijal:<\/p>\n<ul>\n<li>Gornji dio: tekstil<\/li>\n<li>Obloga i ulo\u017eak: tekstil<\/li>\n<li>Potplat: drugi materijali<\/li>\n<\/ul>\n<\/div>\n<\/details>\n<details >\n<summary>POMO\u0106 ZA ODABIR VELI\u010cINE<\/summary>\n<div class=\"cg-accordion-item\">\n<p><strong>Veli\u010dine su malo ve\u0107e. Ako ste izme\u0111u veli\u010dina, preporu\u010dujemo manju veli\u010dinu.<\/strong><\/p>\n<\/div>\n<\/details>","protected":false},"featured_media":30538,"comment_status":"open","ping_status":"closed","template":"","meta":[],"product_brand":[],"product_cat":[134,172,173],"product_tag":[382],"woo-feed-brand":[],"class_list":{"0":"post-30524","1":"product","2":"type-product","3":"status-publish","4":"has-post-thumbnail","6":"product_cat-zenske","7":"product_cat-obutev","8":"product_cat-sportni-copati","9":"product_tag-mulanka","10":"pa_color-modra","11":"pa_color-roza","12":"pa_velikosti-292","13":"pa_velikosti-293","14":"pa_velikosti-294","15":"pa_velikosti-295","16":"pa_velikosti-297","17":"pa_velikosti-298","19":"first","20":"instock","21":"shipping-taxable","22":"purchasable","23":"product-type-variable"},"_links":{"self":[{"href":"https:\/\/www.superfashion.si\/hr\/wp-json\/wp\/v2\/product\/30524","targetHints":{"allow":["GET"]}}],"collection":[{"href":"https:\/\/www.superfashion.si\/hr\/wp-json\/wp\/v2\/product"}],"about":[{"href":"https:\/\/www.superfashion.si\/hr\/wp-json\/wp\/v2\/types\/product"}],"replies":[{"embeddable":true,"href":"https:\/\/www.superfashion.si\/hr\/wp-json\/wp\/v2\/comments?post=30524"}],"version-history":[{"count":0,"href":"https:\/\/www.superfashion.si\/hr\/wp-json\/wp\/v2\/product\/30524\/revisions"}],"wp:featuredmedia":[{"embeddable":true,"href":"https:\/\/www.superfashion.si\/hr\/wp-json\/wp\/v2\/media\/30538"}],"wp:attachment":[{"href":"https:\/\/www.superfashion.si\/hr\/wp-json\/wp\/v2\/media?parent=30524"}],"wp:term":[{"taxonomy":"product_brand","embeddable":true,"href":"https:\/\/www.superfashion.si\/hr\/wp-json\/wp\/v2\/product_brand?post=30524"},{"taxonomy":"product_cat","embeddable":true,"href":"https:\/\/www.superfashion.si\/hr\/wp-json\/wp\/v2\/product_cat?post=30524"},{"taxonomy":"product_tag","embeddable":true,"href":"https:\/\/www.superfashion.si\/hr\/wp-json\/wp\/v2\/product_tag?post=30524"},{"taxonomy":"woo-feed-brand","embeddable":true,"href":"https:\/\/www.superfashion.si\/hr\/wp-json\/wp\/v2\/woo-feed-brand?post=30524"}],"curies":[{"name":"radni list","href":"https:\/\/api.w.org\/{rel}","templated":true}]}}