{"id":30560,"date":"2023-02-16T16:31:28","date_gmt":"2023-02-16T15:31:28","guid":{"rendered":"https:\/\/www.superfashion.si\/?post_type=product&#038;p=30560"},"modified":"2026-04-09T10:09:44","modified_gmt":"2026-04-09T09:09:44","slug":"modne-zenske-tenisice-ta-209","status":"publish","type":"product","link":"https:\/\/www.superfashion.si\/hr\/product\/modne-zenske-superge-ta-209\/","title":{"rendered":"Modne \u017eenske tenisice TA-209"},"content":{"rendered":"","protected":false},"excerpt":{"rendered":"<details >\n<summary>O izdelku<\/summary>\n<div class=\"cg-accordion-item\">\n<p><strong>Modne \u017eenske superge <\/strong>TA-209<\/p>\n<ul>\n<li>Barve: lila, modra, cyan, zelena<\/li>\n<\/ul>\n<p>Material izdelave:<\/p>\n<ul>\n<li>Zgornji del: tekstil<\/li>\n<li>Podloga in vlo\u017eek: tekstil<\/li>\n<li>Podplat: drugi materiali<\/li>\n<\/ul>\n<\/div>\n<\/details>\n<details >\n<summary>Pomo\u010d pri izbiri velikosti<\/summary>\n<div class=\"cg-accordion-item\">\n<p><strong>Velikosti so ve\u010dje. Priporo\u010damo, da naro\u010dite za eno velikost manj\u0161o \u0161tevilko.<\/strong><\/p>\n[sizecharts id=13416]\n<\/div>\n<\/details>\n","protected":false},"featured_media":30588,"comment_status":"open","ping_status":"closed","template":"","meta":[],"product_brand":[],"product_cat":[134,172,173],"product_tag":[382],"woo-feed-brand":[],"class_list":{"0":"post-30560","1":"product","2":"type-product","3":"status-publish","4":"has-post-thumbnail","6":"product_cat-zenske","7":"product_cat-obutev","8":"product_cat-sportni-copati","9":"product_tag-mulanka","10":"pa_color-cyan","11":"pa_color-lila","12":"pa_color-modra","13":"pa_color-zelena","14":"pa_velikosti-292","15":"pa_velikosti-293","16":"pa_velikosti-294","17":"pa_velikosti-295","18":"pa_velikosti-297","19":"pa_velikosti-298","21":"first","22":"instock","23":"shipping-taxable","24":"purchasable","25":"product-type-variable"},"_links":{"self":[{"href":"https:\/\/www.superfashion.si\/hr\/wp-json\/wp\/v2\/product\/30560","targetHints":{"allow":["GET"]}}],"collection":[{"href":"https:\/\/www.superfashion.si\/hr\/wp-json\/wp\/v2\/product"}],"about":[{"href":"https:\/\/www.superfashion.si\/hr\/wp-json\/wp\/v2\/types\/product"}],"replies":[{"embeddable":true,"href":"https:\/\/www.superfashion.si\/hr\/wp-json\/wp\/v2\/comments?post=30560"}],"version-history":[{"count":2,"href":"https:\/\/www.superfashion.si\/hr\/wp-json\/wp\/v2\/product\/30560\/revisions"}],"predecessor-version":[{"id":54102,"href":"https:\/\/www.superfashion.si\/hr\/wp-json\/wp\/v2\/product\/30560\/revisions\/54102"}],"wp:featuredmedia":[{"embeddable":true,"href":"https:\/\/www.superfashion.si\/hr\/wp-json\/wp\/v2\/media\/30588"}],"wp:attachment":[{"href":"https:\/\/www.superfashion.si\/hr\/wp-json\/wp\/v2\/media?parent=30560"}],"wp:term":[{"taxonomy":"product_brand","embeddable":true,"href":"https:\/\/www.superfashion.si\/hr\/wp-json\/wp\/v2\/product_brand?post=30560"},{"taxonomy":"product_cat","embeddable":true,"href":"https:\/\/www.superfashion.si\/hr\/wp-json\/wp\/v2\/product_cat?post=30560"},{"taxonomy":"product_tag","embeddable":true,"href":"https:\/\/www.superfashion.si\/hr\/wp-json\/wp\/v2\/product_tag?post=30560"},{"taxonomy":"woo-feed-brand","embeddable":true,"href":"https:\/\/www.superfashion.si\/hr\/wp-json\/wp\/v2\/woo-feed-brand?post=30560"}],"curies":[{"name":"radni list","href":"https:\/\/api.w.org\/{rel}","templated":true}]}}