{"id":30591,"date":"2023-02-16T16:55:26","date_gmt":"2023-02-16T15:55:26","guid":{"rendered":"https:\/\/www.superfashion.si\/?post_type=product&#038;p=30591"},"modified":"2026-04-13T08:53:40","modified_gmt":"2026-04-13T07:53:40","slug":"zenske-modne-tenisice-ta-210","status":"publish","type":"product","link":"https:\/\/www.superfashion.si\/hr\/product\/zenske-modne-superge-ta-210\/","title":{"rendered":"\u017denske modne tenisice TA-210"},"content":{"rendered":"","protected":false},"excerpt":{"rendered":"<details >\n<summary>O PROIZVODU<\/summary>\n<div class=\"cg-accordion-item\">\n<p><strong>\u017denske modne tenisice <\/strong>TA-210<\/p>\n<ul>\n<li>Boje: lila, svijetlo zelena, cijan, zelena<\/li>\n<\/ul>\n<p>Materijal:<\/p>\n<ul>\n<li>Gornji dio: tekstil<\/li>\n<li>Obloga i ulo\u017eak: tekstil<\/li>\n<li>Potplat: drugi materijali<\/li>\n<\/ul>\n<\/div>\n<\/details>\n<details >\n<summary>POMO\u0106 ZA ODABIR VELI\u010cINE<\/summary>\n<div class=\"cg-accordion-item\">\n<p><strong>Veli\u010dine su ve\u0107e. Preporu\u010damo naru\u010diti jednu veli\u010dinu manje.<\/strong><\/p>\n<\/div>\n<\/details>","protected":false},"featured_media":30616,"comment_status":"open","ping_status":"closed","template":"","meta":[],"product_brand":[],"product_cat":[134,172,173],"product_tag":[382],"woo-feed-brand":[],"class_list":{"0":"post-30591","1":"product","2":"type-product","3":"status-publish","4":"has-post-thumbnail","6":"product_cat-zenske","7":"product_cat-obutev","8":"product_cat-sportni-copati","9":"product_tag-mulanka","10":"pa_color-cyan","11":"pa_color-lila","12":"pa_color-svetlo-zelena","13":"pa_color-zelena","14":"pa_velikosti-292","15":"pa_velikosti-293","16":"pa_velikosti-294","17":"pa_velikosti-295","18":"pa_velikosti-297","19":"pa_velikosti-298","21":"first","22":"instock","23":"shipping-taxable","24":"purchasable","25":"product-type-variable"},"_links":{"self":[{"href":"https:\/\/www.superfashion.si\/hr\/wp-json\/wp\/v2\/product\/30591","targetHints":{"allow":["GET"]}}],"collection":[{"href":"https:\/\/www.superfashion.si\/hr\/wp-json\/wp\/v2\/product"}],"about":[{"href":"https:\/\/www.superfashion.si\/hr\/wp-json\/wp\/v2\/types\/product"}],"replies":[{"embeddable":true,"href":"https:\/\/www.superfashion.si\/hr\/wp-json\/wp\/v2\/comments?post=30591"}],"version-history":[{"count":0,"href":"https:\/\/www.superfashion.si\/hr\/wp-json\/wp\/v2\/product\/30591\/revisions"}],"wp:featuredmedia":[{"embeddable":true,"href":"https:\/\/www.superfashion.si\/hr\/wp-json\/wp\/v2\/media\/30616"}],"wp:attachment":[{"href":"https:\/\/www.superfashion.si\/hr\/wp-json\/wp\/v2\/media?parent=30591"}],"wp:term":[{"taxonomy":"product_brand","embeddable":true,"href":"https:\/\/www.superfashion.si\/hr\/wp-json\/wp\/v2\/product_brand?post=30591"},{"taxonomy":"product_cat","embeddable":true,"href":"https:\/\/www.superfashion.si\/hr\/wp-json\/wp\/v2\/product_cat?post=30591"},{"taxonomy":"product_tag","embeddable":true,"href":"https:\/\/www.superfashion.si\/hr\/wp-json\/wp\/v2\/product_tag?post=30591"},{"taxonomy":"woo-feed-brand","embeddable":true,"href":"https:\/\/www.superfashion.si\/hr\/wp-json\/wp\/v2\/woo-feed-brand?post=30591"}],"curies":[{"name":"radni list","href":"https:\/\/api.w.org\/{rel}","templated":true}]}}