{"id":30795,"date":"2023-03-06T17:13:38","date_gmt":"2023-03-06T16:13:38","guid":{"rendered":"https:\/\/www.superfashion.si\/?post_type=product&#038;p=30795"},"modified":"2026-04-21T12:52:34","modified_gmt":"2026-04-21T11:52:34","slug":"dugi-blejzer-copperose-10335","status":"publish","type":"product","link":"https:\/\/www.superfashion.si\/hr\/product\/zenski-suknjic-copperose-10335\/","title":{"rendered":"Dugi blejzer Copperose 10335"},"content":{"rendered":"","protected":false},"excerpt":{"rendered":"<details >\n<summary>O PROIZVODU<\/summary>\n<div class=\"cg-accordion-item\">\n<p><strong>Dugi blejzer Copperose 10335<\/strong><\/p>\n<ul>\n<li>Marka: Copperose<\/li>\n<li>Sezona: prolje\u0107e - ljeto<\/li>\n<li>Boja: crna<\/li>\n<li>Podstavljena ramena<\/li>\n<li>Ukrasni d\u017eepovi<\/li>\n<li>Kop\u010danje gumbima<\/li>\n<li>Pojas uklju\u010den<\/li>\n<li>Materijal: 96% poliester, 4% elastan<\/li>\n<li>Pranje u perilici rublja na 30 stupnjeva<\/li>\n<li>Duljina: 85 cm (+\/- 2 cm)<\/li>\n<\/ul>\n<\/div>\n<\/details>\n<details >\n<summary>POMO\u0106 ZA ODABIR VELI\u010cINE<\/summary>\n<div class=\"cg-accordion-item\">\n<p><strong>Veli\u010dine su normalne, pa vam savjetujemo da naru\u010dite veli\u010dinu koju ina\u010de nosite.<\/strong><\/p>\n<\/div>\n<\/details>","protected":false},"featured_media":30802,"comment_status":"open","ping_status":"closed","template":"","meta":[],"product_brand":[],"product_cat":[134,143,399,135],"product_tag":[368],"woo-feed-brand":[],"class_list":{"0":"post-30795","1":"product","2":"type-product","3":"status-publish","4":"has-post-thumbnail","6":"product_cat-zenske","7":"product_cat-jakne-in-brezrokavniki","8":"product_cat-razprodaja","9":"product_cat-zenska-oblacila","10":"product_tag-copperose","11":"pa_color-crna","12":"pa_velikosti-large","13":"pa_velikosti-medium","14":"pa_velikosti-small","16":"first","17":"instock","18":"sale","19":"shipping-taxable","20":"purchasable","21":"product-type-variable"},"_links":{"self":[{"href":"https:\/\/www.superfashion.si\/hr\/wp-json\/wp\/v2\/product\/30795","targetHints":{"allow":["GET"]}}],"collection":[{"href":"https:\/\/www.superfashion.si\/hr\/wp-json\/wp\/v2\/product"}],"about":[{"href":"https:\/\/www.superfashion.si\/hr\/wp-json\/wp\/v2\/types\/product"}],"replies":[{"embeddable":true,"href":"https:\/\/www.superfashion.si\/hr\/wp-json\/wp\/v2\/comments?post=30795"}],"version-history":[{"count":0,"href":"https:\/\/www.superfashion.si\/hr\/wp-json\/wp\/v2\/product\/30795\/revisions"}],"wp:featuredmedia":[{"embeddable":true,"href":"https:\/\/www.superfashion.si\/hr\/wp-json\/wp\/v2\/media\/30802"}],"wp:attachment":[{"href":"https:\/\/www.superfashion.si\/hr\/wp-json\/wp\/v2\/media?parent=30795"}],"wp:term":[{"taxonomy":"product_brand","embeddable":true,"href":"https:\/\/www.superfashion.si\/hr\/wp-json\/wp\/v2\/product_brand?post=30795"},{"taxonomy":"product_cat","embeddable":true,"href":"https:\/\/www.superfashion.si\/hr\/wp-json\/wp\/v2\/product_cat?post=30795"},{"taxonomy":"product_tag","embeddable":true,"href":"https:\/\/www.superfashion.si\/hr\/wp-json\/wp\/v2\/product_tag?post=30795"},{"taxonomy":"woo-feed-brand","embeddable":true,"href":"https:\/\/www.superfashion.si\/hr\/wp-json\/wp\/v2\/woo-feed-brand?post=30795"}],"curies":[{"name":"radni list","href":"https:\/\/api.w.org\/{rel}","templated":true}]}}