{"id":30807,"date":"2023-03-06T19:28:39","date_gmt":"2023-03-06T18:28:39","guid":{"rendered":"https:\/\/www.superfashion.si\/?post_type=product&#038;p=30807"},"modified":"2026-04-20T10:30:51","modified_gmt":"2026-04-20T09:30:51","slug":"zenski-blazer-copperose-1122","status":"publish","type":"product","link":"https:\/\/www.superfashion.si\/hr\/product\/zenski-suknjic-copperose-1122\/","title":{"rendered":"\u017denski blazer Copperose 1122"},"content":{"rendered":"","protected":false},"excerpt":{"rendered":"<details >\n<summary>O PROIZVODU<\/summary>\n<div class=\"cg-accordion-item\">\n<p><strong>\u017denski blazer Copperose 1122<\/strong><\/p>\n<ul>\n<li>Marka: Copperose<\/li>\n<li>Boje: tirkizna, svijetlo zelena<\/li>\n<li>Podstavljena ramena<\/li>\n<li>Ukrasni d\u017eepovi<\/li>\n<li>Materijal: 97% poliester, 3% elastan<\/li>\n<li>Pranje u perilici rublja na 30 stupnjeva<\/li>\n<li>Duljina: 75 cm (+\/- 2 cm)<\/li>\n<\/ul>\n<\/div>\n<\/details>\n<details >\n<summary>POMO\u0106 ZA ODABIR VELI\u010cINE<\/summary>\n<div class=\"cg-accordion-item\">\n<p><strong>Veli\u010dine su normalne, pa vam savjetujemo da naru\u010dite veli\u010dinu koju ina\u010de nosite.<\/strong><\/p>\n<\/div>\n<\/details>","protected":false},"featured_media":30838,"comment_status":"open","ping_status":"closed","template":"","meta":[],"product_brand":[],"product_cat":[134,153,399,135],"product_tag":[368],"woo-feed-brand":[],"class_list":{"0":"post-30807","1":"product","2":"type-product","3":"status-publish","4":"has-post-thumbnail","6":"product_cat-zenske","7":"product_cat-blazerji","8":"product_cat-razprodaja","9":"product_cat-zenska-oblacila","10":"product_tag-copperose","11":"pa_color-svetlo-zelena","12":"pa_color-turkiz","13":"pa_velikosti-large","14":"pa_velikosti-medium","15":"pa_velikosti-small","17":"first","18":"instock","19":"sale","20":"shipping-taxable","21":"purchasable","22":"product-type-variable"},"_links":{"self":[{"href":"https:\/\/www.superfashion.si\/hr\/wp-json\/wp\/v2\/product\/30807","targetHints":{"allow":["GET"]}}],"collection":[{"href":"https:\/\/www.superfashion.si\/hr\/wp-json\/wp\/v2\/product"}],"about":[{"href":"https:\/\/www.superfashion.si\/hr\/wp-json\/wp\/v2\/types\/product"}],"replies":[{"embeddable":true,"href":"https:\/\/www.superfashion.si\/hr\/wp-json\/wp\/v2\/comments?post=30807"}],"version-history":[{"count":0,"href":"https:\/\/www.superfashion.si\/hr\/wp-json\/wp\/v2\/product\/30807\/revisions"}],"wp:featuredmedia":[{"embeddable":true,"href":"https:\/\/www.superfashion.si\/hr\/wp-json\/wp\/v2\/media\/30838"}],"wp:attachment":[{"href":"https:\/\/www.superfashion.si\/hr\/wp-json\/wp\/v2\/media?parent=30807"}],"wp:term":[{"taxonomy":"product_brand","embeddable":true,"href":"https:\/\/www.superfashion.si\/hr\/wp-json\/wp\/v2\/product_brand?post=30807"},{"taxonomy":"product_cat","embeddable":true,"href":"https:\/\/www.superfashion.si\/hr\/wp-json\/wp\/v2\/product_cat?post=30807"},{"taxonomy":"product_tag","embeddable":true,"href":"https:\/\/www.superfashion.si\/hr\/wp-json\/wp\/v2\/product_tag?post=30807"},{"taxonomy":"woo-feed-brand","embeddable":true,"href":"https:\/\/www.superfashion.si\/hr\/wp-json\/wp\/v2\/woo-feed-brand?post=30807"}],"curies":[{"name":"radni list","href":"https:\/\/api.w.org\/{rel}","templated":true}]}}